{"id":1480,"date":"2016-07-22T10:23:32","date_gmt":"2016-07-22T10:23:32","guid":{"rendered":"http:\/\/finance.bold-themes.com\/main-demo\/?page_id=1480"},"modified":"2024-07-04T16:47:44","modified_gmt":"2024-07-04T15:47:44","slug":"faq","status":"publish","type":"page","link":"http:\/\/finbekgoldenvisa.com\/pt\/perguntas-frequentes\/","title":{"rendered":"Perguntas"},"content":{"rendered":"<p><section id=\"bt_section69deea4b08466\"  class=\"boldSection topSpaced bottomSemiSpaced btLightSkin gutter inherit\" ><div class=\"port\"><div class=\"boldCell\"><div class=\"boldCellInner\"><div class=\"boldRow\" ><div class=\"boldRowInner\"><div class=\"rowItem col-md-8 col-ms-12 btTextLeft animate animate-fadein inherit\"  data-width=\"8\"><div class=\"rowItemContent\" ><header class=\"header btClear extralarge\" ><div class=\"btSuperTitle\"><span>OBTER RESPOSTAS PARA<\/span><\/div><div class=\"dash\"><h1><span class=\"headline\">Perguntas frequentes <b class=\"animate\">perguntas<\/b><\/span><\/h1><\/div><div class=\"btSubTitle\">Aqui est\u00e3o algumas das perguntas mais frequentes sobre o Programa Golden Visa. Para obter mais informa\u00e7\u00f5es, oferecemos a voc\u00ea nossa consulta gratuita. <\/div><\/header><div class=\"btClear btSeparator topSmallSpaced border\" ><hr><\/div><div class=\"btTabs tabsVertical\"><ul class=\"tabsHeader\"><li><span>Quem pode obter um Golden Visa em Portugal?<\/span><\/li><li><span>Como fa\u00e7o para estender minha resid\u00eancia e qual \u00e9 o custo para participar do programa?<\/span><\/li><li><span>H\u00e1 algum requisito para solicitar um visto Gold?<\/span><\/li><li><span>Como voc\u00ea se mant\u00e9m seguro durante o processo?<\/span><\/li><li><span>Quem posso colocar no formul\u00e1rio?<\/span><\/li><li><span>Posso solicitar a cidadania portuguesa?<\/span><\/li><li><span>Como posso obter mais informa\u00e7\u00f5es sobre o programa?<\/span><\/li><li><span>Quanto custa o programa?<\/span><\/li><li><span>Preciso morar no im\u00f3vel que comprei?<\/span><\/li><li><span>Poderei me deslocar pela Uni\u00e3o Europeia?<\/span><\/li><li><span>Quanto tempo leva para um investidor recuperar os 500 mil investidos?<\/span><\/li><\/ul><div class=\"tabPanes accordionPanes\"><div class=\"tabPane\">\r\n\t\t\t<div class=\"tabAccordionTitle\"><span>Quem pode obter um Golden Visa em Portugal?<\/span><\/div>\r\n\t\t\t<div class=\"tabAccordionContent\"><div class=\"btText\" ><\/p>\n<p>Os investidores de pa\u00edses que n\u00e3o fazem parte da UE\/EFTA podem solicitar um Golden Visa.<\/p>\n<p>\n<\/div><\/div>\r\n\t\t<\/div><div class=\"tabPane\">\r\n\t\t\t<div class=\"tabAccordionTitle\"><span>Como fa\u00e7o para estender minha resid\u00eancia e qual \u00e9 o custo para participar do programa?<\/span><\/div>\r\n\t\t\t<div class=\"tabAccordionContent\"><div class=\"btText\" ><\/p>\n<p>A principal base para a extens\u00e3o da permiss\u00e3o de resid\u00eancia no \u00e2mbito do programa Golden Visa \u00e9 o direito de possuir im\u00f3veis.<\/p>\n<p><strong>As taxas estaduais por pessoa s\u00e3o:<\/strong><\/p>\n<ul>\n<li>1\u00aa renova\u00e7\u00e3o - ao final do 1\u00ba ano - 540 euros;<\/li>\n<li>2\u00aa renova\u00e7\u00e3o - ap\u00f3s o 3\u00ba ano - 540 euros.<\/li>\n<\/ul>\n<p>Para calcular o custo total estimado do programa, use\u00a0<a href=\"https:\/\/visagolden.uz\/cost-calculator\/\" target=\"_blank\" rel=\"noopener\">calculadora<\/a>\u00a0No site.<\/p>\n<p>\n<\/div><\/div>\r\n\t\t<\/div><div class=\"tabPane\">\r\n\t\t\t<div class=\"tabAccordionTitle\"><span>H\u00e1 algum requisito para solicitar um visto Gold?<\/span><\/div>\r\n\t\t\t<div class=\"tabAccordionContent\"><div class=\"btText\" ><\/p>\n<p>Requisitos gerais para candidatos, independentemente do valor investido:<\/p>\n<ul>\n<li>Posse da propriedade adquirida por um per\u00edodo de 5 anos;<\/li>\n<li>Transfer\u00eancia do valor total do investimento da conta no exterior para a conta em Portugal;<\/li>\n<li>Documento que comprove a entrada legal e a autoriza\u00e7\u00e3o de perman\u00eancia em Portugal;<\/li>\n<li>Aus\u00eancia de hist\u00f3rico de deporta\u00e7\u00e3o com as autoridades de imigra\u00e7\u00e3o;<\/li>\n<li>Sem registro criminal;<\/li>\n<li>Estadia de 7 dias em Portugal durante o primeiro ano;<\/li>\n<li>Resid\u00eancia no pa\u00eds por 14 dias em cada um dos per\u00edodos de 2 anos seguintes.<\/li>\n<\/ul>\n<p>\n<\/div><\/div>\r\n\t\t<\/div><div class=\"tabPane\">\r\n\t\t\t<div class=\"tabAccordionTitle\"><span>Como voc\u00ea se mant\u00e9m seguro durante o processo?<\/span><\/div>\r\n\t\t\t<div class=\"tabAccordionContent\"><div class=\"btText\" ><\/p>\n<p>Como a maioria dos investidores vem do exterior, fornecemos um relato detalhado de cada uma das etapas ao longo do caminho para fechar o neg\u00f3cio. A Finbek oferece aos nossos clientes a oportunidade de explorar o mercado imobili\u00e1rio em busca do investimento mais lucrativo. Nossos especialistas preparar\u00e3o informa\u00e7\u00f5es detalhadas sobre:<\/p>\n<ul>\n<li>todos os custos e taxas associados \u00e0 aquisi\u00e7\u00e3o do bem im\u00f3vel,<\/li>\n<li>compara\u00e7\u00e3o do mercado imobili\u00e1rio em diferentes regi\u00f5es,<\/li>\n<li>rendimentos de aluguel e custos de reparo,<\/li>\n<li>servi\u00e7os adicionais ap\u00f3s a conclus\u00e3o do contrato de venda,<\/li>\n<li>retorno sobre o investimento (ROI).<\/li>\n<\/ul>\n<p>Para clientes interessados em investir em v\u00e1rios projetos (propriedades comerciais, hot\u00e9is, etc.), forneceremos informa\u00e7\u00f5es detalhadas e o ajudaremos a tomar uma decis\u00e3o informada com base em seus objetivos e interesses.<\/p>\n<p>\n<\/div><\/div>\r\n\t\t<\/div><div class=\"tabPane\">\r\n\t\t\t<div class=\"tabAccordionTitle\"><span>Quem posso colocar no formul\u00e1rio?<\/span><\/div>\r\n\t\t\t<div class=\"tabAccordionContent\"><div class=\"btText\" ><\/p>\n<p>Todos os membros da fam\u00edlia s\u00e3o eleg\u00edveis para o programa, inclusive filhos de estudantes adultos.<\/p>\n<p>\n<\/div><\/div>\r\n\t\t<\/div><div class=\"tabPane\">\r\n\t\t\t<div class=\"tabAccordionTitle\"><span>Posso solicitar a cidadania portuguesa?<\/span><\/div>\r\n\t\t\t<div class=\"tabAccordionContent\"><div class=\"btText\" ><\/p>\n<p>Sim. Ap\u00f3s o quinto ano de resid\u00eancia em Portugal, o investidor pode solicitar uma autoriza\u00e7\u00e3o de resid\u00eancia permanente, bem como a cidadania para si e para os membros de sua fam\u00edlia.<\/p>\n<p>\n<\/div><\/div>\r\n\t\t<\/div><div class=\"tabPane\">\r\n\t\t\t<div class=\"tabAccordionTitle\"><span>Como posso obter mais informa\u00e7\u00f5es sobre o programa?<\/span><\/div>\r\n\t\t\t<div class=\"tabAccordionContent\"><div class=\"btText\" ><\/p>\n<p>Para que nossos clientes de diferentes pa\u00edses possam conhecer o programa de investimento bem antes de sua primeira visita a Portugal, oferecemos consultas particulares. Elas foram criadas para aqueles interessados em obter todas as informa\u00e7\u00f5es sobre o Golden Visa \"em primeira m\u00e3o\".<\/p>\n<p>Para obter orienta\u00e7\u00e3o particular e saber mais sobre todas as op\u00e7\u00f5es de investimento imobili\u00e1rio, <a href=\"https:\/\/visagolden.uz\/\" target=\"_blank\" rel=\"noopener\">marque uma consulta particular gratuita aqui.<\/a><\/p>\n<p>\n<\/div><\/div>\r\n\t\t<\/div><div class=\"tabPane\">\r\n\t\t\t<div class=\"tabAccordionTitle\"><span>Quanto custa o programa?<\/span><\/div>\r\n\t\t\t<div class=\"tabAccordionContent\"><div class=\"btText\" ><\/p>\n<p>O custo da participa\u00e7\u00e3o no programa depende do n\u00famero de pessoas da fam\u00edlia do investidor principal que se qualificam para uma autoriza\u00e7\u00e3o de resid\u00eancia. Para obter o custo exato, use <a href=\"https:\/\/visagolden.uz\/cost-calculator\/\" target=\"_blank\" rel=\"noopener\">calculadora<\/a> no site, que, entre outras coisas, descrever\u00e1 o conte\u00fado dos v\u00e1rios servi\u00e7os e taxas associados.<\/p>\n<p>\n<\/div><\/div>\r\n\t\t<\/div><div class=\"tabPane\">\r\n\t\t\t<div class=\"tabAccordionTitle\"><span>Preciso morar no im\u00f3vel que comprei?<\/span><\/div>\r\n\t\t\t<div class=\"tabAccordionContent\"><div class=\"btText\" ><\/p>\n<p>N\u00e3o. A propriedade pode ser alugada. Al\u00e9m disso, uma op\u00e7\u00e3o favor\u00e1vel \u00e9 investir em fundos m\u00fatuos, que oferecem investimento em unidades de complexos hoteleiros em reconstru\u00e7\u00e3o, com resgate garantido pelo pre\u00e7o de compra ap\u00f3s 5 anos e renda de juros de 3% para propriedades no valor de \u20ac350.000.<\/p>\n<p>\n<\/div><\/div>\r\n\t\t<\/div><div class=\"tabPane\">\r\n\t\t\t<div class=\"tabAccordionTitle\"><span>Poderei me deslocar pela Uni\u00e3o Europeia?<\/span><\/div>\r\n\t\t\t<div class=\"tabAccordionContent\"><div class=\"btText\" ><\/p>\n<p>O Golden Visa portugu\u00eas lhe d\u00e1 direito \u00e0 entrada sem visto nos pa\u00edses da Uni\u00e3o Europeia.<\/p>\n<p>\n<\/div><\/div>\r\n\t\t<\/div><div class=\"tabPane\">\r\n\t\t\t<div class=\"tabAccordionTitle\"><span>Quanto tempo leva para um investidor recuperar os 500 mil investidos?<\/span><\/div>\r\n\t\t\t<div class=\"tabAccordionContent\"><div class=\"btText\" ><\/p>\n<p>Um investimento de 500 mil \u00e9 devolvido pelo fundo de investimento em 5 a 10 anos, dependendo do fundo escolhido.<\/p>\n<p>\n<\/div><\/div>\r\n\t\t<\/div><\/div><\/div><div class=\"btClear btSeparator bottomSemiSpaced border\" ><hr><\/div><\/div><\/div><div class=\"rowItem col-md-4 col-ms-12 btTextLeft btHighlight inherit btDoublePadding btLightSkin\"  data-width=\"4\"><div class=\"rowItemContent\" style = \"background-color: rgba(255, 255, 255, 1); \"><div class=\"btClear btSeparator topSmallSpaced bottomSmallSpaced noBorder\" ><hr><\/div><header class=\"header btClear large\" ><div class=\"btSuperTitle\"><span>Transpar\u00eancia<\/span><\/div><div class=\"dash\"><h2><span class=\"headline\">Exemplo de custos<\/span><\/h2><\/div><div class=\"btSubTitle\">C\u00e1lculo do custo do programa Golden Visa para uma fam\u00edlia de 4 pessoas.<\/div><\/header><div class=\"btClear btSeparator bottomExtraSmallSpaced noBorder\" ><hr><\/div><div class=\"servicesItem  btIcoAccentColorIcon btIcoExtraSmallSizeIcon\"><div class=\"sIcon\"><span class=\"btIco btIcoExtraSmallSize btIcoDefaultType btIcoAccentColor\"><span  data-ico-s7=\"&#xe648;\" class=\"btIcoHolder\"><\/span><\/span><\/div><div class=\"sTxt\"><header class=\"header btClear small\" ><div class=\"btSuperTitle\"><span>Investimentos<\/span><\/div><div class=\"dash\"><\/div><div class=\"btSubTitle\">\u20ac500 000<\/div><\/header><\/div><\/div><div class=\"btClear btSeparator bottomExtraSmallSpaced noBorder\" ><hr><\/div><div class=\"servicesItem  btIcoAccentColorIcon btIcoExtraSmallSizeIcon\"><div class=\"sIcon\"><span class=\"btIco btIcoExtraSmallSize btIcoDefaultType btIcoAccentColor\"><span  data-ico-s7=\"&#xe68c;\" class=\"btIcoHolder\"><\/span><\/span><\/div><div class=\"sTxt\"><header class=\"header btClear small\" ><div class=\"btSuperTitle\"><span>Custos de investimento<\/span><\/div><div class=\"dash\"><\/div><div class=\"btSubTitle\">\u20ac1 968<\/div><\/header><\/div><\/div><div class=\"btClear btSeparator bottomExtraSmallSpaced noBorder\" ><hr><\/div><div class=\"servicesItem  btIcoAccentColorIcon btIcoExtraSmallSizeIcon\"><div class=\"sIcon\"><span class=\"btIco btIcoExtraSmallSize btIcoDefaultType btIcoAccentColor\"><span  data-ico-s7=\"&#xe6b4;\" class=\"btIcoHolder\"><\/span><\/span><\/div><div class=\"sTxt\"><header class=\"header btClear small\" ><div class=\"btSuperTitle\"><span>Custos de imigra\u00e7\u00e3o<\/span><\/div><div class=\"dash\"><\/div><div class=\"btSubTitle\">\u20ac49 000<\/div><\/header><\/div><\/div><div class=\"btClear btSeparator bottomExtraSmallSpaced noBorder\" ><hr><\/div><div class=\"servicesItem  btIcoAccentColorIcon btIcoExtraSmallSizeIcon\"><div class=\"sIcon\"><span class=\"btIco btIcoExtraSmallSize btIcoDefaultType btIcoAccentColor\"><span  data-ico-s7=\"&#xe62c;\" class=\"btIcoHolder\"><\/span><\/span><\/div><div class=\"sTxt\"><header class=\"header btClear small\" ><div class=\"btSuperTitle\"><span>Outras despesas<\/span><\/div><div class=\"dash\"><\/div><div class=\"btSubTitle\">(suporte jur\u00eddico)<br \/><br \/>\u20ac12 900<\/div><\/header><\/div><\/div><div class=\"btClear btSeparator bottomExtraSmallSpaced noBorder\" ><hr><\/div><div class=\"servicesItem  btIcoAccentColorIcon btIcoExtraSmallSizeIcon\"><div class=\"sIcon\"><span class=\"btIco btIcoExtraSmallSize btIcoDefaultType btIcoAccentColor\"><span  data-ico-s7=\"&#xe60c;\" class=\"btIcoHolder\"><\/span><\/span><\/div><div class=\"sTxt\"><header class=\"header btClear small\" ><div class=\"btSuperTitle\"><span>Valor total do investimento<\/span><\/div><div class=\"dash\"><\/div><div class=\"btSubTitle\">\u20ac343 868<\/div><\/header><\/div><\/div><div class=\"btClear btSeparator bottomExtraSmallSpaced noBorder\" ><hr><\/div><a href=\"http:\/\/finbekgoldenvisa.com\/pt\/calculadora-de-custos\/\" class=\"btBtn btBtn btnFilledStyle btnAccentColor btnSmall btnFullWidth btTextCenter btnRightPosition btnIco\" ><span class=\"btnInnerText\">CALCULAR O CUSTO<\/span><span class=\"btIco\"><span  data-ico-fa=\"&#xf061;\" class=\"btIcoHolder\"><\/span><\/span><\/a><div class=\"btClear btSeparator topSmallSpaced bottomSmallSpaced noBorder\" ><hr><\/div><\/div><\/div><\/div><\/div><\/div><\/div><\/div><\/section><section id=\"bt_section69deea4b09a88\"  class=\"boldSection topSpaced bottomSemiSpaced btLightSkin gutter inherit\" ><div class=\"port\"><div class=\"boldCell\"><div class=\"boldCellInner\"><div class=\"boldRow\" ><div class=\"boldRowInner\"><div class=\"rowItem col-md-3 col-sm-6 col-ms-12 btTextLeft\"  data-width=\"3\"><div class=\"rowItemContent\" ><\/div><\/div><div class=\"rowItem col-md-6 col-sm-12 btTextCenter animate animate-fadein inherit\"  data-width=\"6\"><div class=\"rowItemContent\" ><header class=\"header btClear extralarge\" ><div class=\"btSuperTitle\"><span>MAIS DO QUE APENAS PROPRIEDADE<\/span><\/div><div class=\"dash\"><h1><span class=\"headline\">Caracter\u00edsticas de nosso trabalho<\/span><\/h1><\/div><div class=\"btSubTitle\">Recomendamos uma op\u00e7\u00e3o de autoriza\u00e7\u00e3o de resid\u00eancia que atenda a seus objetivos individuais.<\/div><\/header><div class=\"btClear btSeparator bottomSemiSpaced noBorder\" ><hr><\/div><\/div><\/div><div class=\"rowItem col-md-3 col-sm-6 col-ms-12 btTextLeft\"  data-width=\"3\"><div class=\"rowItemContent\" ><\/div><\/div><\/div><\/div><div class=\"boldRow\" ><div class=\"boldRowInner\"><div class=\"rowItem col-md-12 col-ms-12  btTextCenter animate animate-fadein inherit\"  data-width=\"12\"><div class=\"rowItemContent\" ><div class=\"servicesItem  btIcoAccentColorIcon btIcoBigSizeIcon\"><div class=\"sIcon\"><span class=\"btIco btIcoBigSize btIcoDefaultType btIcoAccentColor\"><span  data-ico-bs=\"&#xf16b;\" class=\"btIcoHolder\"><\/span><\/span><\/div><div class=\"sTxt\"><header class=\"header btClear small\" ><div class=\"btSuperTitle\"><span>Fundo a partir de \u20ac 500.000<\/span><\/div><div class=\"dash\"><\/div><div class=\"btSubTitle\">Compra de unidades de fundos de investimento ou fundos de capital de risco com um retorno sobre o investimento que varia de 3% a 10% por ano. Um investimento de 500 mil \u00e9 devolvido pelo fundo de investimento ap\u00f3s 5 a 10 anos, dependendo do fundo escolhido.<\/div><\/header><\/div><\/div><div class=\"btClear btSeparator bottomSemiSpaced noBorder\" ><hr><\/div><\/div><\/div><\/div><\/div><div class=\"boldRow\" ><div class=\"boldRowInner\"><div class=\"rowItem col-md-4 col-ms-12 btTextCenter animate animate-fadein inherit\"  data-width=\"4\"><div class=\"rowItemContent\" ><div class=\"servicesItem  btIcoAccentColorIcon btIcoBigSizeIcon\"><div class=\"sIcon\"><span class=\"btIco btIcoBigSize btIcoDefaultType btIcoAccentColor\"><span  data-ico-bs=\"&#xf156;\" class=\"btIcoHolder\"><\/span><\/span><\/div><div class=\"sTxt\"><header class=\"header btClear small\" ><div class=\"btSuperTitle\"><span>Neg\u00f3cios a partir de \u20ac 500.000<\/span><\/div><div class=\"dash\"><\/div><div class=\"btSubTitle\">Criar pelo menos 10 empregos em Portugal para a popula\u00e7\u00e3o local. Ou invista em uma empresa em Portugal a partir de 500.000 euros e crie 5 empregos.<\/div><\/header><\/div><\/div><div class=\"btClear btSeparator bottomSemiSpaced noBorder\" ><hr><\/div><\/div><\/div><div class=\"rowItem col-md-4 col-ms-12 btTextCenter animate animate-fadein inherit\"  data-width=\"4\"><div class=\"rowItemContent\" ><div class=\"servicesItem  btIcoAccentColorIcon btIcoBigSizeIcon\"><div class=\"sIcon\"><span class=\"btIco btIcoBigSize btIcoDefaultType btIcoAccentColor\"><span  data-ico-s7=\"&#xe662;\" class=\"btIcoHolder\"><\/span><\/span><\/div><div class=\"sTxt\"><header class=\"header btClear small\" ><div class=\"btSuperTitle\"><span>Cultura a partir de \u20ac 250.000<\/span><\/div><div class=\"dash\"><\/div><div class=\"btSubTitle\">Uma contribui\u00e7\u00e3o \u00fanica e n\u00e3o reembols\u00e1vel para apoiar a produ\u00e7\u00e3o art\u00edstica, a restaura\u00e7\u00e3o e a preserva\u00e7\u00e3o do patrim\u00f4nio cultural nacional.<\/div><\/header><\/div><\/div><div class=\"btClear btSeparator bottomSemiSpaced noBorder\" ><hr><\/div><\/div><\/div><div class=\"rowItem col-md-4 col-ms-12 btTextCenter animate animate-fadein inherit\"  data-width=\"4\"><div class=\"rowItemContent\" ><div class=\"servicesItem  btIcoAccentColorIcon btIcoBigSizeIcon\"><div class=\"sIcon\"><span class=\"btIco btIcoBigSize btIcoDefaultType btIcoAccentColor\"><span  data-ico-s7=\"&#xe60f;\" class=\"btIcoHolder\"><\/span><\/span><\/div><div class=\"sTxt\"><header class=\"header btClear small\" ><div class=\"btSuperTitle\"><span>Ci\u00eancia a partir de \u20ac 500.000<\/span><\/div><div class=\"dash\"><\/div><div class=\"btSubTitle\">Patroc\u00ednio irrevog\u00e1vel de atividades de P&amp;D de empresas no \u00e2mbito do Programa Portugu\u00eas de Ci\u00eancia e Tecnologia por um valor igual ou superior a 500.000 euros.<\/div><\/header><\/div><\/div><div class=\"btClear btSeparator bottomSemiSpaced noBorder\" ><hr><\/div><\/div><\/div><\/div><\/div><\/div><\/div><\/div><\/section><\/p>","protected":false},"excerpt":{"rendered":"<p>Uma autoriza\u00e7\u00e3o de resid\u00eancia ou autoriza\u00e7\u00e3o de resid\u00eancia em Portugal sob um programa de investimento \u00e9 chamada de \"Golden Visa\". \u00c9 mais f\u00e1cil obter esse status do que uma autoriza\u00e7\u00e3o de resid\u00eancia regular.<\/p>","protected":false},"author":1,"featured_media":3031,"parent":0,"menu_order":0,"comment_status":"closed","ping_status":"closed","template":"","meta":{"footnotes":""},"class_list":["post-1480","page","type-page","status-publish","has-post-thumbnail","hentry"],"_links":{"self":[{"href":"http:\/\/finbekgoldenvisa.com\/pt\/wp-json\/wp\/v2\/pages\/1480","targetHints":{"allow":["GET"]}}],"collection":[{"href":"http:\/\/finbekgoldenvisa.com\/pt\/wp-json\/wp\/v2\/pages"}],"about":[{"href":"http:\/\/finbekgoldenvisa.com\/pt\/wp-json\/wp\/v2\/types\/page"}],"author":[{"embeddable":true,"href":"http:\/\/finbekgoldenvisa.com\/pt\/wp-json\/wp\/v2\/users\/1"}],"replies":[{"embeddable":true,"href":"http:\/\/finbekgoldenvisa.com\/pt\/wp-json\/wp\/v2\/comments?post=1480"}],"version-history":[{"count":16,"href":"http:\/\/finbekgoldenvisa.com\/pt\/wp-json\/wp\/v2\/pages\/1480\/revisions"}],"predecessor-version":[{"id":3282,"href":"http:\/\/finbekgoldenvisa.com\/pt\/wp-json\/wp\/v2\/pages\/1480\/revisions\/3282"}],"wp:featuredmedia":[{"embeddable":true,"href":"http:\/\/finbekgoldenvisa.com\/pt\/wp-json\/wp\/v2\/media\/3031"}],"wp:attachment":[{"href":"http:\/\/finbekgoldenvisa.com\/pt\/wp-json\/wp\/v2\/media?parent=1480"}],"curies":[{"name":"wp","href":"https:\/\/api.w.org\/{rel}","templated":true}]}}