{"id":1163,"date":"2016-07-14T10:25:35","date_gmt":"2016-07-14T07:25:35","guid":{"rendered":"http:\/\/finance.bold-themes.com\/main-demo\/?page_id=1163"},"modified":"2024-07-04T16:31:29","modified_gmt":"2024-07-04T15:31:29","slug":"landing-page","status":"publish","type":"page","link":"https:\/\/finbekgoldenvisa.com\/es\/","title":{"rendered":"Visado de oro en Portugal"},"content":{"rendered":"<p><section id=\"bt_section6a04ea74c6ae6\" data-parallax=\"0.8\" data-parallax-offset=\"0\" class=\"boldSection topExtraSmallSpaced bottomSpaced btDarkSkin gutter fullScreenHeight btBottomVertical btParallax wBackground cover\" style=\"background-color:#f4f4f4;background-image:url('https:\/\/finbekgoldenvisa.com\/wp-content\/uploads\/2023\/02\/sunset-porto-portugal.jpg');\"><div class=\"port\"><div class=\"boldCell\"><div class=\"boldCellInner\"><div class=\"boldRow\" ><div class=\"boldRowInner\"><div class=\"rowItem col-md-12 col-ms-12  btTextCenter animate animate-fadein animate-moveup inherit btDoublePadding\" style=\"background-color:rgba(255,255,255,0);\" data-width=\"12\"><div class=\"rowItemContent\" style = \"background-color:rgba(0,0,0,0);\"><div class=\"btClear btSeparator topSmallSpaced bottomSmallSpaced noBorder\" ><hr><\/div><header class=\"header btClear extralarge\" ><div class=\"btSuperTitle\"><span>Permiso de residencia y nacionalidad<\/span><\/div><div class=\"dash\"><h1><span class=\"headline\">Inversiones con beneficios en Portugal<\/span><\/h1><\/div><div class=\"btSubTitle\">Disfrute de todas las ventajas de ser residente en la Uni\u00f3n Europea<\/div><\/header><div class=\"btClear btSeparator noBorder\" ><hr><\/div><a href=\"https:\/\/finbekgoldenvisa.com\/es\/proyectos-en-curso\/\" class=\"btBtn btBtn btnFilledStyle btnAccentColor btnMedium btnNormalWidth btnRightPosition btnNoIcon\" ><span class=\"btnInnerText\">SELECCIONAR FONDO<\/span><\/a><\/div><\/div><\/div><\/div><\/div><\/div><\/div><\/section><section id=\"bt_section6a04ea74c7473\"  class=\"boldSection topSpaced bottomSemiSpaced btLightSkin gutter inherit\" ><div class=\"port\"><div class=\"boldCell\"><div class=\"boldCellInner\"><div class=\"boldRow\" ><div class=\"boldRowInner\"><div class=\"rowItem col-md-6 col-sm-12 btTextLeft animate animate-fadein inherit btDoublePadding\"  data-width=\"6\"><div class=\"rowItemContent\" ><header class=\"header btClear extralarge\" ><div class=\"btSuperTitle\"><span>PROGRAMA<\/span><\/div><div class=\"dash\"><h1><span class=\"headline\">Visado de oro<\/span><\/h1><\/div><div class=\"btSubTitle\">En Finbek somos conscientes de que las personas buscan movilidad, seguridad y estabilidad financiera. Por eso le ofrecemos la oportunidad de convertirse en ciudadano europeo a trav\u00e9s del Programa de Inversi\u00f3n en Portugal. Podr\u00e1 viajar por toda la Uni\u00f3n Europea sin restricciones, vivir en un pa\u00eds seguro y recibir asistencia sanitaria y educaci\u00f3n de calidad.<\/div><\/header><div class=\"btClear btSeparator topSmallSpaced bottomSmallSpaced noBorder\" ><hr><\/div><a href=\"https:\/\/finbekgoldenvisa.com\/es\/acerca-de-nosotros\/pongase-en-contacto-con\/\" class=\"btBtn btBtn btnFilledStyle btnAlternateColor btnMedium btnNormalWidth btnRightPosition btnNoIcon\" ><span class=\"btnInnerText\">CONSULTA<\/span><\/a><div class=\"btClear btSeparator topSmallSpaced bottomSmallSpaced noBorder\" ><hr><\/div><\/div><\/div><div class=\"rowItem col-md-6 col-sm-12 btTextRight animate animate-fadein inherit\"  data-width=\"6\"><div class=\"rowItemContent\" ><div class=\"bpgPhoto\" ><div class = \"btImage\"><img decoding=\"async\" src=\"https:\/\/finbekgoldenvisa.com\/wp-content\/uploads\/2023\/01\/passport-1.jpg\" alt=\"Pasaporte portugu\u00e9s\" title=\"Obtener un visado de oro portugu\u00e9s con una inversi\u00f3n igual o superior a 280.000 euros\"><\/div><\/div><\/div><\/div><\/div><\/div><div class=\"boldRow\" ><div class=\"boldRowInner\"><div class=\"rowItem col-md-12 col-ms-12  btTextLeft animate animate-fadein inherit btDoublePadding\"  data-width=\"12\"><div class=\"rowItemContent\" ><div class=\"btClear btSeparator topSmallSpaced bottomSemiSpaced border\" ><hr><\/div><\/div><\/div><\/div><\/div><div class=\"boldRow\" ><div class=\"boldRowInner\"><div class=\"rowItem col-md-4 col-ms-12 btTextLeft animate animate-fadein inherit btDoublePadding\"  data-width=\"4\"><div class=\"rowItemContent\" ><div class=\"btClear btSeparator bottomSmallSpaced noBorder\" ><hr><\/div><header class=\"header btClear large\" ><div class=\"btSuperTitle\"><span>PRIMERO<\/span><\/div><div class=\"dash\"><h2><span class=\"headline\">La ciudadan\u00eda m\u00e1s asequible<\/span><\/h2><\/div><div class=\"btSubTitle\">Los inversores extranjeros pueden comprar un pasaporte dorado o un visado en m\u00e1s de 30 pa\u00edses de todo el mundo, obteniendo la ciudadan\u00eda o la residencia. Portugal est\u00e1 entre los 10 pa\u00edses con el umbral de inversi\u00f3n m\u00e1s bajo. <\/div><\/header><div class=\"btClear btSeparator topSmallSpaced noBorder\" ><hr><\/div><a href=\"#\" class=\"btBtn btBtn btnBorderlessStyle btnAccentColor btnSmall btnNormalWidth btnRightPosition btnNoIcon\" ><span class=\"btnInnerText\">LEER M\u00c1S<\/span><\/a><div class=\"btClear btSeparator bottomSmallSpaced noBorder\" ><hr><\/div><\/div><\/div><div class=\"rowItem btLeftBorder col-md-4 col-ms-12 btTextLeft animate animate-fadein inherit btDoublePadding\"  data-width=\"4\"><div class=\"rowItemContent\" ><div class=\"btClear btSeparator bottomSmallSpaced noBorder\" ><hr><\/div><header class=\"header btClear large\" ><div class=\"btSuperTitle\"><span>SEGUNDO.<\/span><\/div><div class=\"dash\"><h2><span class=\"headline\">Es un lugar donde se trabaja para ganarse la vida<\/span><\/h2><\/div><div class=\"btSubTitle\">1.700 kil\u00f3metros de costa, el lema \"trabajar para vivir\" y una rica gastronom\u00eda procedente de todos los rincones del planeta atraen cada a\u00f1o a Portugal a miles de empresarios y hombres de negocios de todo el mundo.<\/div><\/header><div class=\"btClear btSeparator topSmallSpaced noBorder\" ><hr><\/div><a href=\"#\" class=\"btBtn btBtn btnBorderlessStyle btnAccentColor btnSmall btnNormalWidth btnRightPosition btnNoIcon\" ><span class=\"btnInnerText\">LEER M\u00c1S<\/span><\/a><div class=\"btClear btSeparator bottomSmallSpaced noBorder\" ><hr><\/div><\/div><\/div><div class=\"rowItem btLeftBorder col-md-4 col-ms-12 btTextLeft animate animate-fadein inherit btDoublePadding\"  data-width=\"4\"><div class=\"rowItemContent\" ><div class=\"btClear btSeparator bottomSmallSpaced noBorder\" ><hr><\/div><header class=\"header btClear large\" ><div class=\"btSuperTitle\"><span>TERCERA<\/span><\/div><div class=\"dash\"><h2><span class=\"headline\">Compromisos m\u00ednimos<\/span><\/h2><\/div><div class=\"btSubTitle\">No es necesario que usted y su familia vivan o sean residentes fiscales en Portugal. Para solicitar un pasaporte al cabo de 5 a\u00f1os, solo tienes que estar f\u00edsicamente presente en Portugal 7 d\u00edas al a\u00f1o.<\/div><\/header><div class=\"btClear btSeparator topSmallSpaced noBorder\" ><hr><\/div><a href=\"#\" class=\"btBtn btBtn btnBorderlessStyle btnAccentColor btnSmall btnNormalWidth btnRightPosition btnNoIcon\" ><span class=\"btnInnerText\">LEER M\u00c1S<\/span><\/a><div class=\"btClear btSeparator bottomSmallSpaced noBorder\" ><hr><\/div><\/div><\/div><\/div><\/div><\/div><\/div><\/div><\/section><section id=\"bt_section6a04ea74c8361\" data-parallax=\"0.6\" data-parallax-offset=\"0\" class=\"boldSection topSpaced bottomSemiSpaced btDarkSkin gutter inherit btParallax wBackground cover btBackgroundOverlay btStripedDark\" style=\"background-image:url('https:\/\/finbekgoldenvisa.com\/wp-content\/uploads\/2023\/01\/Portugal-Houses-Lisbon-Night-2.jpg');\"><div class=\"port\"><div class=\"boldCell\"><div class=\"boldCellInner\"><div class=\"boldRow\" ><div class=\"boldRowInner\"><div class=\"rowItem col-md-4 col-ms-12 btTextLeft animate animate-fadein inherit\"  data-width=\"4\"><div class=\"rowItemContent\" ><header class=\"header btClear huge\" ><div class=\"dash\"><h1><span class=\"headline\">Invierta en<br \/><br>a partir de 500.000 euros y <b class=\"animate\">consiga<\/b><\/span><\/h1><\/div><\/header><div class=\"btClear btSeparator bottomExtraSmallSpaced noBorder\" ><hr><\/div><div class=\"servicesItem  btIcoDefaultColorIcon btIcoSmallSizeIcon\"><div class=\"sIcon\"><span class=\"btIco btIcoSmallSize btIcoDefaultType btIcoDefaultColor\"><span  data-ico-s7=\"&#xe6af;\" class=\"btIcoHolder\"><\/span><\/span><\/div><div class=\"sTxt\"><header class=\"header btClear small\" ><div class=\"btSuperTitle\"><span>Permiso de residencia en Europa<\/span><\/div><div class=\"dash\"><\/div><div class=\"btSubTitle\">con derecho a circular libremente por la UE.<\/div><\/header><\/div><\/div><div class=\"btClear btSeparator bottomExtraSmallSpaced noBorder\" ><hr><\/div><div class=\"servicesItem  btIcoDefaultColorIcon btIcoSmallSizeIcon\"><div class=\"sIcon\"><span class=\"btIco btIcoSmallSize btIcoDefaultType btIcoDefaultColor\"><span  data-ico-s7=\"&#xe6af;\" class=\"btIcoHolder\"><\/span><\/span><\/div><div class=\"sTxt\"><header class=\"header btClear small\" ><div class=\"btSuperTitle\"><span>Activo s\u00f3lido<\/span><\/div><div class=\"dash\"><\/div><div class=\"btSubTitle\">en forma de participaci\u00f3n en un fondo de inversi\u00f3n.<\/div><\/header><\/div><\/div><div class=\"btClear btSeparator bottomExtraSmallSpaced noBorder\" ><hr><\/div><div class=\"servicesItem  btIcoDefaultColorIcon btIcoSmallSizeIcon\"><div class=\"sIcon\"><span class=\"btIco btIcoSmallSize btIcoDefaultType btIcoDefaultColor\"><span  data-ico-s7=\"&#xe6af;\" class=\"btIcoHolder\"><\/span><\/span><\/div><div class=\"sTxt\"><header class=\"header btClear small\" ><div class=\"btSuperTitle\"><span>Retorno de la inversi\u00f3n hasta 10%<\/span><\/div><div class=\"dash\"><\/div><div class=\"btSubTitle\">para una inversi\u00f3n igual o superior a 500.000 euros.<br \/><br \/><\/div><\/header><\/div><\/div><div class=\"btClear btSeparator bottomExtraSmallSpaced noBorder\" ><hr><\/div><div class=\"servicesItem  btIcoDefaultColorIcon btIcoSmallSizeIcon\"><div class=\"sIcon\"><span class=\"btIco btIcoSmallSize btIcoDefaultType btIcoDefaultColor\"><span  data-ico-s7=\"&#xe6af;\" class=\"btIcoHolder\"><\/span><\/span><\/div><div class=\"sTxt\"><header class=\"header btClear small\" ><div class=\"btSuperTitle\"><span>Venta inversa<\/span><\/div><div class=\"dash\"><\/div><div class=\"btSubTitle\">Posibilidad de vender el activo de inversi\u00f3n a precio de mercado.<br \/><br \/><\/div><\/header><\/div><\/div><div class=\"btClear btSeparator bottomExtraSmallSpaced noBorder\" ><hr><\/div><div class=\"servicesItem  btIcoDefaultColorIcon btIcoSmallSizeIcon\"><div class=\"sIcon\"><span class=\"btIco btIcoSmallSize btIcoDefaultType btIcoDefaultColor\"><span  data-ico-s7=\"&#xe6af;\" class=\"btIcoHolder\"><\/span><\/span><\/div><div class=\"sTxt\"><header class=\"header btClear small\" ><div class=\"btSuperTitle\"><span>Apoyo jur\u00eddico<\/span><\/div><div class=\"dash\"><\/div><div class=\"btSubTitle\">con un abogado de habla rusa en Portugal.<\/div><\/header><\/div><\/div><div class=\"btClear btSeparator bottomSemiSpaced noBorder\" ><hr><\/div><\/div><\/div><div class=\"rowItem col-md-4 col-ms-12 btTextLeft\"  data-width=\"4\"><div class=\"rowItemContent\" ><\/div><\/div><div class=\"rowItem col-md-4 col-ms-12 btTextLeft btHighlight inherit btDoublePadding btLightSkin\"  data-width=\"4\"><div class=\"rowItemContent\" style = \"background-color: rgba(255, 255, 255, 1); \"><div class=\"btClear btSeparator topSmallSpaced bottomSmallSpaced noBorder\" ><hr><\/div><header class=\"header btClear large\" ><div class=\"btSuperTitle\"><span>Transparencia<\/span><\/div><div class=\"dash\"><h2><span class=\"headline\">Ejemplo de costes<\/span><\/h2><\/div><div class=\"btSubTitle\">C\u00e1lculo del coste del programa Golden Visa para una familia de 4 miembros.<\/div><\/header><div class=\"btClear btSeparator bottomExtraSmallSpaced noBorder\" ><hr><\/div><div class=\"servicesItem  btIcoAccentColorIcon btIcoExtraSmallSizeIcon\"><div class=\"sIcon\"><span class=\"btIco btIcoExtraSmallSize btIcoDefaultType btIcoAccentColor\"><span  data-ico-s7=\"&#xe648;\" class=\"btIcoHolder\"><\/span><\/span><\/div><div class=\"sTxt\"><header class=\"header btClear small\" ><div class=\"btSuperTitle\"><span>Inversiones<\/span><\/div><div class=\"dash\"><\/div><div class=\"btSubTitle\">\u20ac500 000<\/div><\/header><\/div><\/div><div class=\"btClear btSeparator bottomExtraSmallSpaced noBorder\" ><hr><\/div><div class=\"servicesItem  btIcoAccentColorIcon btIcoExtraSmallSizeIcon\"><div class=\"sIcon\"><span class=\"btIco btIcoExtraSmallSize btIcoDefaultType btIcoAccentColor\"><span  data-ico-s7=\"&#xe68c;\" class=\"btIcoHolder\"><\/span><\/span><\/div><div class=\"sTxt\"><header class=\"header btClear small\" ><div class=\"btSuperTitle\"><span>Costes de inversi\u00f3n<\/span><\/div><div class=\"dash\"><\/div><div class=\"btSubTitle\">\u20ac2 100<\/div><\/header><\/div><\/div><div class=\"btClear btSeparator bottomExtraSmallSpaced noBorder\" ><hr><\/div><div class=\"servicesItem  btIcoAccentColorIcon btIcoExtraSmallSizeIcon\"><div class=\"sIcon\"><span class=\"btIco btIcoExtraSmallSize btIcoDefaultType btIcoAccentColor\"><span  data-ico-s7=\"&#xe6b4;\" class=\"btIcoHolder\"><\/span><\/span><\/div><div class=\"sTxt\"><header class=\"header btClear small\" ><div class=\"btSuperTitle\"><span>Costes de inmigraci\u00f3n<\/span><\/div><div class=\"dash\"><\/div><div class=\"btSubTitle\">\u20ac49 990<\/div><\/header><\/div><\/div><div class=\"btClear btSeparator bottomExtraSmallSpaced noBorder\" ><hr><\/div><div class=\"servicesItem  btIcoAccentColorIcon btIcoExtraSmallSizeIcon\"><div class=\"sIcon\"><span class=\"btIco btIcoExtraSmallSize btIcoDefaultType btIcoAccentColor\"><span  data-ico-s7=\"&#xe62c;\" class=\"btIcoHolder\"><\/span><\/span><\/div><div class=\"sTxt\"><header class=\"header btClear small\" ><div class=\"btSuperTitle\"><span>Otros gastos<\/span><\/div><div class=\"dash\"><\/div><div class=\"btSubTitle\">(apoyo jur\u00eddico)<br \/><br \/>\u20ac10 000<\/div><\/header><\/div><\/div><div class=\"btClear btSeparator bottomExtraSmallSpaced noBorder\" ><hr><\/div><div class=\"servicesItem  btIcoAccentColorIcon btIcoExtraSmallSizeIcon\"><div class=\"sIcon\"><span class=\"btIco btIcoExtraSmallSize btIcoDefaultType btIcoAccentColor\"><span  data-ico-s7=\"&#xe60c;\" class=\"btIcoHolder\"><\/span><\/span><\/div><div class=\"sTxt\"><header class=\"header btClear small\" ><div class=\"btSuperTitle\"><span>Importe total de la inversi\u00f3n<\/span><\/div><div class=\"dash\"><\/div><div class=\"btSubTitle\">\u20ac562 090<\/div><\/header><\/div><\/div><div class=\"btClear btSeparator bottomExtraSmallSpaced noBorder\" ><hr><\/div><a href=\"https:\/\/finbekgoldenvisa.com\/es\/calculadora-de-costes\/\" class=\"btBtn btBtn btnFilledStyle btnAccentColor btnSmall btnFullWidth btTextCenter btnRightPosition btnIco\" ><span class=\"btnInnerText\">CALCULAR EL COSTE<\/span><span class=\"btIco\"><span  data-ico-fa=\"&#xf061;\" class=\"btIcoHolder\"><\/span><\/span><\/a><div class=\"btClear btSeparator topSmallSpaced bottomSmallSpaced noBorder\" ><hr><\/div><\/div><\/div><\/div><\/div><\/div><\/div><\/div><\/section><section id=\"bt_section6a04ea74c8e48\"  class=\"boldSection topSpaced bottomSemiSpaced btLightSkin gutter inherit\" ><div class=\"port\"><div class=\"boldCell\"><div class=\"boldCellInner\"><div class=\"boldRow\" ><div class=\"boldRowInner\"><div class=\"rowItem col-md-3 col-sm-6 col-ms-12 btTextLeft\"  data-width=\"3\"><div class=\"rowItemContent\" ><\/div><\/div><div class=\"rowItem col-md-6 col-sm-12 btTextCenter animate animate-fadein inherit\"  data-width=\"6\"><div class=\"rowItemContent\" ><header class=\"header btClear extralarge\" ><div class=\"btSuperTitle\"><span>ALGO M\u00c1S QUE PROPIEDADES<\/span><\/div><div class=\"dash\"><h1><span class=\"headline\">Caracter\u00edsticas de nuestro trabajo<\/span><\/h1><\/div><div class=\"btSubTitle\">Le recomendamos una opci\u00f3n de permiso de residencia que se ajuste a sus objetivos individuales.<\/div><\/header><div class=\"btClear btSeparator bottomSemiSpaced noBorder\" ><hr><\/div><\/div><\/div><div class=\"rowItem col-md-3 col-sm-6 col-ms-12 btTextLeft\"  data-width=\"3\"><div class=\"rowItemContent\" ><\/div><\/div><\/div><\/div><div class=\"boldRow\" ><div class=\"boldRowInner\"><div class=\"rowItem col-md-12 col-ms-12  btTextCenter animate animate-fadein inherit\"  data-width=\"12\"><div class=\"rowItemContent\" ><div class=\"servicesItem  btIcoAccentColorIcon btIcoBigSizeIcon\"><div class=\"sIcon\"><span class=\"btIco btIcoBigSize btIcoDefaultType btIcoAccentColor\"><span  data-ico-bs=\"&#xf16b;\" class=\"btIcoHolder\"><\/span><\/span><\/div><div class=\"sTxt\"><header class=\"header btClear small\" ><div class=\"btSuperTitle\"><span>Fondos a partir de 500.000 euros<\/span><\/div><div class=\"dash\"><\/div><div class=\"btSubTitle\">Compra de participaciones de fondos de inversi\u00f3n o fondos de capital riesgo con una rentabilidad que oscila entre 3% y 10% anuales. Una inversi\u00f3n de 500 mil es devuelta por el fondo de inversi\u00f3n al cabo de 5-10 a\u00f1os dependiendo del fondo elegido.<\/div><\/header><\/div><\/div><div class=\"btClear btSeparator bottomSemiSpaced noBorder\" ><hr><\/div><\/div><\/div><\/div><\/div><div class=\"boldRow\" ><div class=\"boldRowInner\"><div class=\"rowItem col-md-4 col-ms-12 btTextCenter animate animate-fadein inherit\"  data-width=\"4\"><div class=\"rowItemContent\" ><div class=\"servicesItem  btIcoAccentColorIcon btIcoBigSizeIcon\"><div class=\"sIcon\"><span class=\"btIco btIcoBigSize btIcoDefaultType btIcoAccentColor\"><span  data-ico-s7=\"&#xe662;\" class=\"btIcoHolder\"><\/span><\/span><\/div><div class=\"sTxt\"><header class=\"header btClear small\" ><div class=\"btSuperTitle\"><span>Cultura a partir de 250.000 euros<\/span><\/div><div class=\"dash\"><\/div><div class=\"btSubTitle\">Contribuci\u00f3n \u00fanica no reembolsable para apoyar la producci\u00f3n art\u00edstica, la restauraci\u00f3n y la conservaci\u00f3n del patrimonio cultural nacional.<\/div><\/header><\/div><\/div><div class=\"btClear btSeparator bottomSemiSpaced noBorder\" ><hr><\/div><\/div><\/div><div class=\"rowItem col-md-4 col-ms-12 btTextCenter animate animate-fadein inherit\"  data-width=\"4\"><div class=\"rowItemContent\" ><div class=\"servicesItem  btIcoAccentColorIcon btIcoBigSizeIcon\"><div class=\"sIcon\"><span class=\"btIco btIcoBigSize btIcoDefaultType btIcoAccentColor\"><span  data-ico-s7=\"&#xe60f;\" class=\"btIcoHolder\"><\/span><\/span><\/div><div class=\"sTxt\"><header class=\"header btClear small\" ><div class=\"btSuperTitle\"><span>Ciencia a partir de 500.000<\/span><\/div><div class=\"dash\"><\/div><div class=\"btSubTitle\">Patrocinio irrevocable de actividades de I+D de empresas en el marco del Programa de Ciencia y Tecnolog\u00eda portugu\u00e9s por un importe igual o superior a 500.000 euros.<\/div><\/header><\/div><\/div><div class=\"btClear btSeparator bottomSemiSpaced noBorder\" ><hr><\/div><\/div><\/div><div class=\"rowItem col-md-4 col-ms-12 btTextCenter animate animate-fadein inherit\"  data-width=\"4\"><div class=\"rowItemContent\" ><div class=\"servicesItem  btIcoAccentColorIcon btIcoBigSizeIcon\"><div class=\"sIcon\"><span class=\"btIco btIcoBigSize btIcoDefaultType btIcoAccentColor\"><span  data-ico-bs=\"&#xf156;\" class=\"btIcoHolder\"><\/span><\/span><\/div><div class=\"sTxt\"><header class=\"header btClear small\" ><div class=\"btSuperTitle\"><span>Empresas a partir de 500.000<\/span><\/div><div class=\"dash\"><\/div><div class=\"btSubTitle\">Crear al menos 10 puestos de trabajo en Portugal para la poblaci\u00f3n local. O invierte en una empresa en Portugal a partir de 500.000 euros y crea 5 puestos de trabajo.<\/div><\/header><\/div><\/div><div class=\"btClear btSeparator bottomSemiSpaced noBorder\" ><hr><\/div><\/div><\/div><\/div><\/div><\/div><\/div><\/div><\/section><\/p>","protected":false},"excerpt":{"rendered":"","protected":false},"author":1,"featured_media":0,"parent":0,"menu_order":0,"comment_status":"closed","ping_status":"closed","template":"","meta":{"footnotes":""},"class_list":["post-1163","page","type-page","status-publish","hentry"],"_hostinger_reach_plugin_has_subscription_block":false,"_hostinger_reach_plugin_is_elementor":false,"_links":{"self":[{"href":"https:\/\/finbekgoldenvisa.com\/es\/wp-json\/wp\/v2\/pages\/1163","targetHints":{"allow":["GET"]}}],"collection":[{"href":"https:\/\/finbekgoldenvisa.com\/es\/wp-json\/wp\/v2\/pages"}],"about":[{"href":"https:\/\/finbekgoldenvisa.com\/es\/wp-json\/wp\/v2\/types\/page"}],"author":[{"embeddable":true,"href":"https:\/\/finbekgoldenvisa.com\/es\/wp-json\/wp\/v2\/users\/1"}],"replies":[{"embeddable":true,"href":"https:\/\/finbekgoldenvisa.com\/es\/wp-json\/wp\/v2\/comments?post=1163"}],"version-history":[{"count":329,"href":"https:\/\/finbekgoldenvisa.com\/es\/wp-json\/wp\/v2\/pages\/1163\/revisions"}],"predecessor-version":[{"id":3276,"href":"https:\/\/finbekgoldenvisa.com\/es\/wp-json\/wp\/v2\/pages\/1163\/revisions\/3276"}],"wp:attachment":[{"href":"https:\/\/finbekgoldenvisa.com\/es\/wp-json\/wp\/v2\/media?parent=1163"}],"curies":[{"name":"wp","href":"https:\/\/api.w.org\/{rel}","templated":true}]}}