{"id":1480,"date":"2016-07-22T10:23:32","date_gmt":"2016-07-22T10:23:32","guid":{"rendered":"http:\/\/finance.bold-themes.com\/main-demo\/?page_id=1480"},"modified":"2024-07-04T16:47:44","modified_gmt":"2024-07-04T15:47:44","slug":"faq","status":"publish","type":"page","link":"https:\/\/finbekgoldenvisa.com\/es\/faq\/","title":{"rendered":"Preguntas"},"content":{"rendered":"<p><section id=\"bt_section69e47d383c7d9\"  class=\"boldSection topSpaced bottomSemiSpaced btLightSkin gutter inherit\" ><div class=\"port\"><div class=\"boldCell\"><div class=\"boldCellInner\"><div class=\"boldRow\" ><div class=\"boldRowInner\"><div class=\"rowItem col-md-8 col-ms-12 btTextLeft animate animate-fadein inherit\"  data-width=\"8\"><div class=\"rowItemContent\" ><header class=\"header btClear extralarge\" ><div class=\"btSuperTitle\"><span>OBTENGA RESPUESTAS A<\/span><\/div><div class=\"dash\"><h1><span class=\"headline\">Preguntas frecuentes <b class=\"animate\">preguntas<\/b><\/span><\/h1><\/div><div class=\"btSubTitle\">Estas son algunas de las preguntas m\u00e1s frecuentes sobre el Programa Golden Visa. Para m\u00e1s informaci\u00f3n le ofrecemos nuestra consulta gratuita. <\/div><\/header><div class=\"btClear btSeparator topSmallSpaced border\" ><hr><\/div><div class=\"btTabs tabsVertical\"><ul class=\"tabsHeader\"><li><span>\u00bfQui\u00e9n puede obtener un Golden Visa en Portugal?<\/span><\/li><li><span>\u00bfC\u00f3mo puedo ampliar mi residencia y cu\u00e1nto cuesta participar en el programa?<\/span><\/li><li><span>\u00bfHay alg\u00fan requisito para solicitar un visado Oro?<\/span><\/li><li><span>\u00bfC\u00f3mo mantenerse a salvo en el proceso?<\/span><\/li><li><span>\u00bfA qui\u00e9n puedo poner en el formulario?<\/span><\/li><li><span>\u00bfPuedo solicitar la nacionalidad portuguesa?<\/span><\/li><li><span>\u00bfC\u00f3mo puedo obtener m\u00e1s informaci\u00f3n sobre el programa?<\/span><\/li><li><span>\u00bfCu\u00e1nto cuesta el programa?<\/span><\/li><li><span>\u00bfTengo que vivir en la vivienda que he comprado?<\/span><\/li><li><span>\u00bfPodr\u00e9 circular por la Uni\u00f3n Europea?<\/span><\/li><li><span>\u00bfCu\u00e1nto tarda un inversor en recuperar los 500 000 invertidos?<\/span><\/li><\/ul><div class=\"tabPanes accordionPanes\"><div class=\"tabPane\">\r\n\t\t\t<div class=\"tabAccordionTitle\"><span>\u00bfQui\u00e9n puede obtener un Golden Visa en Portugal?<\/span><\/div>\r\n\t\t\t<div class=\"tabAccordionContent\"><div class=\"btText\" ><\/p>\n<p>Los inversores de pa\u00edses no pertenecientes a la UE ni a la AELC pueden solicitar un Golden Visa.<\/p>\n<p>\n<\/div><\/div>\r\n\t\t<\/div><div class=\"tabPane\">\r\n\t\t\t<div class=\"tabAccordionTitle\"><span>\u00bfC\u00f3mo puedo ampliar mi residencia y cu\u00e1nto cuesta participar en el programa?<\/span><\/div>\r\n\t\t\t<div class=\"tabAccordionContent\"><div class=\"btText\" ><\/p>\n<p>La base principal para prorrogar el permiso de residencia en virtud del programa Golden Visa es el derecho a poseer bienes inmuebles.<\/p>\n<p><strong>Las tasas estatales por persona son:<\/strong><\/p>\n<ul>\n<li>1\u00aa renovaci\u00f3n - al final del 1er a\u00f1o - 540 euros;<\/li>\n<li>2\u00aa renovaci\u00f3n - despu\u00e9s del 3er a\u00f1o - 540 euros.<\/li>\n<\/ul>\n<p>Para calcular el coste total estimado del programa, utilice\u00a0<a href=\"https:\/\/visagolden.uz\/cost-calculator\/\" target=\"_blank\" rel=\"noopener\">calculadora<\/a>\u00a0En la p\u00e1gina web.<\/p>\n<p>\n<\/div><\/div>\r\n\t\t<\/div><div class=\"tabPane\">\r\n\t\t\t<div class=\"tabAccordionTitle\"><span>\u00bfHay alg\u00fan requisito para solicitar un visado Oro?<\/span><\/div>\r\n\t\t\t<div class=\"tabAccordionContent\"><div class=\"btText\" ><\/p>\n<p>Requisitos generales para los solicitantes, independientemente del importe invertido:<\/p>\n<ul>\n<li>Posesi\u00f3n de la propiedad adquirida durante un periodo de 5 a\u00f1os;<\/li>\n<li>Transferencia del importe total de la inversi\u00f3n de la cuenta en el extranjero a la cuenta portuguesa;<\/li>\n<li>Documento que acredite la entrada legal y la autorizaci\u00f3n de estancia en Portugal;<\/li>\n<li>Falta de antecedentes de deportaci\u00f3n con las autoridades de inmigraci\u00f3n;<\/li>\n<li>Sin antecedentes penales;<\/li>\n<li>Estancia de 7 d\u00edas en Portugal durante el primer a\u00f1o;<\/li>\n<li>Residencia en el pa\u00eds durante 14 d\u00edas en cada uno de los siguientes periodos de 2 a\u00f1os.<\/li>\n<\/ul>\n<p>\n<\/div><\/div>\r\n\t\t<\/div><div class=\"tabPane\">\r\n\t\t\t<div class=\"tabAccordionTitle\"><span>\u00bfC\u00f3mo mantenerse a salvo en el proceso?<\/span><\/div>\r\n\t\t\t<div class=\"tabAccordionContent\"><div class=\"btText\" ><\/p>\n<p>Dado que la mayor\u00eda de los inversores proceden del extranjero, proporcionamos una descripci\u00f3n detallada de cada uno de los pasos que hay que dar hasta cerrar la operaci\u00f3n. Finbek ofrece a nuestros clientes la oportunidad de explorar el mercado inmobiliario en busca de la inversi\u00f3n m\u00e1s rentable. Nuestros expertos preparar\u00e1n informaci\u00f3n detallada sobre:<\/p>\n<ul>\n<li>todos los costes y tasas asociados a la adquisici\u00f3n del bien inmueble,<\/li>\n<li>comparaci\u00f3n del mercado inmobiliario en distintas regiones,<\/li>\n<li>rendimientos del alquiler y costes de reparaci\u00f3n,<\/li>\n<li>servicios adicionales tras la celebraci\u00f3n del contrato de venta,<\/li>\n<li>rendimiento de la inversi\u00f3n (ROI).<\/li>\n<\/ul>\n<p>Para los clientes interesados en invertir en diversos proyectos (inmuebles comerciales, hoteles, etc.), les proporcionaremos informaci\u00f3n detallada y les ayudaremos a tomar una decisi\u00f3n informada en funci\u00f3n de sus objetivos e intereses.<\/p>\n<p>\n<\/div><\/div>\r\n\t\t<\/div><div class=\"tabPane\">\r\n\t\t\t<div class=\"tabAccordionTitle\"><span>\u00bfA qui\u00e9n puedo poner en el formulario?<\/span><\/div>\r\n\t\t\t<div class=\"tabAccordionContent\"><div class=\"btText\" ><\/p>\n<p>Todos los miembros de la familia pueden acogerse al programa, incluidos los hijos estudiantes adultos.<\/p>\n<p>\n<\/div><\/div>\r\n\t\t<\/div><div class=\"tabPane\">\r\n\t\t\t<div class=\"tabAccordionTitle\"><span>\u00bfPuedo solicitar la nacionalidad portuguesa?<\/span><\/div>\r\n\t\t\t<div class=\"tabAccordionContent\"><div class=\"btText\" ><\/p>\n<p>S\u00ed. Tras el quinto a\u00f1o de residencia en Portugal, el inversor puede solicitar un permiso de residencia permanente, as\u00ed como la nacionalidad para \u00e9l y los miembros de su familia.<\/p>\n<p>\n<\/div><\/div>\r\n\t\t<\/div><div class=\"tabPane\">\r\n\t\t\t<div class=\"tabAccordionTitle\"><span>\u00bfC\u00f3mo puedo obtener m\u00e1s informaci\u00f3n sobre el programa?<\/span><\/div>\r\n\t\t\t<div class=\"tabAccordionContent\"><div class=\"btText\" ><\/p>\n<p>Para que nuestros clientes de diferentes pa\u00edses conozcan bien el programa de inversi\u00f3n antes de su primera visita a Portugal, ofrecemos consultas privadas. Est\u00e1n pensadas para aquellos interesados en obtener toda la informaci\u00f3n sobre el Golden Visa \"de primera mano\".<\/p>\n<p>Para recibir asesoramiento privado y conocer todas sus opciones de inversi\u00f3n inmobiliaria, <a href=\"https:\/\/visagolden.uz\/\" target=\"_blank\" rel=\"noopener\">concierte una cita para una consulta privada gratuita aqu\u00ed.<\/a><\/p>\n<p>\n<\/div><\/div>\r\n\t\t<\/div><div class=\"tabPane\">\r\n\t\t\t<div class=\"tabAccordionTitle\"><span>\u00bfCu\u00e1nto cuesta el programa?<\/span><\/div>\r\n\t\t\t<div class=\"tabAccordionContent\"><div class=\"btText\" ><\/p>\n<p>El coste de la participaci\u00f3n en el programa depende del n\u00famero de personas de la familia del inversor principal que re\u00fanan los requisitos para obtener un permiso de residencia. Para obtener el coste exacto, utilice <a href=\"https:\/\/visagolden.uz\/cost-calculator\/\" target=\"_blank\" rel=\"noopener\">calculadora<\/a> en el sitio web, que, entre otras cosas, describir\u00e1 el contenido de los distintos servicios asociados y las tarifas.<\/p>\n<p>\n<\/div><\/div>\r\n\t\t<\/div><div class=\"tabPane\">\r\n\t\t\t<div class=\"tabAccordionTitle\"><span>\u00bfTengo que vivir en la vivienda que he comprado?<\/span><\/div>\r\n\t\t\t<div class=\"tabAccordionContent\"><div class=\"btText\" ><\/p>\n<p>El inmueble puede alquilarse. Adem\u00e1s, una opci\u00f3n favorable es invertir en fondos de inversi\u00f3n, que prev\u00e9n la inversi\u00f3n en participaciones en complejos hoteleros en reconstrucci\u00f3n, con un reembolso garantizado al precio de compra al cabo de 5 a\u00f1os y unos ingresos por intereses de 3% para inmuebles por valor de 350.000 euros.<\/p>\n<p>\n<\/div><\/div>\r\n\t\t<\/div><div class=\"tabPane\">\r\n\t\t\t<div class=\"tabAccordionTitle\"><span>\u00bfPodr\u00e9 circular por la Uni\u00f3n Europea?<\/span><\/div>\r\n\t\t\t<div class=\"tabAccordionContent\"><div class=\"btText\" ><\/p>\n<p>El visado de oro portugu\u00e9s le permite entrar sin visado en los pa\u00edses de la Uni\u00f3n Europea.<\/p>\n<p>\n<\/div><\/div>\r\n\t\t<\/div><div class=\"tabPane\">\r\n\t\t\t<div class=\"tabAccordionTitle\"><span>\u00bfCu\u00e1nto tarda un inversor en recuperar los 500 000 invertidos?<\/span><\/div>\r\n\t\t\t<div class=\"tabAccordionContent\"><div class=\"btText\" ><\/p>\n<p>Una inversi\u00f3n de 500k es devuelta por el fondo de inversi\u00f3n en 5-10 a\u00f1os dependiendo del fondo elegido.<\/p>\n<p>\n<\/div><\/div>\r\n\t\t<\/div><\/div><\/div><div class=\"btClear btSeparator bottomSemiSpaced border\" ><hr><\/div><\/div><\/div><div class=\"rowItem col-md-4 col-ms-12 btTextLeft btHighlight inherit btDoublePadding btLightSkin\"  data-width=\"4\"><div class=\"rowItemContent\" style = \"background-color: rgba(255, 255, 255, 1); \"><div class=\"btClear btSeparator topSmallSpaced bottomSmallSpaced noBorder\" ><hr><\/div><header class=\"header btClear large\" ><div class=\"btSuperTitle\"><span>Transparencia<\/span><\/div><div class=\"dash\"><h2><span class=\"headline\">Ejemplo de costes<\/span><\/h2><\/div><div class=\"btSubTitle\">C\u00e1lculo del coste del programa Golden Visa para una familia de 4 miembros.<\/div><\/header><div class=\"btClear btSeparator bottomExtraSmallSpaced noBorder\" ><hr><\/div><div class=\"servicesItem  btIcoAccentColorIcon btIcoExtraSmallSizeIcon\"><div class=\"sIcon\"><span class=\"btIco btIcoExtraSmallSize btIcoDefaultType btIcoAccentColor\"><span  data-ico-s7=\"&#xe648;\" class=\"btIcoHolder\"><\/span><\/span><\/div><div class=\"sTxt\"><header class=\"header btClear small\" ><div class=\"btSuperTitle\"><span>Inversiones<\/span><\/div><div class=\"dash\"><\/div><div class=\"btSubTitle\">\u20ac500 000<\/div><\/header><\/div><\/div><div class=\"btClear btSeparator bottomExtraSmallSpaced noBorder\" ><hr><\/div><div class=\"servicesItem  btIcoAccentColorIcon btIcoExtraSmallSizeIcon\"><div class=\"sIcon\"><span class=\"btIco btIcoExtraSmallSize btIcoDefaultType btIcoAccentColor\"><span  data-ico-s7=\"&#xe68c;\" class=\"btIcoHolder\"><\/span><\/span><\/div><div class=\"sTxt\"><header class=\"header btClear small\" ><div class=\"btSuperTitle\"><span>Costes de inversi\u00f3n<\/span><\/div><div class=\"dash\"><\/div><div class=\"btSubTitle\">\u20ac1 968<\/div><\/header><\/div><\/div><div class=\"btClear btSeparator bottomExtraSmallSpaced noBorder\" ><hr><\/div><div class=\"servicesItem  btIcoAccentColorIcon btIcoExtraSmallSizeIcon\"><div class=\"sIcon\"><span class=\"btIco btIcoExtraSmallSize btIcoDefaultType btIcoAccentColor\"><span  data-ico-s7=\"&#xe6b4;\" class=\"btIcoHolder\"><\/span><\/span><\/div><div class=\"sTxt\"><header class=\"header btClear small\" ><div class=\"btSuperTitle\"><span>Costes de inmigraci\u00f3n<\/span><\/div><div class=\"dash\"><\/div><div class=\"btSubTitle\">\u20ac49 000<\/div><\/header><\/div><\/div><div class=\"btClear btSeparator bottomExtraSmallSpaced noBorder\" ><hr><\/div><div class=\"servicesItem  btIcoAccentColorIcon btIcoExtraSmallSizeIcon\"><div class=\"sIcon\"><span class=\"btIco btIcoExtraSmallSize btIcoDefaultType btIcoAccentColor\"><span  data-ico-s7=\"&#xe62c;\" class=\"btIcoHolder\"><\/span><\/span><\/div><div class=\"sTxt\"><header class=\"header btClear small\" ><div class=\"btSuperTitle\"><span>Otros gastos<\/span><\/div><div class=\"dash\"><\/div><div class=\"btSubTitle\">(apoyo jur\u00eddico)<br \/><br \/>\u20ac12 900<\/div><\/header><\/div><\/div><div class=\"btClear btSeparator bottomExtraSmallSpaced noBorder\" ><hr><\/div><div class=\"servicesItem  btIcoAccentColorIcon btIcoExtraSmallSizeIcon\"><div class=\"sIcon\"><span class=\"btIco btIcoExtraSmallSize btIcoDefaultType btIcoAccentColor\"><span  data-ico-s7=\"&#xe60c;\" class=\"btIcoHolder\"><\/span><\/span><\/div><div class=\"sTxt\"><header class=\"header btClear small\" ><div class=\"btSuperTitle\"><span>Importe total de la inversi\u00f3n<\/span><\/div><div class=\"dash\"><\/div><div class=\"btSubTitle\">\u20ac343 868<\/div><\/header><\/div><\/div><div class=\"btClear btSeparator bottomExtraSmallSpaced noBorder\" ><hr><\/div><a href=\"https:\/\/finbekgoldenvisa.com\/es\/calculadora-de-costes\/\" class=\"btBtn btBtn btnFilledStyle btnAccentColor btnSmall btnFullWidth btTextCenter btnRightPosition btnIco\" ><span class=\"btnInnerText\">CALCULAR EL COSTE<\/span><span class=\"btIco\"><span  data-ico-fa=\"&#xf061;\" class=\"btIcoHolder\"><\/span><\/span><\/a><div class=\"btClear btSeparator topSmallSpaced bottomSmallSpaced noBorder\" ><hr><\/div><\/div><\/div><\/div><\/div><\/div><\/div><\/div><\/section><section id=\"bt_section69e47d383dd16\"  class=\"boldSection topSpaced bottomSemiSpaced btLightSkin gutter inherit\" ><div class=\"port\"><div class=\"boldCell\"><div class=\"boldCellInner\"><div class=\"boldRow\" ><div class=\"boldRowInner\"><div class=\"rowItem col-md-3 col-sm-6 col-ms-12 btTextLeft\"  data-width=\"3\"><div class=\"rowItemContent\" ><\/div><\/div><div class=\"rowItem col-md-6 col-sm-12 btTextCenter animate animate-fadein inherit\"  data-width=\"6\"><div class=\"rowItemContent\" ><header class=\"header btClear extralarge\" ><div class=\"btSuperTitle\"><span>ALGO M\u00c1S QUE PROPIEDADES<\/span><\/div><div class=\"dash\"><h1><span class=\"headline\">Caracter\u00edsticas de nuestro trabajo<\/span><\/h1><\/div><div class=\"btSubTitle\">Le recomendamos una opci\u00f3n de permiso de residencia que se ajuste a sus objetivos individuales.<\/div><\/header><div class=\"btClear btSeparator bottomSemiSpaced noBorder\" ><hr><\/div><\/div><\/div><div class=\"rowItem col-md-3 col-sm-6 col-ms-12 btTextLeft\"  data-width=\"3\"><div class=\"rowItemContent\" ><\/div><\/div><\/div><\/div><div class=\"boldRow\" ><div class=\"boldRowInner\"><div class=\"rowItem col-md-12 col-ms-12  btTextCenter animate animate-fadein inherit\"  data-width=\"12\"><div class=\"rowItemContent\" ><div class=\"servicesItem  btIcoAccentColorIcon btIcoBigSizeIcon\"><div class=\"sIcon\"><span class=\"btIco btIcoBigSize btIcoDefaultType btIcoAccentColor\"><span  data-ico-bs=\"&#xf16b;\" class=\"btIcoHolder\"><\/span><\/span><\/div><div class=\"sTxt\"><header class=\"header btClear small\" ><div class=\"btSuperTitle\"><span>Fondos a partir de 500.000 euros<\/span><\/div><div class=\"dash\"><\/div><div class=\"btSubTitle\">Compra de participaciones de fondos de inversi\u00f3n o fondos de capital riesgo con una rentabilidad que oscila entre 3% y 10% anuales. Una inversi\u00f3n de 500 mil es devuelta por el fondo de inversi\u00f3n al cabo de 5-10 a\u00f1os dependiendo del fondo elegido.<\/div><\/header><\/div><\/div><div class=\"btClear btSeparator bottomSemiSpaced noBorder\" ><hr><\/div><\/div><\/div><\/div><\/div><div class=\"boldRow\" ><div class=\"boldRowInner\"><div class=\"rowItem col-md-4 col-ms-12 btTextCenter animate animate-fadein inherit\"  data-width=\"4\"><div class=\"rowItemContent\" ><div class=\"servicesItem  btIcoAccentColorIcon btIcoBigSizeIcon\"><div class=\"sIcon\"><span class=\"btIco btIcoBigSize btIcoDefaultType btIcoAccentColor\"><span  data-ico-bs=\"&#xf156;\" class=\"btIcoHolder\"><\/span><\/span><\/div><div class=\"sTxt\"><header class=\"header btClear small\" ><div class=\"btSuperTitle\"><span>Empresas a partir de 500.000<\/span><\/div><div class=\"dash\"><\/div><div class=\"btSubTitle\">Crear al menos 10 puestos de trabajo en Portugal para la poblaci\u00f3n local. O invierte en una empresa en Portugal a partir de 500.000 euros y crea 5 puestos de trabajo.<\/div><\/header><\/div><\/div><div class=\"btClear btSeparator bottomSemiSpaced noBorder\" ><hr><\/div><\/div><\/div><div class=\"rowItem col-md-4 col-ms-12 btTextCenter animate animate-fadein inherit\"  data-width=\"4\"><div class=\"rowItemContent\" ><div class=\"servicesItem  btIcoAccentColorIcon btIcoBigSizeIcon\"><div class=\"sIcon\"><span class=\"btIco btIcoBigSize btIcoDefaultType btIcoAccentColor\"><span  data-ico-s7=\"&#xe662;\" class=\"btIcoHolder\"><\/span><\/span><\/div><div class=\"sTxt\"><header class=\"header btClear small\" ><div class=\"btSuperTitle\"><span>Cultura a partir de 250.000 euros<\/span><\/div><div class=\"dash\"><\/div><div class=\"btSubTitle\">Contribuci\u00f3n \u00fanica no reembolsable para apoyar la producci\u00f3n art\u00edstica, la restauraci\u00f3n y la conservaci\u00f3n del patrimonio cultural nacional.<\/div><\/header><\/div><\/div><div class=\"btClear btSeparator bottomSemiSpaced noBorder\" ><hr><\/div><\/div><\/div><div class=\"rowItem col-md-4 col-ms-12 btTextCenter animate animate-fadein inherit\"  data-width=\"4\"><div class=\"rowItemContent\" ><div class=\"servicesItem  btIcoAccentColorIcon btIcoBigSizeIcon\"><div class=\"sIcon\"><span class=\"btIco btIcoBigSize btIcoDefaultType btIcoAccentColor\"><span  data-ico-s7=\"&#xe60f;\" class=\"btIcoHolder\"><\/span><\/span><\/div><div class=\"sTxt\"><header class=\"header btClear small\" ><div class=\"btSuperTitle\"><span>Ciencia a partir de 500.000<\/span><\/div><div class=\"dash\"><\/div><div class=\"btSubTitle\">Patrocinio irrevocable de actividades de I+D de empresas en el marco del Programa de Ciencia y Tecnolog\u00eda portugu\u00e9s por un importe igual o superior a 500.000 euros.<\/div><\/header><\/div><\/div><div class=\"btClear btSeparator bottomSemiSpaced noBorder\" ><hr><\/div><\/div><\/div><\/div><\/div><\/div><\/div><\/div><\/section><\/p>","protected":false},"excerpt":{"rendered":"<p>El permiso de residencia o de estancia en Portugal en el marco de un programa de inversi\u00f3n se denomina \"visado de oro\". Es m\u00e1s f\u00e1cil obtener este estatus que un permiso de residencia ordinario.<\/p>","protected":false},"author":1,"featured_media":3031,"parent":0,"menu_order":0,"comment_status":"closed","ping_status":"closed","template":"","meta":{"footnotes":""},"class_list":["post-1480","page","type-page","status-publish","has-post-thumbnail","hentry"],"_links":{"self":[{"href":"https:\/\/finbekgoldenvisa.com\/es\/wp-json\/wp\/v2\/pages\/1480","targetHints":{"allow":["GET"]}}],"collection":[{"href":"https:\/\/finbekgoldenvisa.com\/es\/wp-json\/wp\/v2\/pages"}],"about":[{"href":"https:\/\/finbekgoldenvisa.com\/es\/wp-json\/wp\/v2\/types\/page"}],"author":[{"embeddable":true,"href":"https:\/\/finbekgoldenvisa.com\/es\/wp-json\/wp\/v2\/users\/1"}],"replies":[{"embeddable":true,"href":"https:\/\/finbekgoldenvisa.com\/es\/wp-json\/wp\/v2\/comments?post=1480"}],"version-history":[{"count":16,"href":"https:\/\/finbekgoldenvisa.com\/es\/wp-json\/wp\/v2\/pages\/1480\/revisions"}],"predecessor-version":[{"id":3282,"href":"https:\/\/finbekgoldenvisa.com\/es\/wp-json\/wp\/v2\/pages\/1480\/revisions\/3282"}],"wp:featuredmedia":[{"embeddable":true,"href":"https:\/\/finbekgoldenvisa.com\/es\/wp-json\/wp\/v2\/media\/3031"}],"wp:attachment":[{"href":"https:\/\/finbekgoldenvisa.com\/es\/wp-json\/wp\/v2\/media?parent=1480"}],"curies":[{"name":"wp","href":"https:\/\/api.w.org\/{rel}","templated":true}]}}