{"id":1497,"date":"2016-07-22T10:28:57","date_gmt":"2016-07-22T07:28:57","guid":{"rendered":"http:\/\/finance.bold-themes.com\/main-demo\/?page_id=1497"},"modified":"2024-07-04T16:40:13","modified_gmt":"2024-07-04T15:40:13","slug":"about-us","status":"publish","type":"page","link":"https:\/\/finbekgoldenvisa.com\/es\/acerca-de-nosotros\/","title":{"rendered":"Qui\u00e9nes somos"},"content":{"rendered":"<p><section id=\"bt_section69e47cffc13d5\"  class=\"boldSection topSpaced bottomSemiSpaced btDarkSkin gutter inherit wBackground cover bt_yt_video\" style=\"background-image:url('https:\/\/finbekgoldenvisa.com\/wp-content\/uploads\/2023\/02\/Ulugbek-Suyumov-CFA-Board-Advisor-da-Joao-Mata-e-anterior-Presidente-da-CFA-Society-Portugal.jpg');\" data-property=\"{videoURL:'https:\/\/www.youtube.com\/watch?v=TsrzfqI2BP0',containment:'self',startAt:127, mute:true, stopMovieOnBlur:false}\"><div class=\"port\"><div class=\"boldCell\"><div class=\"boldCellInner\"><div class=\"boldRow\" ><div class=\"boldRowInner\"><div class=\"rowItem col-md-12 col-ms-12  btTextCenter animate animate-fadein inherit btDoublePadding\"  data-width=\"12\"><div class=\"rowItemContent\" ><div class=\"btClear btSeparator topSemiSpaced bottomSemiSpaced noBorder\" ><hr><\/div><header class=\"header btClear extralarge\" ><div class=\"btSuperTitle\"><span>Principio de funcionamiento<\/span><\/div><div class=\"dash\"><h1><span class=\"headline\">Estamos trabajando <b class=\"animate\">en ti<\/b><\/span><\/h1><\/div><div class=\"btSubTitle\">No vendemos opciones de inversi\u00f3n, sino que nos tomamos el tiempo necesario para comprender las necesidades y objetivos espec\u00edficos de cada cliente.<\/div><\/header><div class=\"btClear btSeparator topSmallSpaced bottomSmallSpaced noBorder\" ><hr><\/div><a href=\"https:\/\/finbekgoldenvisa.com\/es\/acerca-de-nosotros\/pongase-en-contacto-con\/\" class=\"btBtn btBtn btnFilledStyle btnAccentColor btnMedium btnNormalWidth btnRightPosition btnNoIcon\" ><span class=\"btnInnerText\">Asesoramiento<\/span><\/a><\/div><\/div><\/div><\/div><\/div><\/div><\/div><\/section><section id=\"bt_section69e47cffc1a94\"  class=\"boldSection topSemiSpaced bottomSemiSpaced btLightSkin gutter inherit\" ><div class=\"port\"><div class=\"boldCell\"><div class=\"boldCellInner\"><div class=\"boldRow\" ><div class=\"boldRowInner\"><div class=\"rowItem col-md-3 col-sm-6 col-ms-12 btTextCenter inherit\"  data-width=\"3\"><div class=\"rowItemContent\" ><div class=\"btClear btSeparator topExtraSmallSpaced noBorder\" ><hr><\/div><div class=\"bpgPhoto  btRoundedImage\" ><div class = \"btImage\"><img decoding=\"async\" src=\"https:\/\/finbekgoldenvisa.com\/wp-content\/uploads\/2023\/02\/ulugbeksuyumov.jpg\" alt=\"Ulugbek Suyumov, Director General de Finbek\" title=\"Asesoramiento financiero con un toque personal\"><\/div><\/div><div class=\"btClear btSeparator bottomSmallSpaced noBorder\" ><hr><\/div><header class=\"header btClear extrasmall\" ><div class=\"dash\"><h4><span class=\"headline\">FINBEK &amp; PSI CEO <\/span><\/h4><\/div><div class=\"btSubTitle\">Lisboa, Portugal<\/div><\/header><div class=\"btClear btSeparator bottomSmallSpaced noBorder\" ><hr><\/div><\/div><\/div><div class=\"rowItem col-md-6 col-sm-12 btTextLeft inherit\"  data-width=\"6\"><div class=\"rowItemContent\" ><header class=\"header btClear huge\" ><div class=\"dash\"><h1><span class=\"headline\">Ulugbek <b class=\"animate\">Suyumov<\/b><\/span><\/h1><\/div><div class=\"btSubTitle\">Me enorgullece ofrecer a los clientes una oportunidad \u00fanica de asegurar su futuro en Europa, as\u00ed como de realizar inversiones rentables. Para ayudarle a tomar la decisi\u00f3n correcta, seleccionamos cuidadosamente las opciones que mejor se adaptan a sus circunstancias particulares.<\/p><br><p><\/div><\/header><div class=\"btTabs tabsVertical\"><ul class=\"tabsHeader\"><li><span>Misi\u00f3n<\/span><\/li><\/ul><div class=\"tabPanes accordionPanes\"><div class=\"tabPane\">\r\n\t\t\t<div class=\"tabAccordionTitle\"><span>Misi\u00f3n<\/span><\/div>\r\n\t\t\t<div class=\"tabAccordionContent\"><div class=\"btText\" ><\/p>\n<p>Como director general de empresas especializadas en la obtenci\u00f3n de un visado de oro en Portugal y otros pa\u00edses Schengen, as\u00ed como en la oferta de una amplia gama de fondos de inversi\u00f3n y opciones inmobiliarias, me enorgullezco de ofrecer a los clientes una oportunidad \u00fanica de asegurar su futuro en Europa, as\u00ed como de realizar inversiones rentables.<\/p>\n<p>Con m\u00e1s de 20 a\u00f1os de experiencia en finanzas, inversiones e inmobiliario, me apasiona ayudar a los clientes a tener \u00e9xito y guiarlos hacia la estabilidad financiera y la prosperidad.<\/p>\n<p>Creo firmemente en el poder de las inversiones inteligentes y en la importancia de vivir con seguridad, y mi misi\u00f3n es llevar estas oportunidades al mayor n\u00famero de personas posible.<\/p>\n<p>Tanto si desea iniciar una nueva vida en Europa como si simplemente quiere asegurar su futuro financiero, estoy aqu\u00ed para ayudarle.<\/p>\n<p>\n<\/div><\/div>\r\n\t\t<\/div><\/div><\/div><div class=\"btTabs tabsVertical\"><ul class=\"tabsHeader\"><li><span>Finbek<\/span><\/li><\/ul><div class=\"tabPanes accordionPanes\"><div class=\"tabPane\">\r\n\t\t\t<div class=\"tabAccordionTitle\"><span>Finbek<\/span><\/div>\r\n\t\t\t<div class=\"tabAccordionContent\"><div class=\"btText\" ><\/p>\n<p>Finbek abre sus puertas a los extranjeros que deseen invertir en Portugal y obtener permisos de residencia. Finbek tambi\u00e9n ayuda a las empresas portuguesas y espa\u00f1olas a entrar en los mercados centroasi\u00e1ticos en r\u00e1pido crecimiento de Azerbaiy\u00e1n, Kazajst\u00e1n, Uzbekist\u00e1n y otros pa\u00edses.<\/p>\n<p>\n<\/div><\/div>\r\n\t\t<\/div><\/div><\/div><div class=\"btTabs tabsVertical\"><ul class=\"tabsHeader\"><li><span>Soluciones inmobiliarias internacionales<\/span><\/li><\/ul><div class=\"tabPanes accordionPanes\"><div class=\"tabPane\">\r\n\t\t\t<div class=\"tabAccordionTitle\"><span>Soluciones inmobiliarias internacionales<\/span><\/div>\r\n\t\t\t<div class=\"tabAccordionContent\"><div class=\"btText\" ><\/p>\n<p>PSI es un agente de la propiedad con licencia completa en Portugal y ayuda a los clientes a encontrar oportunidades de inversi\u00f3n que no est\u00e1n en el mercado abierto y que ofrecen rendimientos excepcionales. La experiencia de la empresa abarca una amplia gama de activos, incluidos hoteles, edificios de oficinas, PBSA, viviendas para la tercera edad y activos que producen ingresos. PSI tambi\u00e9n ofrece servicios de asesoramiento sin parang\u00f3n a promotores inmobiliarios interesados en crear fondos de capital riesgo para gestionar sus propias inversiones.<\/p>\n<p>\n<\/div><\/div>\r\n\t\t<\/div><\/div><\/div><div class=\"btClear btSeparator bottomExtraSmallSpaced noBorder\" ><hr><\/div><\/div><\/div><div class=\"rowItem col-md-3 col-sm-6 col-ms-12 btTextLeft inherit\"  data-width=\"3\"><div class=\"rowItemContent\" ><header class=\"header btClear small\" ><div class=\"btSuperTitle\"><span>CONTACTOS<\/span><\/div><\/header><div class=\"btClear btSeparator bottomExtraSmallSpaced noBorder\" ><hr><\/div><div class=\"btIconImageRow\" ><span class=\"btIco btIcoFilledType btIcoMediumSize btIcoAccentColor\"><a href=\"https:\/\/www.facebook.com\/usuyumov\"  target=\"no_target\" data-ico-fa=\"&#xf09a;\" class=\"btIcoHolder\"><\/a><\/span><span class=\"btIco btIcoFilledType btIcoMediumSize btIcoAccentColor\"><a href=\"https:\/\/www.linkedin.com\/in\/ulugbek-suyumov-cfa-95189b\/\"  target=\"no_target\" data-ico-fa=\"&#xf0e1;\" class=\"btIcoHolder\"><\/a><\/span><span class=\"btIco btIcoFilledType btIcoMediumSize btIcoAccentColor\"><span  data-ico-fa=\"&#xf0e0;\" class=\"btIcoHolder\"><\/span><\/span><\/div><div class=\"btClear btSeparator topSmallSpaced bottomSmallSpaced noBorder\" ><hr><\/div><header class=\"header btClear small\" ><div class=\"btSuperTitle\"><span>FECHA DE NACIMIENTO<\/span><\/div><div class=\"dash\"><h4><span class=\"headline\">29 de septiembre de 1975.<\/span><\/h4><\/div><\/header><div class=\"btClear btSeparator bottomSmallSpaced noBorder\" ><hr><\/div><header class=\"header btClear small\" ><div class=\"btSuperTitle\"><span>LUGAR DE NACIMIENTO<\/span><\/div><div class=\"dash\"><h4><span class=\"headline\">Tashkent, Uzbekist\u00e1n<\/span><\/h4><\/div><\/header><div class=\"btClear btSeparator bottomExtraSmallSpaced noBorder\" ><hr><\/div><\/div><\/div><\/div><\/div><\/div><\/div><\/div><\/section><section id=\"bt_section69e47cffc213c\"  class=\"boldSection topSemiSpaced bottomSemiSpaced gutter inherit\" style=\"background-color:#f4f4f4;\"><div class=\"port\"><div class=\"boldCell\"><div class=\"boldCellInner\"><div class=\"boldRow\" ><div class=\"boldRowInner\"><div class=\"rowItem col-md-6 col-sm-12 btTextLeft animate animate-fadein inherit\"  data-width=\"6\"><div class=\"rowItemContent\" ><div class=\"btText\" ><\/p>\n<p><iframe loading=\"lazy\" title=\"Consulta sobre el programa Visado de Oro a Portugal\" width=\"1200\" height=\"675\" src=\"https:\/\/www.youtube.com\/embed\/cG5k-mzJZVA?feature=oembed\" frameborder=\"0\" allow=\"accelerometer; autoplay; clipboard-write; encrypted-media; gyroscope; picture-in-picture; web-share\" referrerpolicy=\"strict-origin-when-cross-origin\" allowfullscreen><\/iframe><\/p>\n<p>\n<\/div><div class=\"btClear btSeparator bottomSmallSpaced noBorder\" ><hr><\/div><\/div><\/div><div class=\"rowItem col-md-6 col-sm-12 btTextLeft animate animate-fadein btMiddleVertical\"  data-width=\"6\"><div class=\"rowItemContent\" ><header class=\"header btClear extralarge\" ><div class=\"btSuperTitle\"><span>CUESTIONES CLAVE<\/span><\/div><div class=\"dash\"><h1><span class=\"headline\">Breve informaci\u00f3n sobre el programa<\/span><\/h1><\/div><div class=\"btSubTitle\">Concierte ahora su consulta gratuita. Responderemos a sus preguntas y le ayudaremos a elegir la mejor soluci\u00f3n.<\/div><\/header><div class=\"btClear btSeparator bottomSmallSpaced noBorder\" ><hr><\/div><a href=\"https:\/\/finbekgoldenvisa.com\/es\/acerca-de-nosotros\/pongase-en-contacto-con\/\" class=\"btBtn btBtn btnFilledStyle btnAccentColor btnMedium btnNormalWidth btnRightPosition btnNoIcon\" ><span class=\"btnInnerText\">CONSULTA<\/span><\/a><div class=\"btClear btSeparator bottomSmallSpaced noBorder\" ><hr><\/div><\/div><\/div><\/div><\/div><div class=\"boldRow\" ><div class=\"boldRowInner\"><div class=\"rowItem col-md-12 col-ms-12  btTextLeft\"  data-width=\"12\"><div class=\"rowItemContent\" ><div class=\"btClear btSeparator topSemiSpaced noBorder\" ><hr><\/div><\/div><\/div><\/div><\/div><div class=\"boldRow\" ><div class=\"boldRowInner\"><div class=\"rowItem col-md-12 col-ms-12  btTextCenter animate animate-fadein inherit\"  data-width=\"12\"><div class=\"rowItemContent\" ><div class=\"servicesItem  btIcoAccentColorIcon btIcoBigSizeIcon\"><div class=\"sIcon\"><span class=\"btIco btIcoBigSize btIcoDefaultType btIcoAccentColor\"><span  data-ico-bs=\"&#xf16b;\" class=\"btIcoHolder\"><\/span><\/span><\/div><div class=\"sTxt\"><header class=\"header btClear small\" ><div class=\"btSuperTitle\"><span>Fondos a partir de 500.000 euros<\/span><\/div><div class=\"dash\"><\/div><div class=\"btSubTitle\">Compra de participaciones de fondos de inversi\u00f3n o fondos de capital riesgo con una rentabilidad que oscila entre 3% y 10% anuales. Una inversi\u00f3n de 500 mil es devuelta por el fondo de inversi\u00f3n al cabo de 5-10 a\u00f1os dependiendo del fondo elegido.<\/div><\/header><\/div><\/div><div class=\"btClear btSeparator bottomSemiSpaced noBorder\" ><hr><\/div><\/div><\/div><\/div><\/div><div class=\"boldRow\" ><div class=\"boldRowInner\"><div class=\"rowItem col-md-4 col-ms-12 btTextCenter animate animate-fadein inherit\"  data-width=\"4\"><div class=\"rowItemContent\" ><div class=\"servicesItem  btIcoAccentColorIcon btIcoBigSizeIcon\"><div class=\"sIcon\"><span class=\"btIco btIcoBigSize btIcoDefaultType btIcoAccentColor\"><span  data-ico-bs=\"&#xf156;\" class=\"btIcoHolder\"><\/span><\/span><\/div><div class=\"sTxt\"><header class=\"header btClear small\" ><div class=\"btSuperTitle\"><span>Empresas a partir de 500.000<\/span><\/div><div class=\"dash\"><\/div><div class=\"btSubTitle\">Crear al menos 10 puestos de trabajo en Portugal para la poblaci\u00f3n local. O invierte en una empresa en Portugal a partir de 500.000 euros y crea 5 puestos de trabajo.<\/div><\/header><\/div><\/div><div class=\"btClear btSeparator bottomSemiSpaced noBorder\" ><hr><\/div><\/div><\/div><div class=\"rowItem col-md-4 col-ms-12 btTextCenter animate animate-fadein inherit\"  data-width=\"4\"><div class=\"rowItemContent\" ><div class=\"servicesItem  btIcoAccentColorIcon btIcoBigSizeIcon\"><div class=\"sIcon\"><span class=\"btIco btIcoBigSize btIcoDefaultType btIcoAccentColor\"><span  data-ico-s7=\"&#xe662;\" class=\"btIcoHolder\"><\/span><\/span><\/div><div class=\"sTxt\"><header class=\"header btClear small\" ><div class=\"btSuperTitle\"><span>Cultura a partir de 250.000 euros<\/span><\/div><div class=\"dash\"><\/div><div class=\"btSubTitle\">Contribuci\u00f3n \u00fanica no reembolsable para apoyar la producci\u00f3n art\u00edstica, la restauraci\u00f3n y la conservaci\u00f3n del patrimonio cultural nacional.<\/div><\/header><\/div><\/div><div class=\"btClear btSeparator bottomSemiSpaced noBorder\" ><hr><\/div><\/div><\/div><div class=\"rowItem col-md-4 col-ms-12 btTextCenter animate animate-fadein inherit\"  data-width=\"4\"><div class=\"rowItemContent\" ><div class=\"servicesItem  btIcoAccentColorIcon btIcoBigSizeIcon\"><div class=\"sIcon\"><span class=\"btIco btIcoBigSize btIcoDefaultType btIcoAccentColor\"><span  data-ico-s7=\"&#xe60f;\" class=\"btIcoHolder\"><\/span><\/span><\/div><div class=\"sTxt\"><header class=\"header btClear small\" ><div class=\"btSuperTitle\"><span>Ciencia a partir de 500.000<\/span><\/div><div class=\"dash\"><\/div><div class=\"btSubTitle\">Patrocinio irrevocable de actividades de I+D de empresas en el marco del Programa de Ciencia y Tecnolog\u00eda portugu\u00e9s por un importe igual o superior a 500.000 euros.<\/div><\/header><\/div><\/div><div class=\"btClear btSeparator bottomSemiSpaced noBorder\" ><hr><\/div><\/div><\/div><\/div><\/div><\/div><\/div><\/div><\/section><section id=\"bt_section69e47cffc2959\"  class=\"boldSection topSmallSpaced bottomSemiSpaced btLightSkin gutter inherit\" ><div class=\"port\"><div class=\"boldCell\"><div class=\"boldCellInner\"><div class=\"boldRow\" ><div class=\"boldRowInner\"><div class=\"rowItem col-md-4 col-ms-12 btTextLeft animate animate-fadein inherit btTextIndent\"  data-width=\"4\"><div class=\"rowItemContent\" ><div class=\"bpgPhoto  btRoundedImage\" > \r\n\t\t\t\t\t<a href=\"#\" target=\"_self\" title=\"\"><\/a>\r\n\t\t\t\t\t<div class=\"boldPhotoBox\"><div class=\"bpbItem\"><div class = \"btImage\"><img decoding=\"async\" src=\"https:\/\/finbekgoldenvisa.com\/wp-content\/uploads\/2023\/01\/passport-1.jpg\" alt=\"Pasaporte portugu\u00e9s\" title=\"Obtener un visado de oro portugu\u00e9s con una inversi\u00f3n igual o superior a 280.000 euros\"><\/div><\/div><\/div>\r\n\t\t\t\t\t<div class=\"captionPane btDarkSkin btTextCenter\">\r\n\t\t\t\t\t\t<div class=\"captionTable\">\r\n\t\t\t\t\t\t\t<div class=\"captionCell\">\r\n\t\t\t\t\t\t\t\t<div class=\"captionTxt\"><header class=\"header btClear extrasmall\" ><div class=\"btSuperTitle\"><span>Obtener un visado de oro portugu\u00e9s con una inversi\u00f3n igual o superior a 280.000 euros<\/span><\/div><\/header><\/div>\r\n\t\t\t\t\t\t\t<\/div>\r\n\t\t\t\t\t\t<\/div>\r\n\t\t\t\t\t<\/div><\/div><div class=\"btClear btSeparator topExtraSmallSpaced bottomSmallSpaced noBorder\" ><hr><\/div><header class=\"header btClear small\" ><div class=\"btSuperTitle\"><span>HECHOS<\/span><\/div><div class=\"dash\"><h4><span class=\"headline\">Un visado de oro conduce a la ciudadan\u00eda<\/span><\/h4><\/div><div class=\"btSubTitle\">Han aparecido los primeros titulares del Visado de Oro que han completado su periodo de residencia de cinco a\u00f1os en Portugal, y confirman que a los participantes en el programa Visado de Oro se les concede la ciudadan\u00eda tras residir f\u00edsicamente en el pa\u00eds durante s\u00f3lo 35 d\u00edas.<\/div><\/header><div class=\"btClear btSeparator bottomSmallSpaced noBorder\" ><hr><\/div><a href=\"https:\/\/finbekgoldenvisa.com\/es\/\u0434\u0430-\u0437\u043e\u043b\u043e\u0442\u0430\u044f-\u0432\u0438\u0437\u0430-\u043f\u043e\u0440\u0442\u0443\u0433\u0430\u043b\u0438\u0438-\u0435\u0434\u0435\u0442-\u043a-\u043f\u043e\u043b\u0443\/\" class=\"btBtn btBtn btnBorderlessStyle btnNormalColor btnSmall btnNormalWidth btnRightPosition btnNoIcon\" ><span class=\"btnInnerText\">LEER M\u00c1S<\/span><\/a><div class=\"btClear btSeparator bottomSemiSpaced noBorder\" ><hr><\/div><\/div><\/div><div class=\"rowItem col-md-4 col-ms-12 btTextLeft animate animate-fadein inherit btTextIndent\"  data-width=\"4\"><div class=\"rowItemContent\" ><div class=\"bpgPhoto  btRoundedImage\" > \r\n\t\t\t\t\t<a href=\"#\" target=\"_self\" title=\"\"><\/a>\r\n\t\t\t\t\t<div class=\"boldPhotoBox\"><div class=\"bpbItem\"><div class = \"btImage\"><img decoding=\"async\" src=\"https:\/\/finbekgoldenvisa.com\/wp-content\/uploads\/2023\/02\/reformsgoldenvisa.jpg\" alt=\"Visado de oro a Portugal\" title=\"\u00daltimas noticias sobre el programa Golden Visa para Portugal\"><\/div><\/div><\/div>\r\n\t\t\t\t\t<div class=\"captionPane btDarkSkin btTextCenter\">\r\n\t\t\t\t\t\t<div class=\"captionTable\">\r\n\t\t\t\t\t\t\t<div class=\"captionCell\">\r\n\t\t\t\t\t\t\t\t<div class=\"captionTxt\"><header class=\"header btClear extrasmall\" ><div class=\"btSuperTitle\"><span>\u00daltimas noticias sobre el programa Golden Visa para Portugal<\/span><\/div><\/header><\/div>\r\n\t\t\t\t\t\t\t<\/div>\r\n\t\t\t\t\t\t<\/div>\r\n\t\t\t\t\t<\/div><\/div><div class=\"btClear btSeparator bottomSmallSpaced noBorder\" ><hr><\/div><header class=\"header btClear small\" ><div class=\"btSuperTitle\"><span>REFORMAS.<\/span><\/div><div class=\"dash\"><h4><span class=\"headline\">Destino del programa Golden Visa<\/span><\/h4><\/div><div class=\"btSubTitle\">En un discurso, el Primer Ministro Ant\u00f3nio Costa anunci\u00f3 que el Gobierno pretende revisar el r\u00e9gimen del programa portugu\u00e9s de residencia por inversi\u00f3n, conocido como Golden Visa, que incluye opciones de inversi\u00f3n inmobiliaria. <\/div><\/header><div class=\"btClear btSeparator bottomSmallSpaced noBorder\" ><hr><\/div><a href=\"https:\/\/finbekgoldenvisa.com\/es\/destino-de-la-golden-visa-portugal\/\" class=\"btBtn btBtn btnBorderlessStyle btnNormalColor btnSmall btnNormalWidth btnRightPosition btnNoIcon\" ><span class=\"btnInnerText\">LEER M\u00c1S<\/span><\/a><div class=\"btClear btSeparator bottomSemiSpaced noBorder\" ><hr><\/div><\/div><\/div><div class=\"rowItem col-md-4 col-ms-12 btTextLeft animate animate-fadein inherit btTextIndent\"  data-width=\"4\"><div class=\"rowItemContent\" ><div class=\"bpgPhoto  btRoundedImage\" > \r\n\t\t\t\t\t<a href=\"#\" target=\"_self\" title=\"\"><\/a>\r\n\t\t\t\t\t<div class=\"boldPhotoBox\"><div class=\"bpbItem\"><div class = \"btImage\"><img decoding=\"async\" src=\"https:\/\/finbekgoldenvisa.com\/wp-content\/uploads\/2023\/02\/safecountryportugal-512x480-1.jpg\" alt=\"Portugal es el pa\u00eds m\u00e1s seguro para vivir\" title=\"Portugal es el pa\u00eds m\u00e1s seguro para vivir\"><\/div><\/div><\/div>\r\n\t\t\t\t\t<div class=\"captionPane btDarkSkin btTextCenter\">\r\n\t\t\t\t\t\t<div class=\"captionTable\">\r\n\t\t\t\t\t\t\t<div class=\"captionCell\">\r\n\t\t\t\t\t\t\t\t<div class=\"captionTxt\"><header class=\"header btClear extrasmall\" ><div class=\"btSuperTitle\"><span>Portugal es el pa\u00eds m\u00e1s seguro para vivir<\/span><\/div><\/header><\/div>\r\n\t\t\t\t\t\t\t<\/div>\r\n\t\t\t\t\t\t<\/div>\r\n\t\t\t\t\t<\/div><\/div><div class=\"btClear btSeparator bottomSmallSpaced noBorder\" ><hr><\/div><header class=\"header btClear small\" ><div class=\"btSuperTitle\"><span>BELLEZA<\/span><\/div><div class=\"dash\"><h4><span class=\"headline\">El pa\u00eds m\u00e1s seguro para vivir<\/span><\/h4><\/div><div class=\"btSubTitle\">Portugal es uno de los pa\u00edses m\u00e1s pac\u00edficos y desarrollados. Sus habitantes est\u00e1n rodeados de una rica historia, arquitectura y cultura. M\u00e1s de 300 millones de personas en el mundo hablan portugu\u00e9s, lo que ofrece infinitas oportunidades de comunicaci\u00f3n y socializaci\u00f3n.<\/div><\/header><div class=\"btClear btSeparator bottomSmallSpaced noBorder\" ><hr><\/div><a href=\"https:\/\/finbekgoldenvisa.com\/es\/pais-mas-pacifico\/\" class=\"btBtn btBtn btnBorderlessStyle btnNormalColor btnSmall btnNormalWidth btnRightPosition btnNoIcon\" ><span class=\"btnInnerText\">LEER M\u00c1S<\/span><\/a><div class=\"btClear btSeparator bottomSemiSpaced noBorder\" ><hr><\/div><\/div><\/div><\/div><\/div><\/div><\/div><\/div><\/section><\/p>","protected":false},"excerpt":{"rendered":"<p>Aproveche las ventajas de vivir con seguridad. Nosotros tambi\u00e9n hemos recorrido este camino. <\/br><br \/>\nLe invitamos a que recurra a nuestra experiencia y a nuestro compromiso inquebrantable.<\/p>","protected":false},"author":1,"featured_media":2758,"parent":0,"menu_order":0,"comment_status":"closed","ping_status":"closed","template":"","meta":{"footnotes":""},"class_list":["post-1497","page","type-page","status-publish","has-post-thumbnail","hentry"],"_links":{"self":[{"href":"https:\/\/finbekgoldenvisa.com\/es\/wp-json\/wp\/v2\/pages\/1497","targetHints":{"allow":["GET"]}}],"collection":[{"href":"https:\/\/finbekgoldenvisa.com\/es\/wp-json\/wp\/v2\/pages"}],"about":[{"href":"https:\/\/finbekgoldenvisa.com\/es\/wp-json\/wp\/v2\/types\/page"}],"author":[{"embeddable":true,"href":"https:\/\/finbekgoldenvisa.com\/es\/wp-json\/wp\/v2\/users\/1"}],"replies":[{"embeddable":true,"href":"https:\/\/finbekgoldenvisa.com\/es\/wp-json\/wp\/v2\/comments?post=1497"}],"version-history":[{"count":199,"href":"https:\/\/finbekgoldenvisa.com\/es\/wp-json\/wp\/v2\/pages\/1497\/revisions"}],"predecessor-version":[{"id":3280,"href":"https:\/\/finbekgoldenvisa.com\/es\/wp-json\/wp\/v2\/pages\/1497\/revisions\/3280"}],"wp:featuredmedia":[{"embeddable":true,"href":"https:\/\/finbekgoldenvisa.com\/es\/wp-json\/wp\/v2\/media\/2758"}],"wp:attachment":[{"href":"https:\/\/finbekgoldenvisa.com\/es\/wp-json\/wp\/v2\/media?parent=1497"}],"curies":[{"name":"wp","href":"https:\/\/api.w.org\/{rel}","templated":true}]}}