{"id":1629,"date":"2016-08-01T10:31:37","date_gmt":"2016-08-01T07:31:37","guid":{"rendered":"http:\/\/finance.bold-themes.com\/main-demo\/?page_id=1629"},"modified":"2025-08-01T14:39:47","modified_gmt":"2025-08-01T13:39:47","slug":"current-projects","status":"publish","type":"page","link":"https:\/\/finbekgoldenvisa.com\/es\/proyectos-en-curso\/","title":{"rendered":"Fondos de inversi\u00f3n"},"content":{"rendered":"<p><section id=\"bt_section69e66ef406f43\"  class=\"boldSection topSpaced bottomSemiSpaced btLightSkin gutter inherit\" ><div class=\"port\"><div class=\"boldCell\"><div class=\"boldCellInner\"><div class=\"boldRow\" ><div class=\"boldRowInner\"><div class=\"rowItem col-md-8 col-ms-12 btTextLeft animate animate-fadein inherit\"  data-width=\"8\"><div class=\"rowItemContent\" ><header class=\"header btClear extralarge\" ><div class=\"dash\"><h1><span class=\"headline\">Fondo para el Desarrollo del Turismo de Naturaleza<\/span><\/h1><\/div><\/header><div class=\"btClear btSeparator topSmallSpaced noBorder\" ><hr><\/div><div class=\"bpgPhoto\" ><div class = \"btImage\"><img decoding=\"async\" src=\"https:\/\/finbekgoldenvisa.com\/wp-content\/uploads\/2024\/03\/Hospitality-Fund-ETP.png\" alt=\"\" title=\"\"><\/div><\/div><div class=\"btClear btSeparator bottomSemiSpaced noBorder\" ><hr><\/div><\/div><\/div><div class=\"rowItem col-md-4 col-ms-12 btTextLeft animate animate-fadein btHighlight inherit btDoublePadding btLightSkin\"  data-width=\"4\"><div class=\"rowItemContent\" style = \"background-image: url(https:\/\/finbekgoldenvisa.com\/wp-content\/uploads\/2016\/07\/background_5.jpg); \"><div class=\"btClear btSeparator topSmallSpaced bottomSmallSpaced noBorder\" ><hr><\/div><header class=\"header btClear large\" ><div class=\"dash\"><h2><span class=\"headline\">Hotel Ocean View<\/span><\/h2><\/div><div class=\"btSubTitle\">El hotel de 4 estrellas consta de 46 confortables habitaciones con magn\u00edficas vistas a la playa y a la laguna de Santo Andr\u00e9.<\/div><\/header><div class=\"btClear btSeparator topSmallSpaced noBorder\" ><hr><\/div><div class=\"servicesItem  btIcoAccentColorIcon btIcoExtraSmallSizeIcon\"><div class=\"sIcon\"><span class=\"btIco btIcoExtraSmallSize btIcoDefaultType btIcoAccentColor\"><span  data-ico-s7=\"&#xe648;\" class=\"btIcoHolder\"><\/span><\/span><\/div><div class=\"sTxt\"><header class=\"header btClear small\" ><div class=\"btSuperTitle\"><span>Inversi\u00f3n m\u00ednima<\/span><\/div><div class=\"dash\"><\/div><div class=\"btSubTitle\">\u20ac100 K<\/div><\/header><\/div><\/div><div class=\"btClear btSeparator bottomSmallSpaced noBorder\" ><hr><\/div><div class=\"btClear btSeparator bottomSmallSpaced noBorder\" ><hr><\/div><div class=\"servicesItem  btIcoAccentColorIcon btIcoExtraSmallSizeIcon\"><div class=\"sIcon\"><span class=\"btIco btIcoExtraSmallSize btIcoDefaultType btIcoAccentColor\"><span  data-ico-s7=\"&#xe60c;\" class=\"btIcoHolder\"><\/span><\/span><\/div><div class=\"sTxt\"><header class=\"header btClear small\" ><div class=\"btSuperTitle\"><span>Tama\u00f1o del fondo<\/span><\/div><div class=\"dash\"><\/div><div class=\"btSubTitle\">\u20ac18 M<\/div><\/header><\/div><\/div><div class=\"btClear btSeparator topSmallSpaced bottomExtraSmallSpaced noBorder\" ><hr><\/div><a href=\"https:\/\/finbekgoldenvisa.com\/es\/acerca-de-nosotros\/pongase-en-contacto-con\/\" class=\"btBtn btBtn btnFilledStyle btnAccentColor btnMedium btnFullWidth btnRightPosition btnIco\" ><span class=\"btnInnerText\">SABER M\u00c1S<\/span><span class=\"btIco\"><span  data-ico-fa=\"&#xf061;\" class=\"btIcoHolder\"><\/span><\/span><\/a><div class=\"btClear btSeparator topSmallSpaced bottomSmallSpaced noBorder\" ><hr><\/div><\/div><\/div><\/div><\/div><\/div><\/div><\/div><\/section><section id=\"bt_section69e66ef407d69\"  class=\"boldSection topSpaced bottomSemiSpaced gutter inherit wBackground cover btBackgroundOverlay btSolidLightBackground\" style=\"background-image:url('https:\/\/finbekgoldenvisa.com\/wp-content\/uploads\/2016\/07\/background_5.jpg');\"><div class=\"port\"><div class=\"boldCell\"><div class=\"boldCellInner\"><div class=\"boldRow\" ><div class=\"boldRowInner\"><div class=\"rowItem col-md-4 col-ms-12 btTextLeft animate animate-fadein btHighlight inherit btDoublePadding btLightSkin\"  data-width=\"4\"><div class=\"rowItemContent\" style = \"background-image: url(https:\/\/finbekgoldenvisa.com\/wp-content\/uploads\/2016\/07\/background_5.jpg); \"><div class=\"btClear btSeparator topSmallSpaced bottomSmallSpaced noBorder\" ><hr><\/div><header class=\"header btClear large\" ><div class=\"dash\"><h2><span class=\"headline\">Fondo Solaris Ventures<\/span><\/h2><\/div><div class=\"btSubTitle\">Centrado en la inversi\u00f3n en acciones de proyectos solares ubicados en Portugal, en particular los que se encuentran en las primeras fases y figuran en la lista Acordo del Gobierno.<\/div><\/header><div class=\"btClear btSeparator topSmallSpaced noBorder\" ><hr><\/div><div class=\"servicesItem  btIcoAccentColorIcon btIcoExtraSmallSizeIcon\"><div class=\"sIcon\"><span class=\"btIco btIcoExtraSmallSize btIcoDefaultType btIcoAccentColor\"><span  data-ico-s7=\"&#xe648;\" class=\"btIcoHolder\"><\/span><\/span><\/div><div class=\"sTxt\"><header class=\"header btClear small\" ><div class=\"btSuperTitle\"><span>Inversi\u00f3n m\u00ednima<\/span><\/div><div class=\"dash\"><\/div><div class=\"btSubTitle\">\u20ac100 K<\/div><\/header><\/div><\/div><div class=\"btClear btSeparator bottomSmallSpaced noBorder\" ><hr><\/div><div class=\"btClear btSeparator bottomSmallSpaced noBorder\" ><hr><\/div><div class=\"servicesItem  btIcoAccentColorIcon btIcoExtraSmallSizeIcon\"><div class=\"sIcon\"><span class=\"btIco btIcoExtraSmallSize btIcoDefaultType btIcoAccentColor\"><span  data-ico-s7=\"&#xe60c;\" class=\"btIcoHolder\"><\/span><\/span><\/div><div class=\"sTxt\"><header class=\"header btClear small\" ><div class=\"btSuperTitle\"><span>Tama\u00f1o del fondo<\/span><\/div><div class=\"dash\"><\/div><div class=\"btSubTitle\">\u20ac100 M<\/div><\/header><\/div><\/div><div class=\"btClear btSeparator topSmallSpaced bottomExtraSmallSpaced noBorder\" ><hr><\/div><a href=\"https:\/\/finbekgoldenvisa.com\/es\/acerca-de-nosotros\/pongase-en-contacto-con\/\" class=\"btBtn btBtn btnFilledStyle btnAccentColor btnMedium btnFullWidth btnRightPosition btnIco\" ><span class=\"btnInnerText\">SABER M\u00c1S<\/span><span class=\"btIco\"><span  data-ico-fa=\"&#xf061;\" class=\"btIcoHolder\"><\/span><\/span><\/a><div class=\"btClear btSeparator topSmallSpaced bottomSmallSpaced noBorder\" ><hr><\/div><\/div><\/div><div class=\"rowItem col-md-8 col-ms-12 btTextLeft animate animate-fadein inherit\"  data-width=\"8\"><div class=\"rowItemContent\" ><header class=\"header btClear extralarge\" ><div class=\"dash\"><h1><span class=\"headline\">Fondo Solaris Ventures<\/span><\/h1><\/div><\/header><div class=\"btClear btSeparator topSmallSpaced noBorder\" ><hr><\/div><div class=\"bpgPhoto\" ><div class = \"btImage\"><img decoding=\"async\" src=\"https:\/\/finbekgoldenvisa.com\/wp-content\/uploads\/2024\/05\/solar-3.png\" alt=\"\" title=\"\"><\/div><\/div><div class=\"btClear btSeparator bottomSemiSpaced noBorder\" ><hr><\/div><\/div><\/div><\/div><\/div><\/div><\/div><\/div><\/section><section id=\"bt_section69e66ef40868f\"  class=\"boldSection topSpaced bottomSemiSpaced gutter inherit wBackground cover btBackgroundOverlay btSolidLightBackground\" style=\"background-image:url('https:\/\/finbekgoldenvisa.com\/wp-content\/uploads\/2016\/07\/background_5.jpg');\"><div class=\"port\"><div class=\"boldCell\"><div class=\"boldCellInner\"><div class=\"boldRow\" ><div class=\"boldRowInner\"><div class=\"rowItem col-md-4 col-ms-12 btTextLeft animate animate-fadein btHighlight inherit btDoublePadding btLightSkin\"  data-width=\"4\"><div class=\"rowItemContent\" style = \"background-image: url(https:\/\/finbekgoldenvisa.com\/wp-content\/uploads\/2016\/07\/background_5.jpg); \"><div class=\"btClear btSeparator topSmallSpaced bottomSmallSpaced noBorder\" ><hr><\/div><header class=\"header btClear large\" ><div class=\"dash\"><h2><span class=\"headline\">Fondo de propiedad multiclub<\/span><\/h2><\/div><div class=\"btSubTitle\">Este enfoque ofrece acceso estrat\u00e9gico a m\u00faltiples clubes, aprovechando su fuerza colectiva para optimizar los flujos de ingresos.<\/div><\/header><div class=\"btClear btSeparator topSmallSpaced noBorder\" ><hr><\/div><div class=\"servicesItem  btIcoAccentColorIcon btIcoExtraSmallSizeIcon\"><div class=\"sIcon\"><span class=\"btIco btIcoExtraSmallSize btIcoDefaultType btIcoAccentColor\"><span  data-ico-s7=\"&#xe648;\" class=\"btIcoHolder\"><\/span><\/span><\/div><div class=\"sTxt\"><header class=\"header btClear small\" ><div class=\"btSuperTitle\"><span>Inversi\u00f3n m\u00ednima<\/span><\/div><div class=\"dash\"><\/div><div class=\"btSubTitle\">\u20ac 100 K<\/div><\/header><\/div><\/div><div class=\"btClear btSeparator bottomSmallSpaced noBorder\" ><hr><\/div><div class=\"btClear btSeparator bottomSmallSpaced noBorder\" ><hr><\/div><div class=\"servicesItem  btIcoAccentColorIcon btIcoExtraSmallSizeIcon\"><div class=\"sIcon\"><span class=\"btIco btIcoExtraSmallSize btIcoDefaultType btIcoAccentColor\"><span  data-ico-s7=\"&#xe60c;\" class=\"btIcoHolder\"><\/span><\/span><\/div><div class=\"sTxt\"><header class=\"header btClear small\" ><div class=\"btSuperTitle\"><span>Tama\u00f1o del fondo<\/span><\/div><div class=\"dash\"><\/div><div class=\"btSubTitle\">\u20ac150 M<\/div><\/header><\/div><\/div><div class=\"btClear btSeparator topSmallSpaced bottomExtraSmallSpaced noBorder\" ><hr><\/div><a href=\"https:\/\/finbekgoldenvisa.com\/es\/acerca-de-nosotros\/pongase-en-contacto-con\/\" class=\"btBtn btBtn btnFilledStyle btnAccentColor btnMedium btnFullWidth btnRightPosition btnIco\" ><span class=\"btnInnerText\">SABER M\u00c1S<\/span><span class=\"btIco\"><span  data-ico-fa=\"&#xf061;\" class=\"btIcoHolder\"><\/span><\/span><\/a><div class=\"btClear btSeparator topSmallSpaced bottomSmallSpaced noBorder\" ><hr><\/div><\/div><\/div><div class=\"rowItem col-md-8 col-ms-12 btTextLeft animate animate-fadein inherit\"  data-width=\"8\"><div class=\"rowItemContent\" ><header class=\"header btClear extralarge\" ><div class=\"dash\"><h1><span class=\"headline\">Fondo de propiedad multiclub<\/span><\/h1><\/div><\/header><div class=\"btClear btSeparator topSmallSpaced noBorder\" ><hr><\/div><div class=\"bpgPhoto\" ><div class = \"btImage\"><img decoding=\"async\" src=\"https:\/\/finbekgoldenvisa.com\/wp-content\/uploads\/2024\/04\/estadio.webp\" alt=\"\" title=\"\"><\/div><\/div><div class=\"btClear btSeparator bottomSemiSpaced noBorder\" ><hr><\/div><\/div><\/div><\/div><\/div><\/div><\/div><\/div><\/section><section id=\"bt_section69e66ef408ffa\"  class=\"boldSection topSpaced bottomSemiSpaced gutter inherit wBackground cover btBackgroundOverlay btSolidLightBackground\" style=\"background-image:url('https:\/\/finbekgoldenvisa.com\/wp-content\/uploads\/2016\/07\/background_5.jpg');\"><div class=\"port\"><div class=\"boldCell\"><div class=\"boldCellInner\"><div class=\"boldRow\" ><div class=\"boldRowInner\"><div class=\"rowItem col-md-8 col-ms-12 btTextLeft animate animate-fadein inherit\"  data-width=\"8\"><div class=\"rowItemContent\" ><header class=\"header btClear extralarge\" ><div class=\"dash\"><h1><span class=\"headline\">Fondo Din\u00e1mico de Inversi\u00f3n<\/span><\/h1><\/div><\/header><div class=\"btClear btSeparator topSmallSpaced noBorder\" ><hr><\/div><div class=\"bpgPhoto\" ><div class = \"btImage\"><img decoding=\"async\" src=\"https:\/\/finbekgoldenvisa.com\/wp-content\/uploads\/2023\/02\/Hotel-Beja.jpg\" alt=\"Hotel Beja\" title=\"A un paso del mar, de la capital Lisboa y de la vecina Espa\u00f1a, Beja acorta distancias\"><\/div><\/div><div class=\"btClear btSeparator bottomSemiSpaced noBorder\" ><hr><\/div><\/div><\/div><div class=\"rowItem col-md-4 col-ms-12 btTextLeft animate animate-fadein btHighlight inherit btDoublePadding btLightSkin\"  data-width=\"4\"><div class=\"rowItemContent\" style = \"background-image: url(https:\/\/finbekgoldenvisa.com\/wp-content\/uploads\/2016\/07\/background_5.jpg); \"><div class=\"btClear btSeparator topSmallSpaced bottomSmallSpaced noBorder\" ><hr><\/div><header class=\"header btClear large\" ><div class=\"dash\"><h2><span class=\"headline\">Fondo Din\u00e1mico de Inversi\u00f3n<\/span><\/h2><\/div><div class=\"btSubTitle\">A un paso del mar, de Lisboa y de Espa\u00f1a, Beja acorta las distancias. El hotel est\u00e1 situado en pleno centro de la ciudad.<\/div><\/header><div class=\"btClear btSeparator topSmallSpaced noBorder\" ><hr><\/div><div class=\"servicesItem  btIcoAccentColorIcon btIcoExtraSmallSizeIcon\"><div class=\"sIcon\"><span class=\"btIco btIcoExtraSmallSize btIcoDefaultType btIcoAccentColor\"><span  data-ico-s7=\"&#xe648;\" class=\"btIcoHolder\"><\/span><\/span><\/div><div class=\"sTxt\"><header class=\"header btClear small\" ><div class=\"btSuperTitle\"><span>Inversi\u00f3n m\u00ednima<\/span><\/div><div class=\"dash\"><\/div><div class=\"btSubTitle\">\u20ac100 K<\/div><\/header><\/div><\/div><div class=\"btClear btSeparator bottomSmallSpaced noBorder\" ><hr><\/div><div class=\"btClear btSeparator bottomSmallSpaced noBorder\" ><hr><\/div><div class=\"servicesItem  btIcoAccentColorIcon btIcoExtraSmallSizeIcon\"><div class=\"sIcon\"><span class=\"btIco btIcoExtraSmallSize btIcoDefaultType btIcoAccentColor\"><span  data-ico-s7=\"&#xe60c;\" class=\"btIcoHolder\"><\/span><\/span><\/div><div class=\"sTxt\"><header class=\"header btClear small\" ><div class=\"btSuperTitle\"><span>Tama\u00f1o del fondo<\/span><\/div><div class=\"dash\"><\/div><div class=\"btSubTitle\">\u20ac &#8212;<\/div><\/header><\/div><\/div><div class=\"btClear btSeparator topSmallSpaced bottomExtraSmallSpaced noBorder\" ><hr><\/div><a href=\"https:\/\/finbekgoldenvisa.com\/es\/acerca-de-nosotros\/pongase-en-contacto-con\/\" class=\"btBtn btBtn btnFilledStyle btnAccentColor btnMedium btnFullWidth btnRightPosition btnIco\" ><span class=\"btnInnerText\">SABER M\u00c1S<\/span><span class=\"btIco\"><span  data-ico-fa=\"&#xf061;\" class=\"btIcoHolder\"><\/span><\/span><\/a><div class=\"btClear btSeparator topSmallSpaced bottomSmallSpaced noBorder\" ><hr><\/div><\/div><\/div><\/div><\/div><\/div><\/div><\/div><\/section><section id=\"bt_section69e66ef4098e3\"  class=\"boldSection topSpaced bottomSemiSpaced gutter inherit wBackground cover btBackgroundOverlay btSolidLightBackground\" style=\"background-image:url('https:\/\/finbekgoldenvisa.com\/wp-content\/uploads\/2016\/07\/background_5.jpg');\"><div class=\"port\"><div class=\"boldCell\"><div class=\"boldCellInner\"><div class=\"boldRow\" ><div class=\"boldRowInner\"><div class=\"rowItem col-md-8 col-ms-12 btTextLeft animate animate-fadein inherit\"  data-width=\"8\"><div class=\"rowItemContent\" ><header class=\"header btClear extralarge\" ><div class=\"dash\"><h1><span class=\"headline\">Fondo GreenHarvest Capital<\/span><\/h1><\/div><\/header><div class=\"btClear btSeparator topSmallSpaced noBorder\" ><hr><\/div><div class=\"bpgPhoto\" ><div class = \"btImage\"><img decoding=\"async\" src=\"https:\/\/finbekgoldenvisa.com\/wp-content\/uploads\/2024\/05\/farm-fund.jpg\" alt=\"\" title=\"\"><\/div><\/div><div class=\"btClear btSeparator bottomSemiSpaced noBorder\" ><hr><\/div><\/div><\/div><div class=\"rowItem col-md-4 col-ms-12 btTextLeft animate animate-fadein btHighlight inherit btDoublePadding btLightSkin\"  data-width=\"4\"><div class=\"rowItemContent\" style = \"background-image: url(https:\/\/finbekgoldenvisa.com\/wp-content\/uploads\/2016\/07\/background_5.jpg); \"><div class=\"btClear btSeparator topSmallSpaced bottomSmallSpaced noBorder\" ><hr><\/div><header class=\"header btClear large\" ><div class=\"dash\"><h2><span class=\"headline\">Fondo GreenHarvest Capital<\/span><\/h2><\/div><div class=\"btSubTitle\">Dedicada a revolucionar la agricultura mediante la introducci\u00f3n de infraestructuras modernas y tecnolog\u00edas innovadoras. Como inversor, usted desempe\u00f1a un papel crucial en el apoyo a las pr\u00e1cticas agr\u00edcolas sostenibles, al tiempo que fomenta el desarrollo econ\u00f3mico de las comunidades rurales de Portugal.<\/div><\/header><div class=\"btClear btSeparator topSmallSpaced noBorder\" ><hr><\/div><div class=\"servicesItem  btIcoAccentColorIcon btIcoExtraSmallSizeIcon\"><div class=\"sIcon\"><span class=\"btIco btIcoExtraSmallSize btIcoDefaultType btIcoAccentColor\"><span  data-ico-s7=\"&#xe648;\" class=\"btIcoHolder\"><\/span><\/span><\/div><div class=\"sTxt\"><header class=\"header btClear small\" ><div class=\"btSuperTitle\"><span>Inversi\u00f3n m\u00ednima<\/span><\/div><div class=\"dash\"><\/div><div class=\"btSubTitle\">\u20ac350 K<\/div><\/header><\/div><\/div><div class=\"btClear btSeparator bottomSmallSpaced noBorder\" ><hr><\/div><div class=\"btClear btSeparator bottomSmallSpaced noBorder\" ><hr><\/div><div class=\"servicesItem  btIcoAccentColorIcon btIcoExtraSmallSizeIcon\"><div class=\"sIcon\"><span class=\"btIco btIcoExtraSmallSize btIcoDefaultType btIcoAccentColor\"><span  data-ico-s7=\"&#xe60c;\" class=\"btIcoHolder\"><\/span><\/span><\/div><div class=\"sTxt\"><header class=\"header btClear small\" ><div class=\"btSuperTitle\"><span>Tama\u00f1o del fondo<\/span><\/div><div class=\"dash\"><\/div><div class=\"btSubTitle\">\u20ac100 M<\/div><\/header><\/div><\/div><div class=\"btClear btSeparator topSmallSpaced bottomExtraSmallSpaced noBorder\" ><hr><\/div><a href=\"https:\/\/finbekgoldenvisa.com\/es\/acerca-de-nosotros\/pongase-en-contacto-con\/\" class=\"btBtn btBtn btnFilledStyle btnAccentColor btnMedium btnFullWidth btnRightPosition btnIco\" ><span class=\"btnInnerText\">SABER M\u00c1S<\/span><span class=\"btIco\"><span  data-ico-fa=\"&#xf061;\" class=\"btIcoHolder\"><\/span><\/span><\/a><div class=\"btClear btSeparator topSmallSpaced bottomSmallSpaced noBorder\" ><hr><\/div><\/div><\/div><\/div><\/div><\/div><\/div><\/div><\/section><section id=\"bt_section69e66ef40a1c7\"  class=\"boldSection topSpaced bottomSemiSpaced gutter inherit wBackground cover btBackgroundOverlay btSolidLightBackground\" style=\"background-image:url('https:\/\/finbekgoldenvisa.com\/wp-content\/uploads\/2016\/07\/background_5.jpg');\"><div class=\"port\"><div class=\"boldCell\"><div class=\"boldCellInner\"><div class=\"boldRow\" ><div class=\"boldRowInner\"><div class=\"rowItem col-md-4 col-ms-12 btTextLeft animate animate-fadein btHighlight inherit btDoublePadding btLightSkin\"  data-width=\"4\"><div class=\"rowItemContent\" style = \"background-image: url(https:\/\/finbekgoldenvisa.com\/wp-content\/uploads\/2016\/07\/background_5.jpg); \"><div class=\"btClear btSeparator topSmallSpaced bottomSmallSpaced noBorder\" ><hr><\/div><header class=\"header btClear large\" ><div class=\"dash\"><h2><span class=\"headline\">Fondo de Iniciativas Tur\u00edsticas<\/span><\/h2><\/div><div class=\"btSubTitle\">Situado en la famosa y m\u00e1s conocida avenida 24 de Julho junto al r\u00edo Tajo.<\/div><\/header><div class=\"btClear btSeparator topSmallSpaced noBorder\" ><hr><\/div><div class=\"servicesItem  btIcoAccentColorIcon btIcoExtraSmallSizeIcon\"><div class=\"sIcon\"><span class=\"btIco btIcoExtraSmallSize btIcoDefaultType btIcoAccentColor\"><span  data-ico-s7=\"&#xe648;\" class=\"btIcoHolder\"><\/span><\/span><\/div><div class=\"sTxt\"><header class=\"header btClear small\" ><div class=\"btSuperTitle\"><span>Inversi\u00f3n m\u00ednima<\/span><\/div><div class=\"dash\"><\/div><div class=\"btSubTitle\">\u20ac250 K<\/div><\/header><\/div><\/div><div class=\"btClear btSeparator bottomSmallSpaced noBorder\" ><hr><\/div><div class=\"btClear btSeparator bottomSmallSpaced noBorder\" ><hr><\/div><div class=\"servicesItem  btIcoAccentColorIcon btIcoExtraSmallSizeIcon\"><div class=\"sIcon\"><span class=\"btIco btIcoExtraSmallSize btIcoDefaultType btIcoAccentColor\"><span  data-ico-s7=\"&#xe60c;\" class=\"btIcoHolder\"><\/span><\/span><\/div><div class=\"sTxt\"><header class=\"header btClear small\" ><div class=\"btSuperTitle\"><span>Tama\u00f1o del fondo<\/span><\/div><div class=\"dash\"><\/div><div class=\"btSubTitle\">\u20ac100 M<\/div><\/header><\/div><\/div><div class=\"btClear btSeparator topSmallSpaced bottomExtraSmallSpaced noBorder\" ><hr><\/div><a href=\"https:\/\/finbekgoldenvisa.com\/es\/acerca-de-nosotros\/pongase-en-contacto-con\/\" class=\"btBtn btBtn btnFilledStyle btnAccentColor btnMedium btnFullWidth btnRightPosition btnIco\" ><span class=\"btnInnerText\">SABER M\u00c1S<\/span><span class=\"btIco\"><span  data-ico-fa=\"&#xf061;\" class=\"btIcoHolder\"><\/span><\/span><\/a><div class=\"btClear btSeparator topSmallSpaced bottomSmallSpaced noBorder\" ><hr><\/div><\/div><\/div><div class=\"rowItem col-md-8 col-ms-12 btTextLeft animate animate-fadein inherit\"  data-width=\"8\"><div class=\"rowItemContent\" ><header class=\"header btClear extralarge\" ><div class=\"dash\"><h1><span class=\"headline\">Fondo de Iniciativas Tur\u00edsticas<\/span><\/h1><\/div><\/header><div class=\"btClear btSeparator topSmallSpaced noBorder\" ><hr><\/div><div class=\"bpgPhoto\" ><div class = \"btImage\"><img decoding=\"async\" src=\"https:\/\/finbekgoldenvisa.com\/wp-content\/uploads\/2023\/02\/River-Side-Hotel.jpg\" alt=\"Hotel River Side\" title=\"Hotel River Side para inversores del programa Golden Visa to Portugal\"><\/div><\/div><div class=\"btClear btSeparator bottomSemiSpaced noBorder\" ><hr><\/div><\/div><\/div><\/div><\/div><\/div><\/div><\/div><\/section><\/p>","protected":false},"excerpt":{"rendered":"<p>Le invitamos a conocer interesantes proyectos de inversi\u00f3n disponibles en el marco del programa Portugal Golden Visa.<\/p>","protected":false},"author":1,"featured_media":2350,"parent":0,"menu_order":0,"comment_status":"closed","ping_status":"closed","template":"","meta":{"footnotes":""},"class_list":["post-1629","page","type-page","status-publish","has-post-thumbnail","hentry"],"_links":{"self":[{"href":"https:\/\/finbekgoldenvisa.com\/es\/wp-json\/wp\/v2\/pages\/1629","targetHints":{"allow":["GET"]}}],"collection":[{"href":"https:\/\/finbekgoldenvisa.com\/es\/wp-json\/wp\/v2\/pages"}],"about":[{"href":"https:\/\/finbekgoldenvisa.com\/es\/wp-json\/wp\/v2\/types\/page"}],"author":[{"embeddable":true,"href":"https:\/\/finbekgoldenvisa.com\/es\/wp-json\/wp\/v2\/users\/1"}],"replies":[{"embeddable":true,"href":"https:\/\/finbekgoldenvisa.com\/es\/wp-json\/wp\/v2\/comments?post=1629"}],"version-history":[{"count":69,"href":"https:\/\/finbekgoldenvisa.com\/es\/wp-json\/wp\/v2\/pages\/1629\/revisions"}],"predecessor-version":[{"id":3328,"href":"https:\/\/finbekgoldenvisa.com\/es\/wp-json\/wp\/v2\/pages\/1629\/revisions\/3328"}],"wp:featuredmedia":[{"embeddable":true,"href":"https:\/\/finbekgoldenvisa.com\/es\/wp-json\/wp\/v2\/media\/2350"}],"wp:attachment":[{"href":"https:\/\/finbekgoldenvisa.com\/es\/wp-json\/wp\/v2\/media?parent=1629"}],"curies":[{"name":"wp","href":"https:\/\/api.w.org\/{rel}","templated":true}]}}