{"id":1163,"date":"2016-07-14T10:25:35","date_gmt":"2016-07-14T07:25:35","guid":{"rendered":"http:\/\/finance.bold-themes.com\/main-demo\/?page_id=1163"},"modified":"2024-07-04T16:31:29","modified_gmt":"2024-07-04T15:31:29","slug":"landing-page","status":"publish","type":"page","link":"https:\/\/finbekgoldenvisa.com\/pt\/","title":{"rendered":"Golden Visa em Portugal"},"content":{"rendered":"<p><section id=\"bt_section69f49a8edb64e\" data-parallax=\"0.8\" data-parallax-offset=\"0\" class=\"boldSection topExtraSmallSpaced bottomSpaced btDarkSkin gutter fullScreenHeight btBottomVertical btParallax wBackground cover\" style=\"background-color:#f4f4f4;background-image:url('https:\/\/finbekgoldenvisa.com\/wp-content\/uploads\/2023\/02\/sunset-porto-portugal.jpg');\"><div class=\"port\"><div class=\"boldCell\"><div class=\"boldCellInner\"><div class=\"boldRow\" ><div class=\"boldRowInner\"><div class=\"rowItem col-md-12 col-ms-12  btTextCenter animate animate-fadein animate-moveup inherit btDoublePadding\" style=\"background-color:rgba(255,255,255,0);\" data-width=\"12\"><div class=\"rowItemContent\" style = \"background-color:rgba(0,0,0,0);\"><div class=\"btClear btSeparator topSmallSpaced bottomSmallSpaced noBorder\" ><hr><\/div><header class=\"header btClear extralarge\" ><div class=\"btSuperTitle\"><span>Autoriza\u00e7\u00e3o de resid\u00eancia e cidadania<\/span><\/div><div class=\"dash\"><h1><span class=\"headline\">Investimentos com benef\u00edcios em Portugal<\/span><\/h1><\/div><div class=\"btSubTitle\">Aproveite todas as vantagens de ser um residente da Uni\u00e3o Europeia<\/div><\/header><div class=\"btClear btSeparator noBorder\" ><hr><\/div><a href=\"https:\/\/finbekgoldenvisa.com\/pt\/projetos-atuais\/\" class=\"btBtn btBtn btnFilledStyle btnAccentColor btnMedium btnNormalWidth btnRightPosition btnNoIcon\" ><span class=\"btnInnerText\">SELECT FUND<\/span><\/a><\/div><\/div><\/div><\/div><\/div><\/div><\/div><\/section><section id=\"bt_section69f49a8edbf19\"  class=\"boldSection topSpaced bottomSemiSpaced btLightSkin gutter inherit\" ><div class=\"port\"><div class=\"boldCell\"><div class=\"boldCellInner\"><div class=\"boldRow\" ><div class=\"boldRowInner\"><div class=\"rowItem col-md-6 col-sm-12 btTextLeft animate animate-fadein inherit btDoublePadding\"  data-width=\"6\"><div class=\"rowItemContent\" ><header class=\"header btClear extralarge\" ><div class=\"btSuperTitle\"><span>PROGRAMA<\/span><\/div><div class=\"dash\"><h1><span class=\"headline\">Golden Visa<\/span><\/h1><\/div><div class=\"btSubTitle\">Na Finbek, reconhecemos que as pessoas buscam mobilidade, seguran\u00e7a e estabilidade financeira. \u00c9 por isso que lhe oferecemos a oportunidade de se tornar um cidad\u00e3o europeu por meio do Programa de Investimento em Portugal. Voc\u00ea poder\u00e1 viajar por toda a Uni\u00e3o Europeia sem restri\u00e7\u00f5es, viver em um pa\u00eds seguro e receber assist\u00eancia m\u00e9dica e educa\u00e7\u00e3o de qualidade.<\/div><\/header><div class=\"btClear btSeparator topSmallSpaced bottomSmallSpaced noBorder\" ><hr><\/div><a href=\"https:\/\/finbekgoldenvisa.com\/pt\/sobre-nos\/contato\/\" class=\"btBtn btBtn btnFilledStyle btnAlternateColor btnMedium btnNormalWidth btnRightPosition btnNoIcon\" ><span class=\"btnInnerText\">CONSULTA<\/span><\/a><div class=\"btClear btSeparator topSmallSpaced bottomSmallSpaced noBorder\" ><hr><\/div><\/div><\/div><div class=\"rowItem col-md-6 col-sm-12 btTextRight animate animate-fadein inherit\"  data-width=\"6\"><div class=\"rowItemContent\" ><div class=\"bpgPhoto\" ><div class = \"btImage\"><img decoding=\"async\" src=\"https:\/\/finbekgoldenvisa.com\/wp-content\/uploads\/2023\/01\/passport-1.jpg\" alt=\"Passaporte portugu\u00eas\" title=\"Obter um Golden Visa portugu\u00eas com um investimento de 280.000 euros ou mais\"><\/div><\/div><\/div><\/div><\/div><\/div><div class=\"boldRow\" ><div class=\"boldRowInner\"><div class=\"rowItem col-md-12 col-ms-12  btTextLeft animate animate-fadein inherit btDoublePadding\"  data-width=\"12\"><div class=\"rowItemContent\" ><div class=\"btClear btSeparator topSmallSpaced bottomSemiSpaced border\" ><hr><\/div><\/div><\/div><\/div><\/div><div class=\"boldRow\" ><div class=\"boldRowInner\"><div class=\"rowItem col-md-4 col-ms-12 btTextLeft animate animate-fadein inherit btDoublePadding\"  data-width=\"4\"><div class=\"rowItemContent\" ><div class=\"btClear btSeparator bottomSmallSpaced noBorder\" ><hr><\/div><header class=\"header btClear large\" ><div class=\"btSuperTitle\"><span>PRIMEIRO<\/span><\/div><div class=\"dash\"><h2><span class=\"headline\">A cidadania mais acess\u00edvel<\/span><\/h2><\/div><div class=\"btSubTitle\">Os investidores estrangeiros podem comprar um passaporte dourado ou visto em mais de 30 pa\u00edses em todo o mundo, obtendo cidadania ou resid\u00eancia. Portugal est\u00e1 entre os 10 pa\u00edses com o menor limite de investimento. <\/div><\/header><div class=\"btClear btSeparator topSmallSpaced noBorder\" ><hr><\/div><a href=\"#\" class=\"btBtn btBtn btnBorderlessStyle btnAccentColor btnSmall btnNormalWidth btnRightPosition btnNoIcon\" ><span class=\"btnInnerText\">LEIA MAIS<\/span><\/a><div class=\"btClear btSeparator bottomSmallSpaced noBorder\" ><hr><\/div><\/div><\/div><div class=\"rowItem btLeftBorder col-md-4 col-ms-12 btTextLeft animate animate-fadein inherit btDoublePadding\"  data-width=\"4\"><div class=\"rowItemContent\" ><div class=\"btClear btSeparator bottomSmallSpaced noBorder\" ><hr><\/div><header class=\"header btClear large\" ><div class=\"btSuperTitle\"><span>SEGUNDO.<\/span><\/div><div class=\"dash\"><h2><span class=\"headline\">\u00c9 um lugar onde voc\u00ea trabalha para ganhar a vida<\/span><\/h2><\/div><div class=\"btSubTitle\">1700 quil\u00f4metros de litoral, o slogan \"trabalhar para viver\" e a rica culin\u00e1ria de todos os cantos do mundo atraem milhares de empreendedores e empres\u00e1rios de todo o mundo para Portugal todos os anos.<\/div><\/header><div class=\"btClear btSeparator topSmallSpaced noBorder\" ><hr><\/div><a href=\"#\" class=\"btBtn btBtn btnBorderlessStyle btnAccentColor btnSmall btnNormalWidth btnRightPosition btnNoIcon\" ><span class=\"btnInnerText\">LEIA MAIS<\/span><\/a><div class=\"btClear btSeparator bottomSmallSpaced noBorder\" ><hr><\/div><\/div><\/div><div class=\"rowItem btLeftBorder col-md-4 col-ms-12 btTextLeft animate animate-fadein inherit btDoublePadding\"  data-width=\"4\"><div class=\"rowItemContent\" ><div class=\"btClear btSeparator bottomSmallSpaced noBorder\" ><hr><\/div><header class=\"header btClear large\" ><div class=\"btSuperTitle\"><span>TERCEIRO<\/span><\/div><div class=\"dash\"><h2><span class=\"headline\">Compromissos m\u00ednimos<\/span><\/h2><\/div><div class=\"btSubTitle\">Voc\u00ea e sua fam\u00edlia n\u00e3o precisam morar ou se tornar residentes fiscais em Portugal. Para solicitar um passaporte ap\u00f3s 5 anos, voc\u00ea s\u00f3 precisa estar fisicamente presente em Portugal 7 dias por ano.<\/div><\/header><div class=\"btClear btSeparator topSmallSpaced noBorder\" ><hr><\/div><a href=\"#\" class=\"btBtn btBtn btnBorderlessStyle btnAccentColor btnSmall btnNormalWidth btnRightPosition btnNoIcon\" ><span class=\"btnInnerText\">LEIA MAIS<\/span><\/a><div class=\"btClear btSeparator bottomSmallSpaced noBorder\" ><hr><\/div><\/div><\/div><\/div><\/div><\/div><\/div><\/div><\/section><section id=\"bt_section69f49a8edcda9\" data-parallax=\"0.6\" data-parallax-offset=\"0\" class=\"boldSection topSpaced bottomSemiSpaced btDarkSkin gutter inherit btParallax wBackground cover btBackgroundOverlay btStripedDark\" style=\"background-image:url('https:\/\/finbekgoldenvisa.com\/wp-content\/uploads\/2023\/01\/Portugal-Houses-Lisbon-Night-2.jpg');\"><div class=\"port\"><div class=\"boldCell\"><div class=\"boldCellInner\"><div class=\"boldRow\" ><div class=\"boldRowInner\"><div class=\"rowItem col-md-4 col-ms-12 btTextLeft animate animate-fadein inherit\"  data-width=\"4\"><div class=\"rowItemContent\" ><header class=\"header btClear huge\" ><div class=\"dash\"><h1><span class=\"headline\">Investir<br \/><br>a partir de 500.000 euros e <b class=\"animate\">obter<\/b><\/span><\/h1><\/div><\/header><div class=\"btClear btSeparator bottomExtraSmallSpaced noBorder\" ><hr><\/div><div class=\"servicesItem  btIcoDefaultColorIcon btIcoSmallSizeIcon\"><div class=\"sIcon\"><span class=\"btIco btIcoSmallSize btIcoDefaultType btIcoDefaultColor\"><span  data-ico-s7=\"&#xe6af;\" class=\"btIcoHolder\"><\/span><\/span><\/div><div class=\"sTxt\"><header class=\"header btClear small\" ><div class=\"btSuperTitle\"><span>Autoriza\u00e7\u00e3o de resid\u00eancia na Europa<\/span><\/div><div class=\"dash\"><\/div><div class=\"btSubTitle\">com o direito de circular livremente na UE.<\/div><\/header><\/div><\/div><div class=\"btClear btSeparator bottomExtraSmallSpaced noBorder\" ><hr><\/div><div class=\"servicesItem  btIcoDefaultColorIcon btIcoSmallSizeIcon\"><div class=\"sIcon\"><span class=\"btIco btIcoSmallSize btIcoDefaultType btIcoDefaultColor\"><span  data-ico-s7=\"&#xe6af;\" class=\"btIcoHolder\"><\/span><\/span><\/div><div class=\"sTxt\"><header class=\"header btClear small\" ><div class=\"btSuperTitle\"><span>Ativo s\u00f3lido<\/span><\/div><div class=\"dash\"><\/div><div class=\"btSubTitle\">na forma de uma a\u00e7\u00e3o em um fundo m\u00fatuo.<\/div><\/header><\/div><\/div><div class=\"btClear btSeparator bottomExtraSmallSpaced noBorder\" ><hr><\/div><div class=\"servicesItem  btIcoDefaultColorIcon btIcoSmallSizeIcon\"><div class=\"sIcon\"><span class=\"btIco btIcoSmallSize btIcoDefaultType btIcoDefaultColor\"><span  data-ico-s7=\"&#xe6af;\" class=\"btIcoHolder\"><\/span><\/span><\/div><div class=\"sTxt\"><header class=\"header btClear small\" ><div class=\"btSuperTitle\"><span>Retorno sobre o investimento de at\u00e9 10%<\/span><\/div><div class=\"dash\"><\/div><div class=\"btSubTitle\">para um investimento de 500.000 euros ou mais.<br \/><br \/><\/div><\/header><\/div><\/div><div class=\"btClear btSeparator bottomExtraSmallSpaced noBorder\" ><hr><\/div><div class=\"servicesItem  btIcoDefaultColorIcon btIcoSmallSizeIcon\"><div class=\"sIcon\"><span class=\"btIco btIcoSmallSize btIcoDefaultType btIcoDefaultColor\"><span  data-ico-s7=\"&#xe6af;\" class=\"btIcoHolder\"><\/span><\/span><\/div><div class=\"sTxt\"><header class=\"header btClear small\" ><div class=\"btSuperTitle\"><span>Venda reversa<\/span><\/div><div class=\"dash\"><\/div><div class=\"btSubTitle\">Possibilidade de vender o ativo de investimento a pre\u00e7o de mercado.<br \/><br \/><\/div><\/header><\/div><\/div><div class=\"btClear btSeparator bottomExtraSmallSpaced noBorder\" ><hr><\/div><div class=\"servicesItem  btIcoDefaultColorIcon btIcoSmallSizeIcon\"><div class=\"sIcon\"><span class=\"btIco btIcoSmallSize btIcoDefaultType btIcoDefaultColor\"><span  data-ico-s7=\"&#xe6af;\" class=\"btIcoHolder\"><\/span><\/span><\/div><div class=\"sTxt\"><header class=\"header btClear small\" ><div class=\"btSuperTitle\"><span>Suporte jur\u00eddico<\/span><\/div><div class=\"dash\"><\/div><div class=\"btSubTitle\">com um advogado que fala russo em Portugal.<\/div><\/header><\/div><\/div><div class=\"btClear btSeparator bottomSemiSpaced noBorder\" ><hr><\/div><\/div><\/div><div class=\"rowItem col-md-4 col-ms-12 btTextLeft\"  data-width=\"4\"><div class=\"rowItemContent\" ><\/div><\/div><div class=\"rowItem col-md-4 col-ms-12 btTextLeft btHighlight inherit btDoublePadding btLightSkin\"  data-width=\"4\"><div class=\"rowItemContent\" style = \"background-color: rgba(255, 255, 255, 1); \"><div class=\"btClear btSeparator topSmallSpaced bottomSmallSpaced noBorder\" ><hr><\/div><header class=\"header btClear large\" ><div class=\"btSuperTitle\"><span>Transpar\u00eancia<\/span><\/div><div class=\"dash\"><h2><span class=\"headline\">Exemplo de custos<\/span><\/h2><\/div><div class=\"btSubTitle\">C\u00e1lculo do custo do programa Golden Visa para uma fam\u00edlia de 4 pessoas.<\/div><\/header><div class=\"btClear btSeparator bottomExtraSmallSpaced noBorder\" ><hr><\/div><div class=\"servicesItem  btIcoAccentColorIcon btIcoExtraSmallSizeIcon\"><div class=\"sIcon\"><span class=\"btIco btIcoExtraSmallSize btIcoDefaultType btIcoAccentColor\"><span  data-ico-s7=\"&#xe648;\" class=\"btIcoHolder\"><\/span><\/span><\/div><div class=\"sTxt\"><header class=\"header btClear small\" ><div class=\"btSuperTitle\"><span>Investimentos<\/span><\/div><div class=\"dash\"><\/div><div class=\"btSubTitle\">\u20ac500 000<\/div><\/header><\/div><\/div><div class=\"btClear btSeparator bottomExtraSmallSpaced noBorder\" ><hr><\/div><div class=\"servicesItem  btIcoAccentColorIcon btIcoExtraSmallSizeIcon\"><div class=\"sIcon\"><span class=\"btIco btIcoExtraSmallSize btIcoDefaultType btIcoAccentColor\"><span  data-ico-s7=\"&#xe68c;\" class=\"btIcoHolder\"><\/span><\/span><\/div><div class=\"sTxt\"><header class=\"header btClear small\" ><div class=\"btSuperTitle\"><span>Custos de investimento<\/span><\/div><div class=\"dash\"><\/div><div class=\"btSubTitle\">\u20ac2 100<\/div><\/header><\/div><\/div><div class=\"btClear btSeparator bottomExtraSmallSpaced noBorder\" ><hr><\/div><div class=\"servicesItem  btIcoAccentColorIcon btIcoExtraSmallSizeIcon\"><div class=\"sIcon\"><span class=\"btIco btIcoExtraSmallSize btIcoDefaultType btIcoAccentColor\"><span  data-ico-s7=\"&#xe6b4;\" class=\"btIcoHolder\"><\/span><\/span><\/div><div class=\"sTxt\"><header class=\"header btClear small\" ><div class=\"btSuperTitle\"><span>Custos de imigra\u00e7\u00e3o<\/span><\/div><div class=\"dash\"><\/div><div class=\"btSubTitle\">\u20ac49 990<\/div><\/header><\/div><\/div><div class=\"btClear btSeparator bottomExtraSmallSpaced noBorder\" ><hr><\/div><div class=\"servicesItem  btIcoAccentColorIcon btIcoExtraSmallSizeIcon\"><div class=\"sIcon\"><span class=\"btIco btIcoExtraSmallSize btIcoDefaultType btIcoAccentColor\"><span  data-ico-s7=\"&#xe62c;\" class=\"btIcoHolder\"><\/span><\/span><\/div><div class=\"sTxt\"><header class=\"header btClear small\" ><div class=\"btSuperTitle\"><span>Outras despesas<\/span><\/div><div class=\"dash\"><\/div><div class=\"btSubTitle\">(suporte jur\u00eddico)<br \/><br \/>\u20ac10 000<\/div><\/header><\/div><\/div><div class=\"btClear btSeparator bottomExtraSmallSpaced noBorder\" ><hr><\/div><div class=\"servicesItem  btIcoAccentColorIcon btIcoExtraSmallSizeIcon\"><div class=\"sIcon\"><span class=\"btIco btIcoExtraSmallSize btIcoDefaultType btIcoAccentColor\"><span  data-ico-s7=\"&#xe60c;\" class=\"btIcoHolder\"><\/span><\/span><\/div><div class=\"sTxt\"><header class=\"header btClear small\" ><div class=\"btSuperTitle\"><span>Valor total do investimento<\/span><\/div><div class=\"dash\"><\/div><div class=\"btSubTitle\">\u20ac562 090<\/div><\/header><\/div><\/div><div class=\"btClear btSeparator bottomExtraSmallSpaced noBorder\" ><hr><\/div><a href=\"https:\/\/finbekgoldenvisa.com\/pt\/calculadora-de-custos\/\" class=\"btBtn btBtn btnFilledStyle btnAccentColor btnSmall btnFullWidth btTextCenter btnRightPosition btnIco\" ><span class=\"btnInnerText\">CALCULAR O CUSTO<\/span><span class=\"btIco\"><span  data-ico-fa=\"&#xf061;\" class=\"btIcoHolder\"><\/span><\/span><\/a><div class=\"btClear btSeparator topSmallSpaced bottomSmallSpaced noBorder\" ><hr><\/div><\/div><\/div><\/div><\/div><\/div><\/div><\/div><\/section><section id=\"bt_section69f49a8eddbd0\"  class=\"boldSection topSpaced bottomSemiSpaced btLightSkin gutter inherit\" ><div class=\"port\"><div class=\"boldCell\"><div class=\"boldCellInner\"><div class=\"boldRow\" ><div class=\"boldRowInner\"><div class=\"rowItem col-md-3 col-sm-6 col-ms-12 btTextLeft\"  data-width=\"3\"><div class=\"rowItemContent\" ><\/div><\/div><div class=\"rowItem col-md-6 col-sm-12 btTextCenter animate animate-fadein inherit\"  data-width=\"6\"><div class=\"rowItemContent\" ><header class=\"header btClear extralarge\" ><div class=\"btSuperTitle\"><span>MAIS DO QUE APENAS PROPRIEDADE<\/span><\/div><div class=\"dash\"><h1><span class=\"headline\">Caracter\u00edsticas de nosso trabalho<\/span><\/h1><\/div><div class=\"btSubTitle\">Recomendamos uma op\u00e7\u00e3o de autoriza\u00e7\u00e3o de resid\u00eancia que atenda a seus objetivos individuais.<\/div><\/header><div class=\"btClear btSeparator bottomSemiSpaced noBorder\" ><hr><\/div><\/div><\/div><div class=\"rowItem col-md-3 col-sm-6 col-ms-12 btTextLeft\"  data-width=\"3\"><div class=\"rowItemContent\" ><\/div><\/div><\/div><\/div><div class=\"boldRow\" ><div class=\"boldRowInner\"><div class=\"rowItem col-md-12 col-ms-12  btTextCenter animate animate-fadein inherit\"  data-width=\"12\"><div class=\"rowItemContent\" ><div class=\"servicesItem  btIcoAccentColorIcon btIcoBigSizeIcon\"><div class=\"sIcon\"><span class=\"btIco btIcoBigSize btIcoDefaultType btIcoAccentColor\"><span  data-ico-bs=\"&#xf16b;\" class=\"btIcoHolder\"><\/span><\/span><\/div><div class=\"sTxt\"><header class=\"header btClear small\" ><div class=\"btSuperTitle\"><span>Fundo a partir de \u20ac 500.000<\/span><\/div><div class=\"dash\"><\/div><div class=\"btSubTitle\">Compra de unidades de fundos de investimento ou fundos de capital de risco com um retorno sobre o investimento que varia de 3% a 10% por ano. Um investimento de 500 mil \u00e9 devolvido pelo fundo de investimento ap\u00f3s 5 a 10 anos, dependendo do fundo escolhido.<\/div><\/header><\/div><\/div><div class=\"btClear btSeparator bottomSemiSpaced noBorder\" ><hr><\/div><\/div><\/div><\/div><\/div><div class=\"boldRow\" ><div class=\"boldRowInner\"><div class=\"rowItem col-md-4 col-ms-12 btTextCenter animate animate-fadein inherit\"  data-width=\"4\"><div class=\"rowItemContent\" ><div class=\"servicesItem  btIcoAccentColorIcon btIcoBigSizeIcon\"><div class=\"sIcon\"><span class=\"btIco btIcoBigSize btIcoDefaultType btIcoAccentColor\"><span  data-ico-s7=\"&#xe662;\" class=\"btIcoHolder\"><\/span><\/span><\/div><div class=\"sTxt\"><header class=\"header btClear small\" ><div class=\"btSuperTitle\"><span>Cultura a partir de \u20ac 250.000<\/span><\/div><div class=\"dash\"><\/div><div class=\"btSubTitle\">Uma contribui\u00e7\u00e3o \u00fanica e n\u00e3o reembols\u00e1vel para apoiar a produ\u00e7\u00e3o art\u00edstica, a restaura\u00e7\u00e3o e a preserva\u00e7\u00e3o do patrim\u00f4nio cultural nacional.<\/div><\/header><\/div><\/div><div class=\"btClear btSeparator bottomSemiSpaced noBorder\" ><hr><\/div><\/div><\/div><div class=\"rowItem col-md-4 col-ms-12 btTextCenter animate animate-fadein inherit\"  data-width=\"4\"><div class=\"rowItemContent\" ><div class=\"servicesItem  btIcoAccentColorIcon btIcoBigSizeIcon\"><div class=\"sIcon\"><span class=\"btIco btIcoBigSize btIcoDefaultType btIcoAccentColor\"><span  data-ico-s7=\"&#xe60f;\" class=\"btIcoHolder\"><\/span><\/span><\/div><div class=\"sTxt\"><header class=\"header btClear small\" ><div class=\"btSuperTitle\"><span>Ci\u00eancia a partir de \u20ac 500.000<\/span><\/div><div class=\"dash\"><\/div><div class=\"btSubTitle\">Patroc\u00ednio irrevog\u00e1vel de atividades de P&amp;D de empresas no \u00e2mbito do Programa Portugu\u00eas de Ci\u00eancia e Tecnologia por um valor igual ou superior a 500.000 euros.<\/div><\/header><\/div><\/div><div class=\"btClear btSeparator bottomSemiSpaced noBorder\" ><hr><\/div><\/div><\/div><div class=\"rowItem col-md-4 col-ms-12 btTextCenter animate animate-fadein inherit\"  data-width=\"4\"><div class=\"rowItemContent\" ><div class=\"servicesItem  btIcoAccentColorIcon btIcoBigSizeIcon\"><div class=\"sIcon\"><span class=\"btIco btIcoBigSize btIcoDefaultType btIcoAccentColor\"><span  data-ico-bs=\"&#xf156;\" class=\"btIcoHolder\"><\/span><\/span><\/div><div class=\"sTxt\"><header class=\"header btClear small\" ><div class=\"btSuperTitle\"><span>Neg\u00f3cios a partir de \u20ac 500.000<\/span><\/div><div class=\"dash\"><\/div><div class=\"btSubTitle\">Criar pelo menos 10 empregos em Portugal para a popula\u00e7\u00e3o local. Ou invista em uma empresa em Portugal a partir de 500.000 euros e crie 5 empregos.<\/div><\/header><\/div><\/div><div class=\"btClear btSeparator bottomSemiSpaced noBorder\" ><hr><\/div><\/div><\/div><\/div><\/div><\/div><\/div><\/div><\/section><\/p>","protected":false},"excerpt":{"rendered":"","protected":false},"author":1,"featured_media":0,"parent":0,"menu_order":0,"comment_status":"closed","ping_status":"closed","template":"","meta":{"footnotes":""},"class_list":["post-1163","page","type-page","status-publish","hentry"],"_links":{"self":[{"href":"https:\/\/finbekgoldenvisa.com\/pt\/wp-json\/wp\/v2\/pages\/1163","targetHints":{"allow":["GET"]}}],"collection":[{"href":"https:\/\/finbekgoldenvisa.com\/pt\/wp-json\/wp\/v2\/pages"}],"about":[{"href":"https:\/\/finbekgoldenvisa.com\/pt\/wp-json\/wp\/v2\/types\/page"}],"author":[{"embeddable":true,"href":"https:\/\/finbekgoldenvisa.com\/pt\/wp-json\/wp\/v2\/users\/1"}],"replies":[{"embeddable":true,"href":"https:\/\/finbekgoldenvisa.com\/pt\/wp-json\/wp\/v2\/comments?post=1163"}],"version-history":[{"count":329,"href":"https:\/\/finbekgoldenvisa.com\/pt\/wp-json\/wp\/v2\/pages\/1163\/revisions"}],"predecessor-version":[{"id":3276,"href":"https:\/\/finbekgoldenvisa.com\/pt\/wp-json\/wp\/v2\/pages\/1163\/revisions\/3276"}],"wp:attachment":[{"href":"https:\/\/finbekgoldenvisa.com\/pt\/wp-json\/wp\/v2\/media?parent=1163"}],"curies":[{"name":"wp","href":"https:\/\/api.w.org\/{rel}","templated":true}]}}