{"id":1497,"date":"2016-07-22T10:28:57","date_gmt":"2016-07-22T07:28:57","guid":{"rendered":"http:\/\/finance.bold-themes.com\/main-demo\/?page_id=1497"},"modified":"2024-07-04T16:40:13","modified_gmt":"2024-07-04T15:40:13","slug":"about-us","status":"publish","type":"page","link":"https:\/\/finbekgoldenvisa.com\/pt\/sobre-nos\/","title":{"rendered":"Sobre n\u00f3s"},"content":{"rendered":"<p><section id=\"bt_section69e47d0020d94\"  class=\"boldSection topSpaced bottomSemiSpaced btDarkSkin gutter inherit wBackground cover bt_yt_video\" style=\"background-image:url('https:\/\/finbekgoldenvisa.com\/wp-content\/uploads\/2023\/02\/Ulugbek-Suyumov-CFA-Board-Advisor-da-Joao-Mata-e-anterior-Presidente-da-CFA-Society-Portugal.jpg');\" data-property=\"{videoURL:'https:\/\/www.youtube.com\/watch?v=TsrzfqI2BP0',containment:'self',startAt:127, mute:true, stopMovieOnBlur:false}\"><div class=\"port\"><div class=\"boldCell\"><div class=\"boldCellInner\"><div class=\"boldRow\" ><div class=\"boldRowInner\"><div class=\"rowItem col-md-12 col-ms-12  btTextCenter animate animate-fadein inherit btDoublePadding\"  data-width=\"12\"><div class=\"rowItemContent\" ><div class=\"btClear btSeparator topSemiSpaced bottomSemiSpaced noBorder\" ><hr><\/div><header class=\"header btClear extralarge\" ><div class=\"btSuperTitle\"><span>Princ\u00edpio de opera\u00e7\u00e3o<\/span><\/div><div class=\"dash\"><h1><span class=\"headline\">Estamos trabalhando <b class=\"animate\">em voc\u00ea<\/b><\/span><\/h1><\/div><div class=\"btSubTitle\">N\u00e3o vendemos op\u00e7\u00f5es de investimento, dedicamos tempo para entender as necessidades e metas espec\u00edficas de cada cliente.<\/div><\/header><div class=\"btClear btSeparator topSmallSpaced bottomSmallSpaced noBorder\" ><hr><\/div><a href=\"https:\/\/finbekgoldenvisa.com\/pt\/sobre-nos\/contato\/\" class=\"btBtn btBtn btnFilledStyle btnAccentColor btnMedium btnNormalWidth btnRightPosition btnNoIcon\" ><span class=\"btnInnerText\">Aconselhamento<\/span><\/a><\/div><\/div><\/div><\/div><\/div><\/div><\/div><\/section><section id=\"bt_section69e47d00215ef\"  class=\"boldSection topSemiSpaced bottomSemiSpaced btLightSkin gutter inherit\" ><div class=\"port\"><div class=\"boldCell\"><div class=\"boldCellInner\"><div class=\"boldRow\" ><div class=\"boldRowInner\"><div class=\"rowItem col-md-3 col-sm-6 col-ms-12 btTextCenter inherit\"  data-width=\"3\"><div class=\"rowItemContent\" ><div class=\"btClear btSeparator topExtraSmallSpaced noBorder\" ><hr><\/div><div class=\"bpgPhoto  btRoundedImage\" ><div class = \"btImage\"><img decoding=\"async\" src=\"https:\/\/finbekgoldenvisa.com\/wp-content\/uploads\/2023\/02\/ulugbeksuyumov.jpg\" alt=\"Ulugbek Suyumov, CEO da Finbek\" title=\"Consultoria financeira com um toque pessoal\"><\/div><\/div><div class=\"btClear btSeparator bottomSmallSpaced noBorder\" ><hr><\/div><header class=\"header btClear extrasmall\" ><div class=\"dash\"><h4><span class=\"headline\">FINBEK &amp; PSI CEO <\/span><\/h4><\/div><div class=\"btSubTitle\">Lisboa, Portugal<\/div><\/header><div class=\"btClear btSeparator bottomSmallSpaced noBorder\" ><hr><\/div><\/div><\/div><div class=\"rowItem col-md-6 col-sm-12 btTextLeft inherit\"  data-width=\"6\"><div class=\"rowItemContent\" ><header class=\"header btClear huge\" ><div class=\"dash\"><h1><span class=\"headline\">Ulugbek <b class=\"animate\">Suyumov<\/b><\/span><\/h1><\/div><div class=\"btSubTitle\">Tenho orgulho de oferecer aos clientes uma oportunidade \u00fanica de garantir seu futuro na Europa e de fazer investimentos lucrativos. Para ajud\u00e1-lo a tomar a decis\u00e3o certa, selecionamos cuidadosamente as op\u00e7\u00f5es que melhor se adaptam \u00e0s suas circunst\u00e2ncias espec\u00edficas.<\/p><br><p><\/div><\/header><div class=\"btTabs tabsVertical\"><ul class=\"tabsHeader\"><li><span>Miss\u00e3o<\/span><\/li><\/ul><div class=\"tabPanes accordionPanes\"><div class=\"tabPane\">\r\n\t\t\t<div class=\"tabAccordionTitle\"><span>Miss\u00e3o<\/span><\/div>\r\n\t\t\t<div class=\"tabAccordionContent\"><div class=\"btText\" ><\/p>\n<p>Como CEO de empresas especializadas em obter um Golden Visa em Portugal e em outros pa\u00edses do Espa\u00e7o Schengen, al\u00e9m de oferecer uma ampla gama de fundos de investimento e op\u00e7\u00f5es de propriedades, tenho orgulho de oferecer aos clientes uma oportunidade \u00fanica de garantir seu futuro na Europa, al\u00e9m de fazer investimentos lucrativos.<\/p>\n<p>Com mais de 20 anos de experi\u00eancia em finan\u00e7as, investimentos e im\u00f3veis, sou apaixonado por ajudar os clientes a ter sucesso e orient\u00e1-los rumo \u00e0 estabilidade financeira e \u00e0 prosperidade.<\/p>\n<p>Acredito firmemente no poder dos investimentos inteligentes e na import\u00e2ncia de viver com seguran\u00e7a, e minha miss\u00e3o \u00e9 levar essas oportunidades ao maior n\u00famero poss\u00edvel de pessoas.<\/p>\n<p>Se voc\u00ea est\u00e1 procurando come\u00e7ar uma nova vida na Europa ou simplesmente quer garantir seu futuro financeiro, estou aqui para ajudar.<\/p>\n<p>\n<\/div><\/div>\r\n\t\t<\/div><\/div><\/div><div class=\"btTabs tabsVertical\"><ul class=\"tabsHeader\"><li><span>Finbek<\/span><\/li><\/ul><div class=\"tabPanes accordionPanes\"><div class=\"tabPane\">\r\n\t\t\t<div class=\"tabAccordionTitle\"><span>Finbek<\/span><\/div>\r\n\t\t\t<div class=\"tabAccordionContent\"><div class=\"btText\" ><\/p>\n<p>A Finbek abre suas portas para estrangeiros que desejam investir em Portugal e obter autoriza\u00e7\u00f5es de resid\u00eancia. A Finbek tamb\u00e9m ajuda empresas portuguesas e espanholas a entrar nos mercados de r\u00e1pido crescimento da \u00c1sia Central, como Azerbaij\u00e3o, Cazaquist\u00e3o, Uzbequist\u00e3o e outros.<\/p>\n<p>\n<\/div><\/div>\r\n\t\t<\/div><\/div><\/div><div class=\"btTabs tabsVertical\"><ul class=\"tabsHeader\"><li><span>Solu\u00e7\u00f5es de Propriedade Internacional<\/span><\/li><\/ul><div class=\"tabPanes accordionPanes\"><div class=\"tabPane\">\r\n\t\t\t<div class=\"tabAccordionTitle\"><span>Solu\u00e7\u00f5es de Propriedade Internacional<\/span><\/div>\r\n\t\t\t<div class=\"tabAccordionContent\"><div class=\"btText\" ><\/p>\n<p>A PSI \u00e9 uma corretora de im\u00f3veis totalmente licenciada em Portugal e ajuda os clientes a encontrar oportunidades de investimento que n\u00e3o est\u00e3o no mercado aberto e que oferecem retornos excepcionais. A experi\u00eancia da empresa abrange uma ampla gama de ativos, incluindo hot\u00e9is, edif\u00edcios de escrit\u00f3rios, PBSAs, resid\u00eancias para idosos e ativos geradores de renda. A PSI tamb\u00e9m oferece servi\u00e7os de consultoria inigual\u00e1veis para promotores imobili\u00e1rios interessados em criar fundos de capital de risco para administrar seus pr\u00f3prios investimentos.<\/p>\n<p>\n<\/div><\/div>\r\n\t\t<\/div><\/div><\/div><div class=\"btClear btSeparator bottomExtraSmallSpaced noBorder\" ><hr><\/div><\/div><\/div><div class=\"rowItem col-md-3 col-sm-6 col-ms-12 btTextLeft inherit\"  data-width=\"3\"><div class=\"rowItemContent\" ><header class=\"header btClear small\" ><div class=\"btSuperTitle\"><span>CONTATOS<\/span><\/div><\/header><div class=\"btClear btSeparator bottomExtraSmallSpaced noBorder\" ><hr><\/div><div class=\"btIconImageRow\" ><span class=\"btIco btIcoFilledType btIcoMediumSize btIcoAccentColor\"><a href=\"https:\/\/www.facebook.com\/usuyumov\"  target=\"no_target\" data-ico-fa=\"&#xf09a;\" class=\"btIcoHolder\"><\/a><\/span><span class=\"btIco btIcoFilledType btIcoMediumSize btIcoAccentColor\"><a href=\"https:\/\/www.linkedin.com\/in\/ulugbek-suyumov-cfa-95189b\/\"  target=\"no_target\" data-ico-fa=\"&#xf0e1;\" class=\"btIcoHolder\"><\/a><\/span><span class=\"btIco btIcoFilledType btIcoMediumSize btIcoAccentColor\"><span  data-ico-fa=\"&#xf0e0;\" class=\"btIcoHolder\"><\/span><\/span><\/div><div class=\"btClear btSeparator topSmallSpaced bottomSmallSpaced noBorder\" ><hr><\/div><header class=\"header btClear small\" ><div class=\"btSuperTitle\"><span>DATA DE NASCIMENTO<\/span><\/div><div class=\"dash\"><h4><span class=\"headline\">29 de setembro de 1975.<\/span><\/h4><\/div><\/header><div class=\"btClear btSeparator bottomSmallSpaced noBorder\" ><hr><\/div><header class=\"header btClear small\" ><div class=\"btSuperTitle\"><span>LOCAL DE NASCIMENTO<\/span><\/div><div class=\"dash\"><h4><span class=\"headline\">Tashkent, Uzbequist\u00e3o<\/span><\/h4><\/div><\/header><div class=\"btClear btSeparator bottomExtraSmallSpaced noBorder\" ><hr><\/div><\/div><\/div><\/div><\/div><\/div><\/div><\/div><\/section><section id=\"bt_section69e47d0021caa\"  class=\"boldSection topSemiSpaced bottomSemiSpaced gutter inherit\" style=\"background-color:#f4f4f4;\"><div class=\"port\"><div class=\"boldCell\"><div class=\"boldCellInner\"><div class=\"boldRow\" ><div class=\"boldRowInner\"><div class=\"rowItem col-md-6 col-sm-12 btTextLeft animate animate-fadein inherit\"  data-width=\"6\"><div class=\"rowItemContent\" ><div class=\"btText\" ><\/p>\n<p><iframe loading=\"lazy\" title=\"Consulta sobre o programa Golden Visa para Portugal\" width=\"1200\" height=\"675\" src=\"https:\/\/www.youtube.com\/embed\/cG5k-mzJZVA?feature=oembed\" frameborder=\"0\" allow=\"accelerometer; autoplay; clipboard-write; encrypted-media; gyroscope; picture-in-picture; web-share\" referrerpolicy=\"strict-origin-when-cross-origin\" allowfullscreen><\/iframe><\/p>\n<p>\n<\/div><div class=\"btClear btSeparator bottomSmallSpaced noBorder\" ><hr><\/div><\/div><\/div><div class=\"rowItem col-md-6 col-sm-12 btTextLeft animate animate-fadein btMiddleVertical\"  data-width=\"6\"><div class=\"rowItemContent\" ><header class=\"header btClear extralarge\" ><div class=\"btSuperTitle\"><span>PRINCIPAIS QUEST\u00d5ES<\/span><\/div><div class=\"dash\"><h1><span class=\"headline\">Breve descri\u00e7\u00e3o do programa<\/span><\/h1><\/div><div class=\"btSubTitle\">Agende sua consulta gratuita agora. Responderemos a outras perguntas e o ajudaremos a escolher a melhor solu\u00e7\u00e3o.<\/div><\/header><div class=\"btClear btSeparator bottomSmallSpaced noBorder\" ><hr><\/div><a href=\"https:\/\/finbekgoldenvisa.com\/pt\/sobre-nos\/contato\/\" class=\"btBtn btBtn btnFilledStyle btnAccentColor btnMedium btnNormalWidth btnRightPosition btnNoIcon\" ><span class=\"btnInnerText\">CONSULTA<\/span><\/a><div class=\"btClear btSeparator bottomSmallSpaced noBorder\" ><hr><\/div><\/div><\/div><\/div><\/div><div class=\"boldRow\" ><div class=\"boldRowInner\"><div class=\"rowItem col-md-12 col-ms-12  btTextLeft\"  data-width=\"12\"><div class=\"rowItemContent\" ><div class=\"btClear btSeparator topSemiSpaced noBorder\" ><hr><\/div><\/div><\/div><\/div><\/div><div class=\"boldRow\" ><div class=\"boldRowInner\"><div class=\"rowItem col-md-12 col-ms-12  btTextCenter animate animate-fadein inherit\"  data-width=\"12\"><div class=\"rowItemContent\" ><div class=\"servicesItem  btIcoAccentColorIcon btIcoBigSizeIcon\"><div class=\"sIcon\"><span class=\"btIco btIcoBigSize btIcoDefaultType btIcoAccentColor\"><span  data-ico-bs=\"&#xf16b;\" class=\"btIcoHolder\"><\/span><\/span><\/div><div class=\"sTxt\"><header class=\"header btClear small\" ><div class=\"btSuperTitle\"><span>Fundo a partir de \u20ac 500.000<\/span><\/div><div class=\"dash\"><\/div><div class=\"btSubTitle\">Compra de unidades de fundos de investimento ou fundos de capital de risco com um retorno sobre o investimento que varia de 3% a 10% por ano. Um investimento de 500 mil \u00e9 devolvido pelo fundo de investimento ap\u00f3s 5 a 10 anos, dependendo do fundo escolhido.<\/div><\/header><\/div><\/div><div class=\"btClear btSeparator bottomSemiSpaced noBorder\" ><hr><\/div><\/div><\/div><\/div><\/div><div class=\"boldRow\" ><div class=\"boldRowInner\"><div class=\"rowItem col-md-4 col-ms-12 btTextCenter animate animate-fadein inherit\"  data-width=\"4\"><div class=\"rowItemContent\" ><div class=\"servicesItem  btIcoAccentColorIcon btIcoBigSizeIcon\"><div class=\"sIcon\"><span class=\"btIco btIcoBigSize btIcoDefaultType btIcoAccentColor\"><span  data-ico-bs=\"&#xf156;\" class=\"btIcoHolder\"><\/span><\/span><\/div><div class=\"sTxt\"><header class=\"header btClear small\" ><div class=\"btSuperTitle\"><span>Neg\u00f3cios a partir de \u20ac 500.000<\/span><\/div><div class=\"dash\"><\/div><div class=\"btSubTitle\">Criar pelo menos 10 empregos em Portugal para a popula\u00e7\u00e3o local. Ou invista em uma empresa em Portugal a partir de 500.000 euros e crie 5 empregos.<\/div><\/header><\/div><\/div><div class=\"btClear btSeparator bottomSemiSpaced noBorder\" ><hr><\/div><\/div><\/div><div class=\"rowItem col-md-4 col-ms-12 btTextCenter animate animate-fadein inherit\"  data-width=\"4\"><div class=\"rowItemContent\" ><div class=\"servicesItem  btIcoAccentColorIcon btIcoBigSizeIcon\"><div class=\"sIcon\"><span class=\"btIco btIcoBigSize btIcoDefaultType btIcoAccentColor\"><span  data-ico-s7=\"&#xe662;\" class=\"btIcoHolder\"><\/span><\/span><\/div><div class=\"sTxt\"><header class=\"header btClear small\" ><div class=\"btSuperTitle\"><span>Cultura a partir de \u20ac 250.000<\/span><\/div><div class=\"dash\"><\/div><div class=\"btSubTitle\">Uma contribui\u00e7\u00e3o \u00fanica e n\u00e3o reembols\u00e1vel para apoiar a produ\u00e7\u00e3o art\u00edstica, a restaura\u00e7\u00e3o e a preserva\u00e7\u00e3o do patrim\u00f4nio cultural nacional.<\/div><\/header><\/div><\/div><div class=\"btClear btSeparator bottomSemiSpaced noBorder\" ><hr><\/div><\/div><\/div><div class=\"rowItem col-md-4 col-ms-12 btTextCenter animate animate-fadein inherit\"  data-width=\"4\"><div class=\"rowItemContent\" ><div class=\"servicesItem  btIcoAccentColorIcon btIcoBigSizeIcon\"><div class=\"sIcon\"><span class=\"btIco btIcoBigSize btIcoDefaultType btIcoAccentColor\"><span  data-ico-s7=\"&#xe60f;\" class=\"btIcoHolder\"><\/span><\/span><\/div><div class=\"sTxt\"><header class=\"header btClear small\" ><div class=\"btSuperTitle\"><span>Ci\u00eancia a partir de \u20ac 500.000<\/span><\/div><div class=\"dash\"><\/div><div class=\"btSubTitle\">Patroc\u00ednio irrevog\u00e1vel de atividades de P&amp;D de empresas no \u00e2mbito do Programa Portugu\u00eas de Ci\u00eancia e Tecnologia por um valor igual ou superior a 500.000 euros.<\/div><\/header><\/div><\/div><div class=\"btClear btSeparator bottomSemiSpaced noBorder\" ><hr><\/div><\/div><\/div><\/div><\/div><\/div><\/div><\/div><\/section><section id=\"bt_section69e47d0022519\"  class=\"boldSection topSmallSpaced bottomSemiSpaced btLightSkin gutter inherit\" ><div class=\"port\"><div class=\"boldCell\"><div class=\"boldCellInner\"><div class=\"boldRow\" ><div class=\"boldRowInner\"><div class=\"rowItem col-md-4 col-ms-12 btTextLeft animate animate-fadein inherit btTextIndent\"  data-width=\"4\"><div class=\"rowItemContent\" ><div class=\"bpgPhoto  btRoundedImage\" > \r\n\t\t\t\t\t<a href=\"#\" target=\"_self\" title=\"\"><\/a>\r\n\t\t\t\t\t<div class=\"boldPhotoBox\"><div class=\"bpbItem\"><div class = \"btImage\"><img decoding=\"async\" src=\"https:\/\/finbekgoldenvisa.com\/wp-content\/uploads\/2023\/01\/passport-1.jpg\" alt=\"Passaporte portugu\u00eas\" title=\"Obter um Golden Visa portugu\u00eas com um investimento de 280.000 euros ou mais\"><\/div><\/div><\/div>\r\n\t\t\t\t\t<div class=\"captionPane btDarkSkin btTextCenter\">\r\n\t\t\t\t\t\t<div class=\"captionTable\">\r\n\t\t\t\t\t\t\t<div class=\"captionCell\">\r\n\t\t\t\t\t\t\t\t<div class=\"captionTxt\"><header class=\"header btClear extrasmall\" ><div class=\"btSuperTitle\"><span>Obter um Golden Visa portugu\u00eas com um investimento de 280.000 euros ou mais<\/span><\/div><\/header><\/div>\r\n\t\t\t\t\t\t\t<\/div>\r\n\t\t\t\t\t\t<\/div>\r\n\t\t\t\t\t<\/div><\/div><div class=\"btClear btSeparator topExtraSmallSpaced bottomSmallSpaced noBorder\" ><hr><\/div><header class=\"header btClear small\" ><div class=\"btSuperTitle\"><span>FATOS<\/span><\/div><div class=\"dash\"><h4><span class=\"headline\">Um visto dourado leva \u00e0 cidadania<\/span><\/h4><\/div><div class=\"btSubTitle\">Os primeiros portadores do Golden Visa que completaram seu per\u00edodo de resid\u00eancia de cinco anos em Portugal foram conhecidos e confirmam que os participantes do programa Golden Visa recebem a cidadania ap\u00f3s residirem fisicamente no pa\u00eds por apenas 35 dias.<\/div><\/header><div class=\"btClear btSeparator bottomSmallSpaced noBorder\" ><hr><\/div><a href=\"https:\/\/finbekgoldenvisa.com\/pt\/\u0434\u0430-\u0437\u043e\u043b\u043e\u0442\u0430\u044f-\u0432\u0438\u0437\u0430-\u043f\u043e\u0440\u0442\u0443\u0433\u0430\u043b\u0438\u0438-\u0435\u0434\u0435\u0442-\u043a-\u043f\u043e\u043b\u0443\/\" class=\"btBtn btBtn btnBorderlessStyle btnNormalColor btnSmall btnNormalWidth btnRightPosition btnNoIcon\" ><span class=\"btnInnerText\">LEIA MAIS<\/span><\/a><div class=\"btClear btSeparator bottomSemiSpaced noBorder\" ><hr><\/div><\/div><\/div><div class=\"rowItem col-md-4 col-ms-12 btTextLeft animate animate-fadein inherit btTextIndent\"  data-width=\"4\"><div class=\"rowItemContent\" ><div class=\"bpgPhoto  btRoundedImage\" > \r\n\t\t\t\t\t<a href=\"#\" target=\"_self\" title=\"\"><\/a>\r\n\t\t\t\t\t<div class=\"boldPhotoBox\"><div class=\"bpbItem\"><div class = \"btImage\"><img decoding=\"async\" src=\"https:\/\/finbekgoldenvisa.com\/wp-content\/uploads\/2023\/02\/reformsgoldenvisa.jpg\" alt=\"Golden Visa para Portugal\" title=\"\u00daltimas not\u00edcias sobre o programa Golden Visa para Portugal\"><\/div><\/div><\/div>\r\n\t\t\t\t\t<div class=\"captionPane btDarkSkin btTextCenter\">\r\n\t\t\t\t\t\t<div class=\"captionTable\">\r\n\t\t\t\t\t\t\t<div class=\"captionCell\">\r\n\t\t\t\t\t\t\t\t<div class=\"captionTxt\"><header class=\"header btClear extrasmall\" ><div class=\"btSuperTitle\"><span>\u00daltimas not\u00edcias sobre o programa Golden Visa para Portugal<\/span><\/div><\/header><\/div>\r\n\t\t\t\t\t\t\t<\/div>\r\n\t\t\t\t\t\t<\/div>\r\n\t\t\t\t\t<\/div><\/div><div class=\"btClear btSeparator bottomSmallSpaced noBorder\" ><hr><\/div><header class=\"header btClear small\" ><div class=\"btSuperTitle\"><span>REFORMAS.<\/span><\/div><div class=\"dash\"><h4><span class=\"headline\">O destino do programa Golden Visa<\/span><\/h4><\/div><div class=\"btSubTitle\">Em um discurso, o primeiro-ministro Ant\u00f3nio Costa anunciou que o governo pretende rever o regime do programa de resid\u00eancia para investimento de Portugal, conhecido como Golden Visa, que inclui op\u00e7\u00f5es de investimento imobili\u00e1rio. <\/div><\/header><div class=\"btClear btSeparator bottomSmallSpaced noBorder\" ><hr><\/div><a href=\"https:\/\/finbekgoldenvisa.com\/pt\/destino-do-golden-visa-portugal\/\" class=\"btBtn btBtn btnBorderlessStyle btnNormalColor btnSmall btnNormalWidth btnRightPosition btnNoIcon\" ><span class=\"btnInnerText\">LEIA MAIS<\/span><\/a><div class=\"btClear btSeparator bottomSemiSpaced noBorder\" ><hr><\/div><\/div><\/div><div class=\"rowItem col-md-4 col-ms-12 btTextLeft animate animate-fadein inherit btTextIndent\"  data-width=\"4\"><div class=\"rowItemContent\" ><div class=\"bpgPhoto  btRoundedImage\" > \r\n\t\t\t\t\t<a href=\"#\" target=\"_self\" title=\"\"><\/a>\r\n\t\t\t\t\t<div class=\"boldPhotoBox\"><div class=\"bpbItem\"><div class = \"btImage\"><img decoding=\"async\" src=\"https:\/\/finbekgoldenvisa.com\/wp-content\/uploads\/2023\/02\/safecountryportugal-512x480-1.jpg\" alt=\"Portugal \u00e9 o pa\u00eds mais seguro para se viver\" title=\"Portugal \u00e9 o pa\u00eds mais seguro para se viver\"><\/div><\/div><\/div>\r\n\t\t\t\t\t<div class=\"captionPane btDarkSkin btTextCenter\">\r\n\t\t\t\t\t\t<div class=\"captionTable\">\r\n\t\t\t\t\t\t\t<div class=\"captionCell\">\r\n\t\t\t\t\t\t\t\t<div class=\"captionTxt\"><header class=\"header btClear extrasmall\" ><div class=\"btSuperTitle\"><span>Portugal \u00e9 o pa\u00eds mais seguro para se viver<\/span><\/div><\/header><\/div>\r\n\t\t\t\t\t\t\t<\/div>\r\n\t\t\t\t\t\t<\/div>\r\n\t\t\t\t\t<\/div><\/div><div class=\"btClear btSeparator bottomSmallSpaced noBorder\" ><hr><\/div><header class=\"header btClear small\" ><div class=\"btSuperTitle\"><span>BELEZA<\/span><\/div><div class=\"dash\"><h4><span class=\"headline\">O pa\u00eds mais seguro para se viver<\/span><\/h4><\/div><div class=\"btSubTitle\">Portugal \u00e9 um dos pa\u00edses mais pac\u00edficos e desenvolvidos. Seus habitantes est\u00e3o cercados por uma rica hist\u00f3ria, arquitetura e cultura. Mais de 300 milh\u00f5es de pessoas no mundo falam portugu\u00eas, o que oferece in\u00fameras oportunidades de comunica\u00e7\u00e3o e socializa\u00e7\u00e3o.<\/div><\/header><div class=\"btClear btSeparator bottomSmallSpaced noBorder\" ><hr><\/div><a href=\"https:\/\/finbekgoldenvisa.com\/pt\/pais-mais-pacifico\/\" class=\"btBtn btBtn btnBorderlessStyle btnNormalColor btnSmall btnNormalWidth btnRightPosition btnNoIcon\" ><span class=\"btnInnerText\">LEIA MAIS<\/span><\/a><div class=\"btClear btSeparator bottomSemiSpaced noBorder\" ><hr><\/div><\/div><\/div><\/div><\/div><\/div><\/div><\/div><\/section><\/p>","protected":false},"excerpt":{"rendered":"<p>Aproveite os benef\u00edcios de viver com seguran\u00e7a. N\u00f3s mesmos j\u00e1 percorremos esse caminho. <\/br><br \/>\nConvidamos voc\u00ea a contar com nossa experi\u00eancia e compromisso inabal\u00e1vel.<\/p>","protected":false},"author":1,"featured_media":2758,"parent":0,"menu_order":0,"comment_status":"closed","ping_status":"closed","template":"","meta":{"footnotes":""},"class_list":["post-1497","page","type-page","status-publish","has-post-thumbnail","hentry"],"_links":{"self":[{"href":"https:\/\/finbekgoldenvisa.com\/pt\/wp-json\/wp\/v2\/pages\/1497","targetHints":{"allow":["GET"]}}],"collection":[{"href":"https:\/\/finbekgoldenvisa.com\/pt\/wp-json\/wp\/v2\/pages"}],"about":[{"href":"https:\/\/finbekgoldenvisa.com\/pt\/wp-json\/wp\/v2\/types\/page"}],"author":[{"embeddable":true,"href":"https:\/\/finbekgoldenvisa.com\/pt\/wp-json\/wp\/v2\/users\/1"}],"replies":[{"embeddable":true,"href":"https:\/\/finbekgoldenvisa.com\/pt\/wp-json\/wp\/v2\/comments?post=1497"}],"version-history":[{"count":199,"href":"https:\/\/finbekgoldenvisa.com\/pt\/wp-json\/wp\/v2\/pages\/1497\/revisions"}],"predecessor-version":[{"id":3280,"href":"https:\/\/finbekgoldenvisa.com\/pt\/wp-json\/wp\/v2\/pages\/1497\/revisions\/3280"}],"wp:featuredmedia":[{"embeddable":true,"href":"https:\/\/finbekgoldenvisa.com\/pt\/wp-json\/wp\/v2\/media\/2758"}],"wp:attachment":[{"href":"https:\/\/finbekgoldenvisa.com\/pt\/wp-json\/wp\/v2\/media?parent=1497"}],"curies":[{"name":"wp","href":"https:\/\/api.w.org\/{rel}","templated":true}]}}