{"id":1675,"date":"2016-08-01T14:32:09","date_gmt":"2016-08-01T14:32:09","guid":{"rendered":"http:\/\/finance.bold-themes.com\/main-demo\/?page_id=1675"},"modified":"2024-05-11T19:38:34","modified_gmt":"2024-05-11T18:38:34","slug":"contact","status":"publish","type":"page","link":"https:\/\/finbekgoldenvisa.com\/pt\/sobre-nos\/contato\/","title":{"rendered":"Entre em contato conosco"},"content":{"rendered":"<p><section id=\"bt_section69e4657210599\"  class=\"boldSection topSpaced bottomSemiSpaced btLightSkin gutter inherit\" ><div class=\"port\"><div class=\"boldCell\"><div class=\"boldCellInner\"><div class=\"boldRow\" ><div class=\"boldRowInner\"><div class=\"rowItem col-md-6 col-sm-12 btTextLeft animate animate-fadein inherit\"  data-width=\"6\"><div class=\"rowItemContent\" ><header class=\"header btClear extralarge\" ><div class=\"btSuperTitle\"><span>ENTRE EM CONTATO CONOSCO<\/span><\/div><div class=\"dash\"><h1><span class=\"headline\">Trabalhamos com clientes de <b class=\"animate\">em todo o mundo<\/b><\/span><\/h1><\/div><div class=\"btSubTitle\">N\u00e3o vendemos op\u00e7\u00f5es de investimento, dedicamos tempo para entender as necessidades e metas espec\u00edficas de cada cliente.<\/div><\/header><div class=\"btClear btSeparator topSemiSpaced noBorder\" ><hr><\/div><div class=\"btIconImageRow\" ><div class=\"bpgPhoto\" ><div class = \"btImage\"><img decoding=\"async\" src=\"https:\/\/finbekgoldenvisa.com\/wp-content\/uploads\/2016\/07\/promo_contact.jpg\" alt=\"\" title=\"\"><\/div><\/div><\/div><div class=\"btClear btSeparator bottomSemiSpaced noBorder\" ><hr><\/div><\/div><\/div><div class=\"rowItem col-md-6 col-sm-12 btTextLeft animate animate-fadein btHighlight inherit btDoublePadding btLightSkin\"  data-width=\"6\"><div class=\"rowItemContent\" style = \"background-color: rgba(255, 255, 255, 0.6); \"><div class=\"btClear btSeparator topSmallSpaced bottomSmallSpaced noBorder\" ><hr><\/div><header class=\"header btClear large\" ><div class=\"btSuperTitle\"><span>FORMUL\u00c1RIO DE INSCRI\u00c7\u00c3O<\/span><\/div><div class=\"dash\"><h2><span class=\"headline\">Entre em contato conosco<\/span><\/h2><\/div><div class=\"btSubTitle\">Se desejar uma consulta gratuita, preencha este formul\u00e1rio de contato. Obrigado!<\/div><\/header><div class=\"btClear btSeparator topSmallSpaced noBorder\" ><hr><\/div><div class=\"btText\" ><\/p>\n<div class=\"wpcf7 no-js\" id=\"wpcf7-f7-o1\" lang=\"ru-RU\" dir=\"ltr\" data-wpcf7-id=\"7\">\n<div class=\"screen-reader-response\">\n<p role=\"status\" aria-live=\"polite\" aria-atomic=\"true\">\n<ul><\/ul>\n<\/div>\n<form action=\"\/pt\/wp-json\/wp\/v2\/pages\/1675#wpcf7-f7-o1\" method=\"post\" class=\"wpcf7-form init\" aria-label=\"Formul\u00e1rio de contato\" novalidate=\"novalidate\" data-status=\"init\" data-trp-original-action=\"\/pt\/wp-json\/wp\/v2\/pages\/1675#wpcf7-f7-o1\">\n<fieldset class=\"hidden-fields-container\"><input type=\"hidden\" name=\"_wpcf7\" value=\"7\" \/><input type=\"hidden\" name=\"_wpcf7_version\" value=\"6.1.5\" \/><input type=\"hidden\" name=\"_wpcf7_locale\" value=\"ru_RU\" \/><input type=\"hidden\" name=\"_wpcf7_unit_tag\" value=\"wpcf7-f7-o1\" \/><input type=\"hidden\" name=\"_wpcf7_container_post\" value=\"0\" \/><input type=\"hidden\" name=\"_wpcf7_posted_data_hash\" value=\"\" \/><input type=\"hidden\" name=\"_wpcf7_recaptcha_response\" value=\"\" \/><br \/>\n<\/fieldset>\n<p><label> Nome<br \/>\n<span class=\"wpcf7-form-control-wrap\" data-name=\"your-name\"><input size=\"40\" maxlength=\"400\" class=\"wpcf7-form-control wpcf7-text wpcf7-validates-as-required\" autocomplete=\"name\" aria-required=\"true\" aria-invalid=\"false\" value=\"\" type=\"text\" name=\"your-name\" \/><\/span> <\/label>\n<\/p>\n<p><label> E-mail<br \/>\n<span class=\"wpcf7-form-control-wrap\" data-name=\"your-email\"><input size=\"40\" maxlength=\"400\" class=\"wpcf7-form-control wpcf7-email wpcf7-validates-as-required wpcf7-text wpcf7-validates-as-email\" autocomplete=\"email\" aria-required=\"true\" aria-invalid=\"false\" value=\"\" type=\"email\" name=\"your-email\" \/><\/span> <\/label>\n<\/p>\n<p><label> N\u00famero de telefone<br \/>\n<span class=\"wpcf7-form-control-wrap\" data-name=\"phone-number\"><input size=\"40\" maxlength=\"400\" class=\"wpcf7-form-control wpcf7-tel wpcf7-text wpcf7-validates-as-tel\" autocomplete=\"phone\" aria-invalid=\"false\" value=\"\" type=\"tel\" name=\"phone-number\" \/><\/span> <\/label>\n<\/p>\n<p><label> Cidadania<br \/>\n<span class=\"wpcf7-form-control-wrap\" data-name=\"text-nationality\"><input size=\"40\" maxlength=\"400\" class=\"wpcf7-form-control wpcf7-text\" aria-invalid=\"false\" value=\"\" type=\"text\" name=\"text-nationality\" \/><\/span> <\/label>\n<\/p>\n<p><label> Em quais fundos voc\u00ea est\u00e1 interessado? <\/label><br \/>\n<span class=\"wpcf7-form-control-wrap\" data-name=\"funds\"><span class=\"wpcf7-form-control wpcf7-checkbox\"><span class=\"wpcf7-list-item first\"><input type=\"checkbox\" name=\"funds[]\" value=\"Nature Tourism Development\" \/><span class=\"wpcf7-list-item-label\">Desenvolvimento do turismo natural<\/span><\/span><span class=\"wpcf7-list-item\"><input type=\"checkbox\" name=\"funds[]\" value=\"Solaris Ventures\" \/><span class=\"wpcf7-list-item-label\">Solaris Ventures<\/span><\/span><span class=\"wpcf7-list-item\"><input type=\"checkbox\" name=\"funds[]\" value=\"Multiclub Ownership\" \/><span class=\"wpcf7-list-item-label\">Propriedade de v\u00e1rios clubes<\/span><\/span><span class=\"wpcf7-list-item\"><input type=\"checkbox\" name=\"funds[]\" value=\"Dynamic Investment\" \/><span class=\"wpcf7-list-item-label\">Investimento din\u00e2mico<\/span><\/span><span class=\"wpcf7-list-item last\"><input type=\"checkbox\" name=\"funds[]\" value=\"Green Haverst Capital\" \/><span class=\"wpcf7-list-item-label\">Green Haverst Capital<\/span><\/span><\/span><\/span>\n<\/p>\n<p><label> Mensagem (opcional)<br \/>\n<span class=\"wpcf7-form-control-wrap\" data-name=\"your-message\"><textarea cols=\"40\" rows=\"10\" maxlength=\"2000\" class=\"wpcf7-form-control wpcf7-textarea\" aria-invalid=\"false\" placeholder=\"Envie-nos uma mensagem...\" name=\"your-message\"><\/textarea><\/span> <\/label>\n<\/p>\n<p><input class=\"wpcf7-form-control wpcf7-submit has-spinner\" type=\"submit\" value=\"Enviar\" \/>\n<\/p>\n<div class=\"wpcf7-response-output\" aria-hidden=\"true\"><\/div>\n<input type=\"hidden\" name=\"trp-form-language\" value=\"pt\"\/><\/form>\n<\/div>\n<p>\n<\/div><div class=\"btClear btSeparator topSmallSpaced bottomSmallSpaced noBorder\" ><hr><\/div><\/div><\/div><\/div><\/div><div class=\"boldRow\" ><div class=\"boldRowInner\"><div class=\"rowItem col-md-12 col-ms-12  btTextLeft animate animate-fadein btBottomVertical\"  data-width=\"12\"><div class=\"rowItemContent\" ><div class=\"btClear btSeparator topSemiSpaced bottomSemiSpaced border\" ><hr><\/div><\/div><\/div><\/div><\/div><div class=\"boldRow\" ><div class=\"boldRowInner\"><div class=\"rowItem col-md-4 col-ms-12 btTextCenter animate animate-fadein btMiddleVertical\"  data-width=\"4\"><div class=\"rowItemContent\" ><div class=\"servicesItem  btIcoDefaultColorIcon btIcoMediumSizeIcon\"><div class=\"sIcon\"><span class=\"btIco btIcoMediumSize btIcoDefaultType btIcoDefaultColor\"><span  data-ico-es=\"&#xe9b9;\" class=\"btIcoHolder\"><\/span><\/span><\/div><div class=\"sTxt\"><header class=\"header btClear small\" ><div class=\"btSuperTitle\"><span>Escrit\u00f3rio no Uzbequist\u00e3o<\/span><\/div><div class=\"dash\"><\/div><div class=\"btSubTitle\">Taras Shevchenko 23,<br \/><br \/>Tashkent, Uzbequist\u00e3o<\/div><\/header><\/div><\/div><div class=\"btClear btSeparator bottomSemiSpaced noBorder\" ><hr><\/div><\/div><\/div><div class=\"rowItem col-md-4 col-ms-12 btTextCenter animate animate-fadein btMiddleVertical\"  data-width=\"4\"><div class=\"rowItemContent\" ><div class=\"servicesItem  btIcoDefaultColorIcon btIcoMediumSizeIcon\"><div class=\"sIcon\"><span class=\"btIco btIcoMediumSize btIcoDefaultType btIcoDefaultColor\"><span  data-ico-es=\"&#xea22;\" class=\"btIcoHolder\"><\/span><\/span><\/div><div class=\"sTxt\"><header class=\"header btClear small\" ><div class=\"btSuperTitle\"><span>Telefone<\/span><\/div><div class=\"dash\"><\/div><div class=\"btSubTitle\">+351 964 515 668<\/div><\/header><\/div><\/div><div class=\"btClear btSeparator bottomSemiSpaced noBorder\" ><hr><\/div><\/div><\/div><div class=\"rowItem col-md-4 col-ms-12 btTextCenter animate animate-fadein btMiddleVertical\"  data-width=\"4\"><div class=\"rowItemContent\" ><div class=\"servicesItem  btIcoDefaultColorIcon btIcoMediumSizeIcon\"><div class=\"sIcon\"><span class=\"btIco btIcoMediumSize btIcoDefaultType btIcoDefaultColor\"><span  data-ico-s7=\"&#xe63a;\" class=\"btIcoHolder\"><\/span><\/span><\/div><div class=\"sTxt\"><header class=\"header btClear small\" ><div class=\"btSuperTitle\"><span>E-mail<\/span><\/div><div class=\"dash\"><\/div><div class=\"btSubTitle\">joana@finbek.com<br \/><br \/>bek@finbek.com<br \/><br \/>Entre em contato conosco<\/div><\/header><\/div><\/div><div class=\"btClear btSeparator bottomSemiSpaced noBorder\" ><hr><\/div><\/div><\/div><\/div><\/div><\/div><\/div><\/div><\/section><section id=\"bt_section69e46572129e4\" data-parallax=\"0.6\" data-parallax-offset=\"0\" class=\"boldSection topSpaced bottomSemiSpaced btDarkSkin gutter inherit btParallax wBackground cover btBackgroundOverlay btStripedDark\" style=\"background-image:url('https:\/\/finbekgoldenvisa.com\/wp-content\/uploads\/2023\/01\/Portugal-Houses-Lisbon-Night-2.jpg');\"><div class=\"port\"><div class=\"boldCell\"><div class=\"boldCellInner\"><div class=\"boldRow\" ><div class=\"boldRowInner\"><div class=\"rowItem col-md-4 col-ms-12 btTextLeft animate animate-fadein inherit\"  data-width=\"4\"><div class=\"rowItemContent\" ><header class=\"header btClear huge\" ><div class=\"dash\"><h1><span class=\"headline\">Investir<br \/><br>a partir de 500.000 euros e <b class=\"animate\">obter<\/b><\/span><\/h1><\/div><\/header><div class=\"btClear btSeparator bottomExtraSmallSpaced noBorder\" ><hr><\/div><div class=\"servicesItem  btIcoDefaultColorIcon btIcoSmallSizeIcon\"><div class=\"sIcon\"><span class=\"btIco btIcoSmallSize btIcoDefaultType btIcoDefaultColor\"><span  data-ico-s7=\"&#xe6af;\" class=\"btIcoHolder\"><\/span><\/span><\/div><div class=\"sTxt\"><header class=\"header btClear small\" ><div class=\"btSuperTitle\"><span>Autoriza\u00e7\u00e3o de resid\u00eancia na Europa<\/span><\/div><div class=\"dash\"><\/div><div class=\"btSubTitle\">com o direito de circular livremente na UE.<\/div><\/header><\/div><\/div><div class=\"btClear btSeparator bottomExtraSmallSpaced noBorder\" ><hr><\/div><div class=\"servicesItem  btIcoDefaultColorIcon btIcoSmallSizeIcon\"><div class=\"sIcon\"><span class=\"btIco btIcoSmallSize btIcoDefaultType btIcoDefaultColor\"><span  data-ico-s7=\"&#xe6af;\" class=\"btIcoHolder\"><\/span><\/span><\/div><div class=\"sTxt\"><header class=\"header btClear small\" ><div class=\"btSuperTitle\"><span>Ativo s\u00f3lido<\/span><\/div><div class=\"dash\"><\/div><div class=\"btSubTitle\">na forma de propriedade comercial.<\/div><\/header><\/div><\/div><div class=\"btClear btSeparator bottomExtraSmallSpaced noBorder\" ><hr><\/div><div class=\"servicesItem  btIcoDefaultColorIcon btIcoSmallSizeIcon\"><div class=\"sIcon\"><span class=\"btIco btIcoSmallSize btIcoDefaultType btIcoDefaultColor\"><span  data-ico-s7=\"&#xe6af;\" class=\"btIcoHolder\"><\/span><\/span><\/div><div class=\"sTxt\"><header class=\"header btClear small\" ><div class=\"btSuperTitle\"><span>Renda garantida 3%<\/span><\/div><div class=\"dash\"><\/div><div class=\"btSubTitle\">para investimentos a partir de 350.000 euros.<br \/><br \/><\/div><\/header><\/div><\/div><div class=\"btClear btSeparator bottomExtraSmallSpaced noBorder\" ><hr><\/div><div class=\"servicesItem  btIcoDefaultColorIcon btIcoSmallSizeIcon\"><div class=\"sIcon\"><span class=\"btIco btIcoSmallSize btIcoDefaultType btIcoDefaultColor\"><span  data-ico-s7=\"&#xe6af;\" class=\"btIcoHolder\"><\/span><\/span><\/div><div class=\"sTxt\"><header class=\"header btClear small\" ><div class=\"btSuperTitle\"><span>Suporte jur\u00eddico<\/span><\/div><div class=\"dash\"><\/div><div class=\"btSubTitle\">com um advogado que fala russo em Portugal.<\/div><\/header><\/div><\/div><div class=\"btClear btSeparator bottomSemiSpaced noBorder\" ><hr><\/div><\/div><\/div><div class=\"rowItem col-md-4 col-ms-12 btTextLeft\"  data-width=\"4\"><div class=\"rowItemContent\" ><\/div><\/div><div class=\"rowItem col-md-4 col-ms-12 btTextLeft btHighlight inherit btDoublePadding btLightSkin\"  data-width=\"4\"><div class=\"rowItemContent\" style = \"background-color: rgba(255, 255, 255, 1); \"><div class=\"btClear btSeparator topSmallSpaced bottomSmallSpaced noBorder\" ><hr><\/div><header class=\"header btClear large\" ><div class=\"btSuperTitle\"><span>Transpar\u00eancia<\/span><\/div><div class=\"dash\"><h2><span class=\"headline\">Exemplo de custos<\/span><\/h2><\/div><div class=\"btSubTitle\">C\u00e1lculo do custo do programa Golden Visa para uma fam\u00edlia de 4 pessoas.<\/div><\/header><div class=\"btClear btSeparator bottomExtraSmallSpaced noBorder\" ><hr><\/div><div class=\"servicesItem  btIcoAccentColorIcon btIcoExtraSmallSizeIcon\"><div class=\"sIcon\"><span class=\"btIco btIcoExtraSmallSize btIcoDefaultType btIcoAccentColor\"><span  data-ico-s7=\"&#xe648;\" class=\"btIcoHolder\"><\/span><\/span><\/div><div class=\"sTxt\"><header class=\"header btClear small\" ><div class=\"btSuperTitle\"><span>Investimentos<\/span><\/div><div class=\"dash\"><\/div><div class=\"btSubTitle\">\u20ac500 000<\/div><\/header><\/div><\/div><div class=\"btClear btSeparator bottomExtraSmallSpaced noBorder\" ><hr><\/div><div class=\"servicesItem  btIcoAccentColorIcon btIcoExtraSmallSizeIcon\"><div class=\"sIcon\"><span class=\"btIco btIcoExtraSmallSize btIcoDefaultType btIcoAccentColor\"><span  data-ico-s7=\"&#xe68c;\" class=\"btIcoHolder\"><\/span><\/span><\/div><div class=\"sTxt\"><header class=\"header btClear small\" ><div class=\"btSuperTitle\"><span>Custos de investimento<\/span><\/div><div class=\"dash\"><\/div><div class=\"btSubTitle\">\u20ac1 968<\/div><\/header><\/div><\/div><div class=\"btClear btSeparator bottomExtraSmallSpaced noBorder\" ><hr><\/div><div class=\"servicesItem  btIcoAccentColorIcon btIcoExtraSmallSizeIcon\"><div class=\"sIcon\"><span class=\"btIco btIcoExtraSmallSize btIcoDefaultType btIcoAccentColor\"><span  data-ico-s7=\"&#xe6b4;\" class=\"btIcoHolder\"><\/span><\/span><\/div><div class=\"sTxt\"><header class=\"header btClear small\" ><div class=\"btSuperTitle\"><span>Custos de imigra\u00e7\u00e3o<\/span><\/div><div class=\"dash\"><\/div><div class=\"btSubTitle\">\u20ac49 000<\/div><\/header><\/div><\/div><div class=\"btClear btSeparator bottomExtraSmallSpaced noBorder\" ><hr><\/div><div class=\"servicesItem  btIcoAccentColorIcon btIcoExtraSmallSizeIcon\"><div class=\"sIcon\"><span class=\"btIco btIcoExtraSmallSize btIcoDefaultType btIcoAccentColor\"><span  data-ico-s7=\"&#xe62c;\" class=\"btIcoHolder\"><\/span><\/span><\/div><div class=\"sTxt\"><header class=\"header btClear small\" ><div class=\"btSuperTitle\"><span>Outras despesas<\/span><\/div><div class=\"dash\"><\/div><div class=\"btSubTitle\">(suporte jur\u00eddico)<br \/><br \/>\u20ac12 900<\/div><\/header><\/div><\/div><div class=\"btClear btSeparator bottomExtraSmallSpaced noBorder\" ><hr><\/div><div class=\"servicesItem  btIcoAccentColorIcon btIcoExtraSmallSizeIcon\"><div class=\"sIcon\"><span class=\"btIco btIcoExtraSmallSize btIcoDefaultType btIcoAccentColor\"><span  data-ico-s7=\"&#xe60c;\" class=\"btIcoHolder\"><\/span><\/span><\/div><div class=\"sTxt\"><header class=\"header btClear small\" ><div class=\"btSuperTitle\"><span>Valor total do investimento<\/span><\/div><div class=\"dash\"><\/div><div class=\"btSubTitle\">\u20ac343 868<\/div><\/header><\/div><\/div><div class=\"btClear btSeparator bottomExtraSmallSpaced noBorder\" ><hr><\/div><a href=\"https:\/\/finbekgoldenvisa.com\/pt\/calculadora-de-custos\/\" class=\"btBtn btBtn btnFilledStyle btnAccentColor btnSmall btnFullWidth btTextCenter btnRightPosition btnIco\" ><span class=\"btnInnerText\">CALCULAR O CUSTO<\/span><span class=\"btIco\"><span  data-ico-fa=\"&#xf061;\" class=\"btIcoHolder\"><\/span><\/span><\/a><div class=\"btClear btSeparator topSmallSpaced bottomSmallSpaced noBorder\" ><hr><\/div><\/div><\/div><\/div><\/div><\/div><\/div><\/div><\/section><\/p>","protected":false},"excerpt":{"rendered":"<p>Nossa equipe \u00e9 especializada em consultoria para Golden Visa em Portugal. Se tiver alguma d\u00favida ou precisar de assist\u00eancia, entre em contato conosco e teremos prazer em ajud\u00e1-lo a realizar seus planos. <\/p>","protected":false},"author":1,"featured_media":3031,"parent":1497,"menu_order":0,"comment_status":"closed","ping_status":"closed","template":"","meta":{"footnotes":""},"class_list":["post-1675","page","type-page","status-publish","has-post-thumbnail","hentry"],"_links":{"self":[{"href":"https:\/\/finbekgoldenvisa.com\/pt\/wp-json\/wp\/v2\/pages\/1675","targetHints":{"allow":["GET"]}}],"collection":[{"href":"https:\/\/finbekgoldenvisa.com\/pt\/wp-json\/wp\/v2\/pages"}],"about":[{"href":"https:\/\/finbekgoldenvisa.com\/pt\/wp-json\/wp\/v2\/types\/page"}],"author":[{"embeddable":true,"href":"https:\/\/finbekgoldenvisa.com\/pt\/wp-json\/wp\/v2\/users\/1"}],"replies":[{"embeddable":true,"href":"https:\/\/finbekgoldenvisa.com\/pt\/wp-json\/wp\/v2\/comments?post=1675"}],"version-history":[{"count":21,"href":"https:\/\/finbekgoldenvisa.com\/pt\/wp-json\/wp\/v2\/pages\/1675\/revisions"}],"predecessor-version":[{"id":3260,"href":"https:\/\/finbekgoldenvisa.com\/pt\/wp-json\/wp\/v2\/pages\/1675\/revisions\/3260"}],"up":[{"embeddable":true,"href":"https:\/\/finbekgoldenvisa.com\/pt\/wp-json\/wp\/v2\/pages\/1497"}],"wp:featuredmedia":[{"embeddable":true,"href":"https:\/\/finbekgoldenvisa.com\/pt\/wp-json\/wp\/v2\/media\/3031"}],"wp:attachment":[{"href":"https:\/\/finbekgoldenvisa.com\/pt\/wp-json\/wp\/v2\/media?parent=1675"}],"curies":[{"name":"wp","href":"https:\/\/api.w.org\/{rel}","templated":true}]}}