{"id":1163,"date":"2016-07-14T10:25:35","date_gmt":"2016-07-14T07:25:35","guid":{"rendered":"http:\/\/finance.bold-themes.com\/main-demo\/?page_id=1163"},"modified":"2024-07-04T16:31:29","modified_gmt":"2024-07-04T15:31:29","slug":"landing-page","status":"publish","type":"page","link":"https:\/\/finbekgoldenvisa.com\/tr\/","title":{"rendered":"Portekiz'de Alt\u0131n Vize"},"content":{"rendered":"<p><section id=\"bt_section69f36507588c6\" data-parallax=\"0.8\" data-parallax-offset=\"0\" class=\"boldSection topExtraSmallSpaced bottomSpaced btDarkSkin gutter fullScreenHeight btBottomVertical btParallax wBackground cover\" style=\"background-color:#f4f4f4;background-image:url('https:\/\/finbekgoldenvisa.com\/wp-content\/uploads\/2023\/02\/sunset-porto-portugal.jpg');\"><div class=\"port\"><div class=\"boldCell\"><div class=\"boldCellInner\"><div class=\"boldRow\" ><div class=\"boldRowInner\"><div class=\"rowItem col-md-12 col-ms-12  btTextCenter animate animate-fadein animate-moveup inherit btDoublePadding\" style=\"background-color:rgba(255,255,255,0);\" data-width=\"12\"><div class=\"rowItemContent\" style = \"background-color:rgba(0,0,0,0);\"><div class=\"btClear btSeparator topSmallSpaced bottomSmallSpaced noBorder\" ><hr><\/div><header class=\"header btClear extralarge\" ><div class=\"btSuperTitle\"><span>Oturma izni ve vatanda\u015fl\u0131k<\/span><\/div><div class=\"dash\"><h1><span class=\"headline\">Portekiz'de avantajl\u0131 yat\u0131r\u0131mlar<\/span><\/h1><\/div><div class=\"btSubTitle\">Avrupa Birli\u011fi vatanda\u015f\u0131 olman\u0131n t\u00fcm avantajlar\u0131ndan yararlan\u0131n<\/div><\/header><div class=\"btClear btSeparator noBorder\" ><hr><\/div><a href=\"https:\/\/finbekgoldenvisa.com\/tr\/guncel-projeler\/\" class=\"btBtn btBtn btnFilledStyle btnAccentColor btnMedium btnNormalWidth btnRightPosition btnNoIcon\" ><span class=\"btnInnerText\">FON SE\u00c7\u0130N\u0130Z<\/span><\/a><\/div><\/div><\/div><\/div><\/div><\/div><\/div><\/section><section id=\"bt_section69f36507590fb\"  class=\"boldSection topSpaced bottomSemiSpaced btLightSkin gutter inherit\" ><div class=\"port\"><div class=\"boldCell\"><div class=\"boldCellInner\"><div class=\"boldRow\" ><div class=\"boldRowInner\"><div class=\"rowItem col-md-6 col-sm-12 btTextLeft animate animate-fadein inherit btDoublePadding\"  data-width=\"6\"><div class=\"rowItemContent\" ><header class=\"header btClear extralarge\" ><div class=\"btSuperTitle\"><span>PROGRAM<\/span><\/div><div class=\"dash\"><h1><span class=\"headline\">Alt\u0131n Vize<\/span><\/h1><\/div><div class=\"btSubTitle\">Finbek olarak insanlar\u0131n hareketlilik, g\u00fcvenlik ve finansal istikrar arad\u0131\u011f\u0131n\u0131n fark\u0131nday\u0131z. Bu nedenle size Portekiz Yat\u0131r\u0131m Program\u0131 arac\u0131l\u0131\u011f\u0131yla Avrupa vatanda\u015f\u0131 olma f\u0131rsat\u0131 sunuyoruz. Avrupa Birli\u011fi genelinde k\u0131s\u0131tlama olmaks\u0131z\u0131n seyahat edebilecek, g\u00fcvenli bir \u00fclkede ya\u015fayabilecek ve kaliteli sa\u011fl\u0131k ve e\u011fitim hizmeti alabileceksiniz.<\/div><\/header><div class=\"btClear btSeparator topSmallSpaced bottomSmallSpaced noBorder\" ><hr><\/div><a href=\"https:\/\/finbekgoldenvisa.com\/tr\/hakkimizda\/iletisim\/\" class=\"btBtn btBtn btnFilledStyle btnAlternateColor btnMedium btnNormalWidth btnRightPosition btnNoIcon\" ><span class=\"btnInnerText\">DANI\u015eMA<\/span><\/a><div class=\"btClear btSeparator topSmallSpaced bottomSmallSpaced noBorder\" ><hr><\/div><\/div><\/div><div class=\"rowItem col-md-6 col-sm-12 btTextRight animate animate-fadein inherit\"  data-width=\"6\"><div class=\"rowItemContent\" ><div class=\"bpgPhoto\" ><div class = \"btImage\"><img decoding=\"async\" src=\"https:\/\/finbekgoldenvisa.com\/wp-content\/uploads\/2023\/01\/passport-1.jpg\" alt=\"Portekiz pasaportu\" title=\"Portekiz Golden Visa&#039;y\u0131 280.000 Euro veya daha fazla yat\u0131r\u0131mla al\u0131n\"><\/div><\/div><\/div><\/div><\/div><\/div><div class=\"boldRow\" ><div class=\"boldRowInner\"><div class=\"rowItem col-md-12 col-ms-12  btTextLeft animate animate-fadein inherit btDoublePadding\"  data-width=\"12\"><div class=\"rowItemContent\" ><div class=\"btClear btSeparator topSmallSpaced bottomSemiSpaced border\" ><hr><\/div><\/div><\/div><\/div><\/div><div class=\"boldRow\" ><div class=\"boldRowInner\"><div class=\"rowItem col-md-4 col-ms-12 btTextLeft animate animate-fadein inherit btDoublePadding\"  data-width=\"4\"><div class=\"rowItemContent\" ><div class=\"btClear btSeparator bottomSmallSpaced noBorder\" ><hr><\/div><header class=\"header btClear large\" ><div class=\"btSuperTitle\"><span>\u0130LK<\/span><\/div><div class=\"dash\"><h2><span class=\"headline\">En uygun fiyatl\u0131 vatanda\u015fl\u0131k<\/span><\/h2><\/div><div class=\"btSubTitle\">Yabanc\u0131 yat\u0131r\u0131mc\u0131lar d\u00fcnya \u00e7ap\u0131nda 30'dan fazla \u00fclkede alt\u0131n pasaport veya vize sat\u0131n alarak vatanda\u015fl\u0131k veya ikamet elde edebilirler. Portekiz, en d\u00fc\u015f\u00fck yat\u0131r\u0131m e\u015fi\u011fine sahip 10 \u00fclke aras\u0131nda yer almaktad\u0131r. <\/div><\/header><div class=\"btClear btSeparator topSmallSpaced noBorder\" ><hr><\/div><a href=\"#\" class=\"btBtn btBtn btnBorderlessStyle btnAccentColor btnSmall btnNormalWidth btnRightPosition btnNoIcon\" ><span class=\"btnInnerText\">DEVAMINI OKU<\/span><\/a><div class=\"btClear btSeparator bottomSmallSpaced noBorder\" ><hr><\/div><\/div><\/div><div class=\"rowItem btLeftBorder col-md-4 col-ms-12 btTextLeft animate animate-fadein inherit btDoublePadding\"  data-width=\"4\"><div class=\"rowItemContent\" ><div class=\"btClear btSeparator bottomSmallSpaced noBorder\" ><hr><\/div><header class=\"header btClear large\" ><div class=\"btSuperTitle\"><span>\u0130K\u0130NC\u0130.<\/span><\/div><div class=\"dash\"><h2><span class=\"headline\">Ya\u015famak i\u00e7in \u00e7al\u0131\u015ft\u0131\u011f\u0131n\u0131z bir yer<\/span><\/h2><\/div><div class=\"btSubTitle\">1700 kilometrelik sahil \u015feridi, \"ya\u015famak i\u00e7in \u00e7al\u0131\u015fmak\" slogan\u0131 ve d\u00fcnyan\u0131n d\u00f6rt bir yan\u0131ndan gelen zengin mutfa\u011f\u0131, her y\u0131l d\u00fcnyan\u0131n d\u00f6rt bir yan\u0131ndan binlerce giri\u015fimci ve i\u015f adam\u0131n\u0131 Portekiz'e \u00e7ekiyor.<\/div><\/header><div class=\"btClear btSeparator topSmallSpaced noBorder\" ><hr><\/div><a href=\"#\" class=\"btBtn btBtn btnBorderlessStyle btnAccentColor btnSmall btnNormalWidth btnRightPosition btnNoIcon\" ><span class=\"btnInnerText\">DEVAMINI OKU<\/span><\/a><div class=\"btClear btSeparator bottomSmallSpaced noBorder\" ><hr><\/div><\/div><\/div><div class=\"rowItem btLeftBorder col-md-4 col-ms-12 btTextLeft animate animate-fadein inherit btDoublePadding\"  data-width=\"4\"><div class=\"rowItemContent\" ><div class=\"btClear btSeparator bottomSmallSpaced noBorder\" ><hr><\/div><header class=\"header btClear large\" ><div class=\"btSuperTitle\"><span>\u00dc\u00c7\u00dcNC\u00dc<\/span><\/div><div class=\"dash\"><h2><span class=\"headline\">Minimum taahh\u00fctler<\/span><\/h2><\/div><div class=\"btSubTitle\">Sizin ve ailenizin Portekiz'de ya\u015faman\u0131z veya vergi m\u00fckellefi olman\u0131z gerekmez. Pasaporta 5 y\u0131l sonra ba\u015fvurmak i\u00e7in y\u0131lda 7 g\u00fcn Portekiz'de fiziksel olarak bulunman\u0131z yeterlidir.<\/div><\/header><div class=\"btClear btSeparator topSmallSpaced noBorder\" ><hr><\/div><a href=\"#\" class=\"btBtn btBtn btnBorderlessStyle btnAccentColor btnSmall btnNormalWidth btnRightPosition btnNoIcon\" ><span class=\"btnInnerText\">DEVAMINI OKU<\/span><\/a><div class=\"btClear btSeparator bottomSmallSpaced noBorder\" ><hr><\/div><\/div><\/div><\/div><\/div><\/div><\/div><\/div><\/section><section id=\"bt_section69f3650759d16\" data-parallax=\"0.6\" data-parallax-offset=\"0\" class=\"boldSection topSpaced bottomSemiSpaced btDarkSkin gutter inherit btParallax wBackground cover btBackgroundOverlay btStripedDark\" style=\"background-image:url('https:\/\/finbekgoldenvisa.com\/wp-content\/uploads\/2023\/01\/Portugal-Houses-Lisbon-Night-2.jpg');\"><div class=\"port\"><div class=\"boldCell\"><div class=\"boldCellInner\"><div class=\"boldRow\" ><div class=\"boldRowInner\"><div class=\"rowItem col-md-4 col-ms-12 btTextLeft animate animate-fadein inherit\"  data-width=\"4\"><div class=\"rowItemContent\" ><header class=\"header btClear huge\" ><div class=\"dash\"><h1><span class=\"headline\">Yat\u0131r\u0131m<br \/><br>500.000 Euro'dan ve <b class=\"animate\">olsun<\/b><\/span><\/h1><\/div><\/header><div class=\"btClear btSeparator bottomExtraSmallSpaced noBorder\" ><hr><\/div><div class=\"servicesItem  btIcoDefaultColorIcon btIcoSmallSizeIcon\"><div class=\"sIcon\"><span class=\"btIco btIcoSmallSize btIcoDefaultType btIcoDefaultColor\"><span  data-ico-s7=\"&#xe6af;\" class=\"btIcoHolder\"><\/span><\/span><\/div><div class=\"sTxt\"><header class=\"header btClear small\" ><div class=\"btSuperTitle\"><span>Avrupa'da oturma izni<\/span><\/div><div class=\"dash\"><\/div><div class=\"btSubTitle\">AB i\u00e7inde serbest\u00e7e hareket etme hakk\u0131na sahiptir.<\/div><\/header><\/div><\/div><div class=\"btClear btSeparator bottomExtraSmallSpaced noBorder\" ><hr><\/div><div class=\"servicesItem  btIcoDefaultColorIcon btIcoSmallSizeIcon\"><div class=\"sIcon\"><span class=\"btIco btIcoSmallSize btIcoDefaultType btIcoDefaultColor\"><span  data-ico-s7=\"&#xe6af;\" class=\"btIcoHolder\"><\/span><\/span><\/div><div class=\"sTxt\"><header class=\"header btClear small\" ><div class=\"btSuperTitle\"><span>Sa\u011flam varl\u0131k<\/span><\/div><div class=\"dash\"><\/div><div class=\"btSubTitle\">Bir yat\u0131r\u0131m fonunda hisse \u015feklinde.<\/div><\/header><\/div><\/div><div class=\"btClear btSeparator bottomExtraSmallSpaced noBorder\" ><hr><\/div><div class=\"servicesItem  btIcoDefaultColorIcon btIcoSmallSizeIcon\"><div class=\"sIcon\"><span class=\"btIco btIcoSmallSize btIcoDefaultType btIcoDefaultColor\"><span  data-ico-s7=\"&#xe6af;\" class=\"btIcoHolder\"><\/span><\/span><\/div><div class=\"sTxt\"><header class=\"header btClear small\" ><div class=\"btSuperTitle\"><span>10%'ye kadar yat\u0131r\u0131m getirisi<\/span><\/div><div class=\"dash\"><\/div><div class=\"btSubTitle\">500.000 Euro veya daha fazla bir yat\u0131r\u0131m i\u00e7in.<br \/><br \/><\/div><\/header><\/div><\/div><div class=\"btClear btSeparator bottomExtraSmallSpaced noBorder\" ><hr><\/div><div class=\"servicesItem  btIcoDefaultColorIcon btIcoSmallSizeIcon\"><div class=\"sIcon\"><span class=\"btIco btIcoSmallSize btIcoDefaultType btIcoDefaultColor\"><span  data-ico-s7=\"&#xe6af;\" class=\"btIcoHolder\"><\/span><\/span><\/div><div class=\"sTxt\"><header class=\"header btClear small\" ><div class=\"btSuperTitle\"><span>Tersine Sat\u0131\u015f<\/span><\/div><div class=\"dash\"><\/div><div class=\"btSubTitle\">Yat\u0131r\u0131m varl\u0131\u011f\u0131n\u0131 piyasa fiyat\u0131ndan satma imkan\u0131.<br \/><br \/><\/div><\/header><\/div><\/div><div class=\"btClear btSeparator bottomExtraSmallSpaced noBorder\" ><hr><\/div><div class=\"servicesItem  btIcoDefaultColorIcon btIcoSmallSizeIcon\"><div class=\"sIcon\"><span class=\"btIco btIcoSmallSize btIcoDefaultType btIcoDefaultColor\"><span  data-ico-s7=\"&#xe6af;\" class=\"btIcoHolder\"><\/span><\/span><\/div><div class=\"sTxt\"><header class=\"header btClear small\" ><div class=\"btSuperTitle\"><span>Yasal destek<\/span><\/div><div class=\"dash\"><\/div><div class=\"btSubTitle\">Portekiz'de Rus\u00e7a konu\u015fan bir avukatla.<\/div><\/header><\/div><\/div><div class=\"btClear btSeparator bottomSemiSpaced noBorder\" ><hr><\/div><\/div><\/div><div class=\"rowItem col-md-4 col-ms-12 btTextLeft\"  data-width=\"4\"><div class=\"rowItemContent\" ><\/div><\/div><div class=\"rowItem col-md-4 col-ms-12 btTextLeft btHighlight inherit btDoublePadding btLightSkin\"  data-width=\"4\"><div class=\"rowItemContent\" style = \"background-color: rgba(255, 255, 255, 1); \"><div class=\"btClear btSeparator topSmallSpaced bottomSmallSpaced noBorder\" ><hr><\/div><header class=\"header btClear large\" ><div class=\"btSuperTitle\"><span>\u015eeffafl\u0131k<\/span><\/div><div class=\"dash\"><h2><span class=\"headline\">Maliyetlere \u00f6rnek<\/span><\/h2><\/div><div class=\"btSubTitle\">Golden Visa program\u0131n\u0131n 4 ki\u015filik bir aile i\u00e7in maliyetinin hesaplanmas\u0131.<\/div><\/header><div class=\"btClear btSeparator bottomExtraSmallSpaced noBorder\" ><hr><\/div><div class=\"servicesItem  btIcoAccentColorIcon btIcoExtraSmallSizeIcon\"><div class=\"sIcon\"><span class=\"btIco btIcoExtraSmallSize btIcoDefaultType btIcoAccentColor\"><span  data-ico-s7=\"&#xe648;\" class=\"btIcoHolder\"><\/span><\/span><\/div><div class=\"sTxt\"><header class=\"header btClear small\" ><div class=\"btSuperTitle\"><span>Yat\u0131r\u0131mlar<\/span><\/div><div class=\"dash\"><\/div><div class=\"btSubTitle\">\u20ac500 000<\/div><\/header><\/div><\/div><div class=\"btClear btSeparator bottomExtraSmallSpaced noBorder\" ><hr><\/div><div class=\"servicesItem  btIcoAccentColorIcon btIcoExtraSmallSizeIcon\"><div class=\"sIcon\"><span class=\"btIco btIcoExtraSmallSize btIcoDefaultType btIcoAccentColor\"><span  data-ico-s7=\"&#xe68c;\" class=\"btIcoHolder\"><\/span><\/span><\/div><div class=\"sTxt\"><header class=\"header btClear small\" ><div class=\"btSuperTitle\"><span>Yat\u0131r\u0131m maliyetleri<\/span><\/div><div class=\"dash\"><\/div><div class=\"btSubTitle\">\u20ac2 100<\/div><\/header><\/div><\/div><div class=\"btClear btSeparator bottomExtraSmallSpaced noBorder\" ><hr><\/div><div class=\"servicesItem  btIcoAccentColorIcon btIcoExtraSmallSizeIcon\"><div class=\"sIcon\"><span class=\"btIco btIcoExtraSmallSize btIcoDefaultType btIcoAccentColor\"><span  data-ico-s7=\"&#xe6b4;\" class=\"btIcoHolder\"><\/span><\/span><\/div><div class=\"sTxt\"><header class=\"header btClear small\" ><div class=\"btSuperTitle\"><span>G\u00f6\u00e7menlik masraflar\u0131<\/span><\/div><div class=\"dash\"><\/div><div class=\"btSubTitle\">\u20ac49 990<\/div><\/header><\/div><\/div><div class=\"btClear btSeparator bottomExtraSmallSpaced noBorder\" ><hr><\/div><div class=\"servicesItem  btIcoAccentColorIcon btIcoExtraSmallSizeIcon\"><div class=\"sIcon\"><span class=\"btIco btIcoExtraSmallSize btIcoDefaultType btIcoAccentColor\"><span  data-ico-s7=\"&#xe62c;\" class=\"btIcoHolder\"><\/span><\/span><\/div><div class=\"sTxt\"><header class=\"header btClear small\" ><div class=\"btSuperTitle\"><span>Di\u011fer giderler<\/span><\/div><div class=\"dash\"><\/div><div class=\"btSubTitle\">(yasal destek)<br \/><br \/>\u20ac10 000<\/div><\/header><\/div><\/div><div class=\"btClear btSeparator bottomExtraSmallSpaced noBorder\" ><hr><\/div><div class=\"servicesItem  btIcoAccentColorIcon btIcoExtraSmallSizeIcon\"><div class=\"sIcon\"><span class=\"btIco btIcoExtraSmallSize btIcoDefaultType btIcoAccentColor\"><span  data-ico-s7=\"&#xe60c;\" class=\"btIcoHolder\"><\/span><\/span><\/div><div class=\"sTxt\"><header class=\"header btClear small\" ><div class=\"btSuperTitle\"><span>Toplam yat\u0131r\u0131m tutar\u0131<\/span><\/div><div class=\"dash\"><\/div><div class=\"btSubTitle\">\u20ac562 090<\/div><\/header><\/div><\/div><div class=\"btClear btSeparator bottomExtraSmallSpaced noBorder\" ><hr><\/div><a href=\"https:\/\/finbekgoldenvisa.com\/tr\/mali\u0307yet-hesaplayici\/\" class=\"btBtn btBtn btnFilledStyle btnAccentColor btnSmall btnFullWidth btTextCenter btnRightPosition btnIco\" ><span class=\"btnInnerText\">MALIYETI HESAPLAYIN<\/span><span class=\"btIco\"><span  data-ico-fa=\"&#xf061;\" class=\"btIcoHolder\"><\/span><\/span><\/a><div class=\"btClear btSeparator topSmallSpaced bottomSmallSpaced noBorder\" ><hr><\/div><\/div><\/div><\/div><\/div><\/div><\/div><\/div><\/section><section id=\"bt_section69f365075a7ed\"  class=\"boldSection topSpaced bottomSemiSpaced btLightSkin gutter inherit\" ><div class=\"port\"><div class=\"boldCell\"><div class=\"boldCellInner\"><div class=\"boldRow\" ><div class=\"boldRowInner\"><div class=\"rowItem col-md-3 col-sm-6 col-ms-12 btTextLeft\"  data-width=\"3\"><div class=\"rowItemContent\" ><\/div><\/div><div class=\"rowItem col-md-6 col-sm-12 btTextCenter animate animate-fadein inherit\"  data-width=\"6\"><div class=\"rowItemContent\" ><header class=\"header btClear extralarge\" ><div class=\"btSuperTitle\"><span>M\u00dcLKTEN DAHA FAZLASI<\/span><\/div><div class=\"dash\"><h1><span class=\"headline\">\u00c7al\u0131\u015fmalar\u0131m\u0131z\u0131n \u00f6zellikleri<\/span><\/h1><\/div><div class=\"btSubTitle\">Bireysel hedeflerinize uygun bir oturma izni se\u00e7ene\u011fi \u00f6neriyoruz.<\/div><\/header><div class=\"btClear btSeparator bottomSemiSpaced noBorder\" ><hr><\/div><\/div><\/div><div class=\"rowItem col-md-3 col-sm-6 col-ms-12 btTextLeft\"  data-width=\"3\"><div class=\"rowItemContent\" ><\/div><\/div><\/div><\/div><div class=\"boldRow\" ><div class=\"boldRowInner\"><div class=\"rowItem col-md-12 col-ms-12  btTextCenter animate animate-fadein inherit\"  data-width=\"12\"><div class=\"rowItemContent\" ><div class=\"servicesItem  btIcoAccentColorIcon btIcoBigSizeIcon\"><div class=\"sIcon\"><span class=\"btIco btIcoBigSize btIcoDefaultType btIcoAccentColor\"><span  data-ico-bs=\"&#xf16b;\" class=\"btIcoHolder\"><\/span><\/span><\/div><div class=\"sTxt\"><header class=\"header btClear small\" ><div class=\"btSuperTitle\"><span>500.000 \u20ac'dan ba\u015flayan fon<\/span><\/div><div class=\"dash\"><\/div><div class=\"btSubTitle\">Y\u0131ll\u0131k 3% ile 10% aras\u0131nda de\u011fi\u015fen yat\u0131r\u0131m getirisi ile yat\u0131r\u0131m fonlar\u0131n\u0131n veya giri\u015fim sermayesi fonlar\u0131n\u0131n birimlerinin sat\u0131n al\u0131nmas\u0131. 500 bin dolarl\u0131k bir yat\u0131r\u0131m, se\u00e7ilen fona ba\u011fl\u0131 olarak 5-10 y\u0131l sonra yat\u0131r\u0131m fonu taraf\u0131ndan iade edilir.<\/div><\/header><\/div><\/div><div class=\"btClear btSeparator bottomSemiSpaced noBorder\" ><hr><\/div><\/div><\/div><\/div><\/div><div class=\"boldRow\" ><div class=\"boldRowInner\"><div class=\"rowItem col-md-4 col-ms-12 btTextCenter animate animate-fadein inherit\"  data-width=\"4\"><div class=\"rowItemContent\" ><div class=\"servicesItem  btIcoAccentColorIcon btIcoBigSizeIcon\"><div class=\"sIcon\"><span class=\"btIco btIcoBigSize btIcoDefaultType btIcoAccentColor\"><span  data-ico-s7=\"&#xe662;\" class=\"btIcoHolder\"><\/span><\/span><\/div><div class=\"sTxt\"><header class=\"header btClear small\" ><div class=\"btSuperTitle\"><span>250.000 \u20ac'dan ba\u015flayan fiyatlarla k\u00fclt\u00fcr<\/span><\/div><div class=\"dash\"><\/div><div class=\"btSubTitle\">Ulusal k\u00fclt\u00fcrel miras\u0131n sanatsal \u00fcretimini, restorasyonunu ve korunmas\u0131n\u0131 desteklemek i\u00e7in bir kereye mahsus geri \u00f6demesiz katk\u0131.<\/div><\/header><\/div><\/div><div class=\"btClear btSeparator bottomSemiSpaced noBorder\" ><hr><\/div><\/div><\/div><div class=\"rowItem col-md-4 col-ms-12 btTextCenter animate animate-fadein inherit\"  data-width=\"4\"><div class=\"rowItemContent\" ><div class=\"servicesItem  btIcoAccentColorIcon btIcoBigSizeIcon\"><div class=\"sIcon\"><span class=\"btIco btIcoBigSize btIcoDefaultType btIcoAccentColor\"><span  data-ico-s7=\"&#xe60f;\" class=\"btIcoHolder\"><\/span><\/span><\/div><div class=\"sTxt\"><header class=\"header btClear small\" ><div class=\"btSuperTitle\"><span>500.000 \u20ac'dan ba\u015flayan fiyatlarla bilim<\/span><\/div><div class=\"dash\"><\/div><div class=\"btSubTitle\">Portekiz Bilim ve Teknoloji Program\u0131 kapsam\u0131ndaki i\u015fletmelerin Ar-Ge faaliyetlerinin 500.000 Avro veya daha fazla bir tutar i\u00e7in geri al\u0131namaz sponsorlu\u011fu.<\/div><\/header><\/div><\/div><div class=\"btClear btSeparator bottomSemiSpaced noBorder\" ><hr><\/div><\/div><\/div><div class=\"rowItem col-md-4 col-ms-12 btTextCenter animate animate-fadein inherit\"  data-width=\"4\"><div class=\"rowItemContent\" ><div class=\"servicesItem  btIcoAccentColorIcon btIcoBigSizeIcon\"><div class=\"sIcon\"><span class=\"btIco btIcoBigSize btIcoDefaultType btIcoAccentColor\"><span  data-ico-bs=\"&#xf156;\" class=\"btIcoHolder\"><\/span><\/span><\/div><div class=\"sTxt\"><header class=\"header btClear small\" ><div class=\"btSuperTitle\"><span>500.000 \u20ac'dan ba\u015flayan fiyatlarla i\u015f<\/span><\/div><div class=\"dash\"><\/div><div class=\"btSubTitle\">Portekiz'de yerel halk i\u00e7in en az 10 i\u015f yarat\u0131n. Ya da Portekiz'de bir \u015firkete 500.000 \u20ac'dan yat\u0131r\u0131m yap\u0131n ve 5 istihdam yarat\u0131n.<\/div><\/header><\/div><\/div><div class=\"btClear btSeparator bottomSemiSpaced noBorder\" ><hr><\/div><\/div><\/div><\/div><\/div><\/div><\/div><\/div><\/section><\/p>","protected":false},"excerpt":{"rendered":"","protected":false},"author":1,"featured_media":0,"parent":0,"menu_order":0,"comment_status":"closed","ping_status":"closed","template":"","meta":{"footnotes":""},"class_list":["post-1163","page","type-page","status-publish","hentry"],"_links":{"self":[{"href":"https:\/\/finbekgoldenvisa.com\/tr\/wp-json\/wp\/v2\/pages\/1163","targetHints":{"allow":["GET"]}}],"collection":[{"href":"https:\/\/finbekgoldenvisa.com\/tr\/wp-json\/wp\/v2\/pages"}],"about":[{"href":"https:\/\/finbekgoldenvisa.com\/tr\/wp-json\/wp\/v2\/types\/page"}],"author":[{"embeddable":true,"href":"https:\/\/finbekgoldenvisa.com\/tr\/wp-json\/wp\/v2\/users\/1"}],"replies":[{"embeddable":true,"href":"https:\/\/finbekgoldenvisa.com\/tr\/wp-json\/wp\/v2\/comments?post=1163"}],"version-history":[{"count":329,"href":"https:\/\/finbekgoldenvisa.com\/tr\/wp-json\/wp\/v2\/pages\/1163\/revisions"}],"predecessor-version":[{"id":3276,"href":"https:\/\/finbekgoldenvisa.com\/tr\/wp-json\/wp\/v2\/pages\/1163\/revisions\/3276"}],"wp:attachment":[{"href":"https:\/\/finbekgoldenvisa.com\/tr\/wp-json\/wp\/v2\/media?parent=1163"}],"curies":[{"name":"wp","href":"https:\/\/api.w.org\/{rel}","templated":true}]}}