{"id":1480,"date":"2016-07-22T10:23:32","date_gmt":"2016-07-22T10:23:32","guid":{"rendered":"http:\/\/finance.bold-themes.com\/main-demo\/?page_id=1480"},"modified":"2024-07-04T16:47:44","modified_gmt":"2024-07-04T15:47:44","slug":"faq","status":"publish","type":"page","link":"https:\/\/finbekgoldenvisa.com\/tr\/sss\/","title":{"rendered":"Sorular"},"content":{"rendered":"<p><section id=\"bt_section69e47d019889e\"  class=\"boldSection topSpaced bottomSemiSpaced btLightSkin gutter inherit\" ><div class=\"port\"><div class=\"boldCell\"><div class=\"boldCellInner\"><div class=\"boldRow\" ><div class=\"boldRowInner\"><div class=\"rowItem col-md-8 col-ms-12 btTextLeft animate animate-fadein inherit\"  data-width=\"8\"><div class=\"rowItemContent\" ><header class=\"header btClear extralarge\" ><div class=\"btSuperTitle\"><span>CEVAPLARI ALIN<\/span><\/div><div class=\"dash\"><h1><span class=\"headline\">S\u0131k\u00e7a Sorulan Sorular <b class=\"animate\">sorular<\/b><\/span><\/h1><\/div><div class=\"btSubTitle\">Alt\u0131n Vize Program\u0131 hakk\u0131nda s\u0131k\u00e7a sorulan sorulardan baz\u0131lar\u0131n\u0131 burada bulabilirsiniz. Daha fazla bilgi i\u00e7in size \u00fccretsiz dan\u0131\u015fmanl\u0131k hizmetimizi sunuyoruz. <\/div><\/header><div class=\"btClear btSeparator topSmallSpaced border\" ><hr><\/div><div class=\"btTabs tabsVertical\"><ul class=\"tabsHeader\"><li><span>Portekiz'de kimler Golden Visa alabilir?<\/span><\/li><li><span>Misafirli\u011fimi nas\u0131l uzatabilirim ve programa kat\u0131lman\u0131n maliyeti nedir?<\/span><\/li><li><span>Alt\u0131n Vize ba\u015fvurusunda bulunmak i\u00e7in herhangi bir \u015fart var m\u0131?<\/span><\/li><li><span>Bu s\u00fcre\u00e7te kendinizi nas\u0131l g\u00fcvende tutars\u0131n\u0131z?<\/span><\/li><li><span>Forma kimi yazabilirim?<\/span><\/li><li><span>Portekiz vatanda\u015fl\u0131\u011f\u0131na ba\u015fvurabilir miyim?<\/span><\/li><li><span>Program hakk\u0131nda daha fazla bilgiye nas\u0131l ula\u015fabilirim?<\/span><\/li><li><span>Program\u0131n \u00fccreti ne kadar?<\/span><\/li><li><span>Sat\u0131n ald\u0131\u011f\u0131m m\u00fclkte ya\u015famak zorunda m\u0131y\u0131m?<\/span><\/li><li><span>Avrupa Birli\u011fi i\u00e7inde dola\u015fabilecek miyim?<\/span><\/li><li><span>Bir yat\u0131r\u0131mc\u0131n\u0131n yat\u0131rd\u0131\u011f\u0131 500 bin dolar\u0131 geri almas\u0131 ne kadar s\u00fcrer?<\/span><\/li><\/ul><div class=\"tabPanes accordionPanes\"><div class=\"tabPane\">\r\n\t\t\t<div class=\"tabAccordionTitle\"><span>Portekiz'de kimler Golden Visa alabilir?<\/span><\/div>\r\n\t\t\t<div class=\"tabAccordionContent\"><div class=\"btText\" ><\/p>\n<p>AB\/EFTA \u00fcyesi olmayan \u00fclkelerden gelen yat\u0131r\u0131mc\u0131lar Alt\u0131n Vize i\u00e7in ba\u015fvurabilirler.<\/p>\n<p>\n<\/div><\/div>\r\n\t\t<\/div><div class=\"tabPane\">\r\n\t\t\t<div class=\"tabAccordionTitle\"><span>Misafirli\u011fimi nas\u0131l uzatabilirim ve programa kat\u0131lman\u0131n maliyeti nedir?<\/span><\/div>\r\n\t\t\t<div class=\"tabAccordionContent\"><div class=\"btText\" ><\/p>\n<p>Alt\u0131n Vize program\u0131 kapsam\u0131nda ikamet izninin uzat\u0131lmas\u0131n\u0131n temel dayana\u011f\u0131 gayrimenkul sahibi olma hakk\u0131d\u0131r.<\/p>\n<p><strong>Ki\u015fi ba\u015f\u0131na eyalet \u00fccretleri:<\/strong><\/p>\n<ul>\n<li>1. yenileme - 1. y\u0131l\u0131n sonunda - 540 Euro;<\/li>\n<li>2. yenileme - 3. y\u0131ldan sonra - 540 Euro.<\/li>\n<\/ul>\n<p>Program\u0131n toplam tahmini maliyetini hesaplamak i\u00e7in\u00a0<a href=\"https:\/\/visagolden.uz\/cost-calculator\/\" target=\"_blank\" rel=\"noopener\">hesap makinesi<\/a>\u00a0\u0130nternet sitesinde.<\/p>\n<p>\n<\/div><\/div>\r\n\t\t<\/div><div class=\"tabPane\">\r\n\t\t\t<div class=\"tabAccordionTitle\"><span>Alt\u0131n Vize ba\u015fvurusunda bulunmak i\u00e7in herhangi bir \u015fart var m\u0131?<\/span><\/div>\r\n\t\t\t<div class=\"tabAccordionContent\"><div class=\"btText\" ><\/p>\n<p>Yat\u0131r\u0131m miktar\u0131na bak\u0131lmaks\u0131z\u0131n ba\u015fvuru sahipleri i\u00e7in genel \u015fartlar:<\/p>\n<ul>\n<li>Sat\u0131n al\u0131nan m\u00fclke 5 y\u0131ll\u0131k bir s\u00fcre i\u00e7in sahip olma;<\/li>\n<li>Yat\u0131r\u0131m tutar\u0131n\u0131n tamam\u0131n\u0131n deniza\u015f\u0131r\u0131 hesaptan Portekiz hesab\u0131na aktar\u0131lmas\u0131;<\/li>\n<li>Yasal giri\u015fi ve Portekiz'de kalma iznini kan\u0131tlayan belge;<\/li>\n<li>G\u00f6\u00e7menlik makamlar\u0131yla s\u0131n\u0131r d\u0131\u015f\u0131 edilme ge\u00e7mi\u015finin olmamas\u0131;<\/li>\n<li>Sab\u0131ka kayd\u0131 yok;<\/li>\n<li>\u0130lk y\u0131l boyunca Portekiz'de 7 g\u00fcn konaklama;<\/li>\n<li>A\u015fa\u011f\u0131daki 2 y\u0131ll\u0131k d\u00f6nemlerin her birinde 14 g\u00fcn boyunca \u00fclkede ikamet.<\/li>\n<\/ul>\n<p>\n<\/div><\/div>\r\n\t\t<\/div><div class=\"tabPane\">\r\n\t\t\t<div class=\"tabAccordionTitle\"><span>Bu s\u00fcre\u00e7te kendinizi nas\u0131l g\u00fcvende tutars\u0131n\u0131z?<\/span><\/div>\r\n\t\t\t<div class=\"tabAccordionContent\"><div class=\"btText\" ><\/p>\n<p>Yat\u0131r\u0131mc\u0131lar\u0131n \u00e7o\u011fu yurtd\u0131\u015f\u0131ndan geldi\u011fi i\u00e7in, anla\u015fmay\u0131 tamamlamaya giden yoldaki her ad\u0131m\u0131n ayr\u0131nt\u0131l\u0131 bir a\u00e7\u0131klamas\u0131n\u0131 sunuyoruz. Finbek, m\u00fc\u015fterilerimize en k\u00e2rl\u0131 yat\u0131r\u0131m i\u00e7in emlak piyasas\u0131n\u0131 ke\u015ffetme f\u0131rsat\u0131 verir. Uzmanlar\u0131m\u0131z a\u015fa\u011f\u0131dakilerle ilgili ayr\u0131nt\u0131l\u0131 bilgiler haz\u0131rlayacakt\u0131r:<\/p>\n<ul>\n<li>ta\u015f\u0131nmaz\u0131n edinimiyle ilgili t\u00fcm masraf ve \u00fccretler,<\/li>\n<li>Farkl\u0131 b\u00f6lgelerdeki emlak piyasas\u0131n\u0131n kar\u015f\u0131la\u015ft\u0131r\u0131lmas\u0131,<\/li>\n<li>kira getirileri ve onar\u0131m maliyetleri,<\/li>\n<li>sat\u0131\u015f s\u00f6zle\u015fmesinin imzalanmas\u0131ndan sonra ek hizmetler,<\/li>\n<li>yat\u0131r\u0131m getirisi (ROI).<\/li>\n<\/ul>\n<p>\u00c7e\u015fitli projelere (ticari m\u00fclk, otel vb.) yat\u0131r\u0131m yapmakla ilgilenen m\u00fc\u015fterilerimiz i\u00e7in ayr\u0131nt\u0131l\u0131 bilgi sa\u011flayacak ve hedeflerinize ve ilgi alanlar\u0131n\u0131za g\u00f6re bilin\u00e7li bir karar vermenize yard\u0131mc\u0131 olaca\u011f\u0131z.<\/p>\n<p>\n<\/div><\/div>\r\n\t\t<\/div><div class=\"tabPane\">\r\n\t\t\t<div class=\"tabAccordionTitle\"><span>Forma kimi yazabilirim?<\/span><\/div>\r\n\t\t\t<div class=\"tabAccordionContent\"><div class=\"btText\" ><\/p>\n<p>Yeti\u015fkin \u00f6\u011frenci \u00e7ocuklar da dahil olmak \u00fczere t\u00fcm aile \u00fcyeleri programa kat\u0131labilir.<\/p>\n<p>\n<\/div><\/div>\r\n\t\t<\/div><div class=\"tabPane\">\r\n\t\t\t<div class=\"tabAccordionTitle\"><span>Portekiz vatanda\u015fl\u0131\u011f\u0131na ba\u015fvurabilir miyim?<\/span><\/div>\r\n\t\t\t<div class=\"tabAccordionContent\"><div class=\"btText\" ><\/p>\n<p>Evet. Yat\u0131r\u0131mc\u0131, Portekiz'de ikametinin be\u015finci y\u0131l\u0131ndan sonra daimi oturma izninin yan\u0131 s\u0131ra kendisi ve aile \u00fcyeleri i\u00e7in vatanda\u015fl\u0131k ba\u015fvurusunda bulunabilir.<\/p>\n<p>\n<\/div><\/div>\r\n\t\t<\/div><div class=\"tabPane\">\r\n\t\t\t<div class=\"tabAccordionTitle\"><span>Program hakk\u0131nda daha fazla bilgiye nas\u0131l ula\u015fabilirim?<\/span><\/div>\r\n\t\t\t<div class=\"tabAccordionContent\"><div class=\"btText\" ><\/p>\n<p>Farkl\u0131 \u00fclkelerdeki m\u00fc\u015fterilerimizin Portekiz'e ilk ziyaretlerinden \u00f6nce yat\u0131r\u0131m program\u0131n\u0131 yak\u0131ndan tan\u0131malar\u0131 i\u00e7in \u00f6zel dan\u0131\u015fmanl\u0131k hizmeti veriyoruz. Bu g\u00f6r\u00fc\u015fmeler, Alt\u0131n Vize ile ilgili t\u00fcm bilgileri \"ilk elden\" almak isteyenler i\u00e7in tasarlanm\u0131\u015ft\u0131r.<\/p>\n<p>\u00d6zel dan\u0131\u015fmanl\u0131k almak ve t\u00fcm gayrimenkul yat\u0131r\u0131m se\u00e7enekleriniz hakk\u0131nda bilgi edinmek i\u00e7in, <a href=\"https:\/\/visagolden.uz\/\" target=\"_blank\" rel=\"noopener\">\u00fccretsiz \u00f6zel dan\u0131\u015fmanl\u0131k i\u00e7in buradan randevu al\u0131n.<\/a><\/p>\n<p>\n<\/div><\/div>\r\n\t\t<\/div><div class=\"tabPane\">\r\n\t\t\t<div class=\"tabAccordionTitle\"><span>Program\u0131n \u00fccreti ne kadar?<\/span><\/div>\r\n\t\t\t<div class=\"tabAccordionContent\"><div class=\"btText\" ><\/p>\n<p>Programa kat\u0131l\u0131m maliyeti, ana yat\u0131r\u0131mc\u0131n\u0131n ailesinde oturma izni almaya hak kazanan ki\u015fi say\u0131s\u0131na ba\u011fl\u0131d\u0131r. Tam maliyeti \u00f6\u011frenmek i\u00e7in l\u00fctfen \u015funlar\u0131 kullan\u0131n <a href=\"https:\/\/visagolden.uz\/cost-calculator\/\" target=\"_blank\" rel=\"noopener\">hesap makinesi<\/a> web sitesinde, di\u011fer \u015feylerin yan\u0131 s\u0131ra \u00e7e\u015fitli ilgili hizmetlerin ve \u00fccretlerin i\u00e7eri\u011fini a\u00e7\u0131klayacakt\u0131r.<\/p>\n<p>\n<\/div><\/div>\r\n\t\t<\/div><div class=\"tabPane\">\r\n\t\t\t<div class=\"tabAccordionTitle\"><span>Sat\u0131n ald\u0131\u011f\u0131m m\u00fclkte ya\u015famak zorunda m\u0131y\u0131m?<\/span><\/div>\r\n\t\t\t<div class=\"tabAccordionContent\"><div class=\"btText\" ><\/p>\n<p>Hay\u0131r. M\u00fclk kiraya verilebilir. Buna ek olarak, yeniden in\u015fa edilmekte olan otel komplekslerine birim yat\u0131r\u0131m sa\u011flayan, 5 y\u0131l sonra sat\u0131n alma fiyat\u0131ndan garantili itfa ve 350.000 \u20ac de\u011ferindeki m\u00fclkler i\u00e7in 3% faiz geliri sa\u011flayan yat\u0131r\u0131m fonlar\u0131na yat\u0131r\u0131m yapmak da uygun bir se\u00e7enektir.<\/p>\n<p>\n<\/div><\/div>\r\n\t\t<\/div><div class=\"tabPane\">\r\n\t\t\t<div class=\"tabAccordionTitle\"><span>Avrupa Birli\u011fi i\u00e7inde dola\u015fabilecek miyim?<\/span><\/div>\r\n\t\t\t<div class=\"tabAccordionContent\"><div class=\"btText\" ><\/p>\n<p>Portekiz Alt\u0131n Vizesi size Avrupa Birli\u011fi \u00fclkelerine vizesiz giri\u015f hakk\u0131 verir.<\/p>\n<p>\n<\/div><\/div>\r\n\t\t<\/div><div class=\"tabPane\">\r\n\t\t\t<div class=\"tabAccordionTitle\"><span>Bir yat\u0131r\u0131mc\u0131n\u0131n yat\u0131rd\u0131\u011f\u0131 500 bin dolar\u0131 geri almas\u0131 ne kadar s\u00fcrer?<\/span><\/div>\r\n\t\t\t<div class=\"tabAccordionContent\"><div class=\"btText\" ><\/p>\n<p>500 bin dolarl\u0131k bir yat\u0131r\u0131m, se\u00e7ilen fona ba\u011fl\u0131 olarak 5-10 y\u0131l i\u00e7inde yat\u0131r\u0131m fonu taraf\u0131ndan iade edilir.<\/p>\n<p>\n<\/div><\/div>\r\n\t\t<\/div><\/div><\/div><div class=\"btClear btSeparator bottomSemiSpaced border\" ><hr><\/div><\/div><\/div><div class=\"rowItem col-md-4 col-ms-12 btTextLeft btHighlight inherit btDoublePadding btLightSkin\"  data-width=\"4\"><div class=\"rowItemContent\" style = \"background-color: rgba(255, 255, 255, 1); \"><div class=\"btClear btSeparator topSmallSpaced bottomSmallSpaced noBorder\" ><hr><\/div><header class=\"header btClear large\" ><div class=\"btSuperTitle\"><span>\u015eeffafl\u0131k<\/span><\/div><div class=\"dash\"><h2><span class=\"headline\">Maliyetlere \u00f6rnek<\/span><\/h2><\/div><div class=\"btSubTitle\">Golden Visa program\u0131n\u0131n 4 ki\u015filik bir aile i\u00e7in maliyetinin hesaplanmas\u0131.<\/div><\/header><div class=\"btClear btSeparator bottomExtraSmallSpaced noBorder\" ><hr><\/div><div class=\"servicesItem  btIcoAccentColorIcon btIcoExtraSmallSizeIcon\"><div class=\"sIcon\"><span class=\"btIco btIcoExtraSmallSize btIcoDefaultType btIcoAccentColor\"><span  data-ico-s7=\"&#xe648;\" class=\"btIcoHolder\"><\/span><\/span><\/div><div class=\"sTxt\"><header class=\"header btClear small\" ><div class=\"btSuperTitle\"><span>Yat\u0131r\u0131mlar<\/span><\/div><div class=\"dash\"><\/div><div class=\"btSubTitle\">\u20ac500 000<\/div><\/header><\/div><\/div><div class=\"btClear btSeparator bottomExtraSmallSpaced noBorder\" ><hr><\/div><div class=\"servicesItem  btIcoAccentColorIcon btIcoExtraSmallSizeIcon\"><div class=\"sIcon\"><span class=\"btIco btIcoExtraSmallSize btIcoDefaultType btIcoAccentColor\"><span  data-ico-s7=\"&#xe68c;\" class=\"btIcoHolder\"><\/span><\/span><\/div><div class=\"sTxt\"><header class=\"header btClear small\" ><div class=\"btSuperTitle\"><span>Yat\u0131r\u0131m maliyetleri<\/span><\/div><div class=\"dash\"><\/div><div class=\"btSubTitle\">\u20ac1 968<\/div><\/header><\/div><\/div><div class=\"btClear btSeparator bottomExtraSmallSpaced noBorder\" ><hr><\/div><div class=\"servicesItem  btIcoAccentColorIcon btIcoExtraSmallSizeIcon\"><div class=\"sIcon\"><span class=\"btIco btIcoExtraSmallSize btIcoDefaultType btIcoAccentColor\"><span  data-ico-s7=\"&#xe6b4;\" class=\"btIcoHolder\"><\/span><\/span><\/div><div class=\"sTxt\"><header class=\"header btClear small\" ><div class=\"btSuperTitle\"><span>G\u00f6\u00e7menlik masraflar\u0131<\/span><\/div><div class=\"dash\"><\/div><div class=\"btSubTitle\">\u20ac49 000<\/div><\/header><\/div><\/div><div class=\"btClear btSeparator bottomExtraSmallSpaced noBorder\" ><hr><\/div><div class=\"servicesItem  btIcoAccentColorIcon btIcoExtraSmallSizeIcon\"><div class=\"sIcon\"><span class=\"btIco btIcoExtraSmallSize btIcoDefaultType btIcoAccentColor\"><span  data-ico-s7=\"&#xe62c;\" class=\"btIcoHolder\"><\/span><\/span><\/div><div class=\"sTxt\"><header class=\"header btClear small\" ><div class=\"btSuperTitle\"><span>Di\u011fer giderler<\/span><\/div><div class=\"dash\"><\/div><div class=\"btSubTitle\">(yasal destek)<br \/><br \/>\u20ac12 900<\/div><\/header><\/div><\/div><div class=\"btClear btSeparator bottomExtraSmallSpaced noBorder\" ><hr><\/div><div class=\"servicesItem  btIcoAccentColorIcon btIcoExtraSmallSizeIcon\"><div class=\"sIcon\"><span class=\"btIco btIcoExtraSmallSize btIcoDefaultType btIcoAccentColor\"><span  data-ico-s7=\"&#xe60c;\" class=\"btIcoHolder\"><\/span><\/span><\/div><div class=\"sTxt\"><header class=\"header btClear small\" ><div class=\"btSuperTitle\"><span>Toplam yat\u0131r\u0131m tutar\u0131<\/span><\/div><div class=\"dash\"><\/div><div class=\"btSubTitle\">\u20ac343 868<\/div><\/header><\/div><\/div><div class=\"btClear btSeparator bottomExtraSmallSpaced noBorder\" ><hr><\/div><a href=\"https:\/\/finbekgoldenvisa.com\/tr\/mali\u0307yet-hesaplayici\/\" class=\"btBtn btBtn btnFilledStyle btnAccentColor btnSmall btnFullWidth btTextCenter btnRightPosition btnIco\" ><span class=\"btnInnerText\">MALIYETI HESAPLAYIN<\/span><span class=\"btIco\"><span  data-ico-fa=\"&#xf061;\" class=\"btIcoHolder\"><\/span><\/span><\/a><div class=\"btClear btSeparator topSmallSpaced bottomSmallSpaced noBorder\" ><hr><\/div><\/div><\/div><\/div><\/div><\/div><\/div><\/div><\/section><section id=\"bt_section69e47d019998a\"  class=\"boldSection topSpaced bottomSemiSpaced btLightSkin gutter inherit\" ><div class=\"port\"><div class=\"boldCell\"><div class=\"boldCellInner\"><div class=\"boldRow\" ><div class=\"boldRowInner\"><div class=\"rowItem col-md-3 col-sm-6 col-ms-12 btTextLeft\"  data-width=\"3\"><div class=\"rowItemContent\" ><\/div><\/div><div class=\"rowItem col-md-6 col-sm-12 btTextCenter animate animate-fadein inherit\"  data-width=\"6\"><div class=\"rowItemContent\" ><header class=\"header btClear extralarge\" ><div class=\"btSuperTitle\"><span>M\u00dcLKTEN DAHA FAZLASI<\/span><\/div><div class=\"dash\"><h1><span class=\"headline\">\u00c7al\u0131\u015fmalar\u0131m\u0131z\u0131n \u00f6zellikleri<\/span><\/h1><\/div><div class=\"btSubTitle\">Bireysel hedeflerinize uygun bir oturma izni se\u00e7ene\u011fi \u00f6neriyoruz.<\/div><\/header><div class=\"btClear btSeparator bottomSemiSpaced noBorder\" ><hr><\/div><\/div><\/div><div class=\"rowItem col-md-3 col-sm-6 col-ms-12 btTextLeft\"  data-width=\"3\"><div class=\"rowItemContent\" ><\/div><\/div><\/div><\/div><div class=\"boldRow\" ><div class=\"boldRowInner\"><div class=\"rowItem col-md-12 col-ms-12  btTextCenter animate animate-fadein inherit\"  data-width=\"12\"><div class=\"rowItemContent\" ><div class=\"servicesItem  btIcoAccentColorIcon btIcoBigSizeIcon\"><div class=\"sIcon\"><span class=\"btIco btIcoBigSize btIcoDefaultType btIcoAccentColor\"><span  data-ico-bs=\"&#xf16b;\" class=\"btIcoHolder\"><\/span><\/span><\/div><div class=\"sTxt\"><header class=\"header btClear small\" ><div class=\"btSuperTitle\"><span>500.000 \u20ac'dan ba\u015flayan fon<\/span><\/div><div class=\"dash\"><\/div><div class=\"btSubTitle\">Y\u0131ll\u0131k 3% ile 10% aras\u0131nda de\u011fi\u015fen yat\u0131r\u0131m getirisi ile yat\u0131r\u0131m fonlar\u0131n\u0131n veya giri\u015fim sermayesi fonlar\u0131n\u0131n birimlerinin sat\u0131n al\u0131nmas\u0131. 500 bin dolarl\u0131k bir yat\u0131r\u0131m, se\u00e7ilen fona ba\u011fl\u0131 olarak 5-10 y\u0131l sonra yat\u0131r\u0131m fonu taraf\u0131ndan iade edilir.<\/div><\/header><\/div><\/div><div class=\"btClear btSeparator bottomSemiSpaced noBorder\" ><hr><\/div><\/div><\/div><\/div><\/div><div class=\"boldRow\" ><div class=\"boldRowInner\"><div class=\"rowItem col-md-4 col-ms-12 btTextCenter animate animate-fadein inherit\"  data-width=\"4\"><div class=\"rowItemContent\" ><div class=\"servicesItem  btIcoAccentColorIcon btIcoBigSizeIcon\"><div class=\"sIcon\"><span class=\"btIco btIcoBigSize btIcoDefaultType btIcoAccentColor\"><span  data-ico-bs=\"&#xf156;\" class=\"btIcoHolder\"><\/span><\/span><\/div><div class=\"sTxt\"><header class=\"header btClear small\" ><div class=\"btSuperTitle\"><span>500.000 \u20ac'dan ba\u015flayan fiyatlarla i\u015f<\/span><\/div><div class=\"dash\"><\/div><div class=\"btSubTitle\">Portekiz'de yerel halk i\u00e7in en az 10 i\u015f yarat\u0131n. Ya da Portekiz'de bir \u015firkete 500.000 \u20ac'dan yat\u0131r\u0131m yap\u0131n ve 5 istihdam yarat\u0131n.<\/div><\/header><\/div><\/div><div class=\"btClear btSeparator bottomSemiSpaced noBorder\" ><hr><\/div><\/div><\/div><div class=\"rowItem col-md-4 col-ms-12 btTextCenter animate animate-fadein inherit\"  data-width=\"4\"><div class=\"rowItemContent\" ><div class=\"servicesItem  btIcoAccentColorIcon btIcoBigSizeIcon\"><div class=\"sIcon\"><span class=\"btIco btIcoBigSize btIcoDefaultType btIcoAccentColor\"><span  data-ico-s7=\"&#xe662;\" class=\"btIcoHolder\"><\/span><\/span><\/div><div class=\"sTxt\"><header class=\"header btClear small\" ><div class=\"btSuperTitle\"><span>250.000 \u20ac'dan ba\u015flayan fiyatlarla k\u00fclt\u00fcr<\/span><\/div><div class=\"dash\"><\/div><div class=\"btSubTitle\">Ulusal k\u00fclt\u00fcrel miras\u0131n sanatsal \u00fcretimini, restorasyonunu ve korunmas\u0131n\u0131 desteklemek i\u00e7in bir kereye mahsus geri \u00f6demesiz katk\u0131.<\/div><\/header><\/div><\/div><div class=\"btClear btSeparator bottomSemiSpaced noBorder\" ><hr><\/div><\/div><\/div><div class=\"rowItem col-md-4 col-ms-12 btTextCenter animate animate-fadein inherit\"  data-width=\"4\"><div class=\"rowItemContent\" ><div class=\"servicesItem  btIcoAccentColorIcon btIcoBigSizeIcon\"><div class=\"sIcon\"><span class=\"btIco btIcoBigSize btIcoDefaultType btIcoAccentColor\"><span  data-ico-s7=\"&#xe60f;\" class=\"btIcoHolder\"><\/span><\/span><\/div><div class=\"sTxt\"><header class=\"header btClear small\" ><div class=\"btSuperTitle\"><span>500.000 \u20ac'dan ba\u015flayan fiyatlarla bilim<\/span><\/div><div class=\"dash\"><\/div><div class=\"btSubTitle\">Portekiz Bilim ve Teknoloji Program\u0131 kapsam\u0131ndaki i\u015fletmelerin Ar-Ge faaliyetlerinin 500.000 Avro veya daha fazla bir tutar i\u00e7in geri al\u0131namaz sponsorlu\u011fu.<\/div><\/header><\/div><\/div><div class=\"btClear btSeparator bottomSemiSpaced noBorder\" ><hr><\/div><\/div><\/div><\/div><\/div><\/div><\/div><\/div><\/section><\/p>","protected":false},"excerpt":{"rendered":"<p>Bir yat\u0131r\u0131m program\u0131 kapsam\u0131nda Portekiz'de oturma izni veya ikamet izni \"Alt\u0131n Vize\" olarak adland\u0131r\u0131l\u0131r. Bu stat\u00fcy\u00fc elde etmek normal bir oturma izninden daha kolayd\u0131r.<\/p>","protected":false},"author":1,"featured_media":3031,"parent":0,"menu_order":0,"comment_status":"closed","ping_status":"closed","template":"","meta":{"footnotes":""},"class_list":["post-1480","page","type-page","status-publish","has-post-thumbnail","hentry"],"_links":{"self":[{"href":"https:\/\/finbekgoldenvisa.com\/tr\/wp-json\/wp\/v2\/pages\/1480","targetHints":{"allow":["GET"]}}],"collection":[{"href":"https:\/\/finbekgoldenvisa.com\/tr\/wp-json\/wp\/v2\/pages"}],"about":[{"href":"https:\/\/finbekgoldenvisa.com\/tr\/wp-json\/wp\/v2\/types\/page"}],"author":[{"embeddable":true,"href":"https:\/\/finbekgoldenvisa.com\/tr\/wp-json\/wp\/v2\/users\/1"}],"replies":[{"embeddable":true,"href":"https:\/\/finbekgoldenvisa.com\/tr\/wp-json\/wp\/v2\/comments?post=1480"}],"version-history":[{"count":16,"href":"https:\/\/finbekgoldenvisa.com\/tr\/wp-json\/wp\/v2\/pages\/1480\/revisions"}],"predecessor-version":[{"id":3282,"href":"https:\/\/finbekgoldenvisa.com\/tr\/wp-json\/wp\/v2\/pages\/1480\/revisions\/3282"}],"wp:featuredmedia":[{"embeddable":true,"href":"https:\/\/finbekgoldenvisa.com\/tr\/wp-json\/wp\/v2\/media\/3031"}],"wp:attachment":[{"href":"https:\/\/finbekgoldenvisa.com\/tr\/wp-json\/wp\/v2\/media?parent=1480"}],"curies":[{"name":"wp","href":"https:\/\/api.w.org\/{rel}","templated":true}]}}