{"id":1497,"date":"2016-07-22T10:28:57","date_gmt":"2016-07-22T07:28:57","guid":{"rendered":"http:\/\/finance.bold-themes.com\/main-demo\/?page_id=1497"},"modified":"2024-07-04T16:40:13","modified_gmt":"2024-07-04T15:40:13","slug":"about-us","status":"publish","type":"page","link":"https:\/\/finbekgoldenvisa.com\/tr\/hakkimizda\/","title":{"rendered":"Hakk\u0131m\u0131zda"},"content":{"rendered":"<p><section id=\"bt_section69e47cf91761b\"  class=\"boldSection topSpaced bottomSemiSpaced btDarkSkin gutter inherit wBackground cover bt_yt_video\" style=\"background-image:url('https:\/\/finbekgoldenvisa.com\/wp-content\/uploads\/2023\/02\/Ulugbek-Suyumov-CFA-Board-Advisor-da-Joao-Mata-e-anterior-Presidente-da-CFA-Society-Portugal.jpg');\" data-property=\"{videoURL:'https:\/\/www.youtube.com\/watch?v=TsrzfqI2BP0',containment:'self',startAt:127, mute:true, stopMovieOnBlur:false}\"><div class=\"port\"><div class=\"boldCell\"><div class=\"boldCellInner\"><div class=\"boldRow\" ><div class=\"boldRowInner\"><div class=\"rowItem col-md-12 col-ms-12  btTextCenter animate animate-fadein inherit btDoublePadding\"  data-width=\"12\"><div class=\"rowItemContent\" ><div class=\"btClear btSeparator topSemiSpaced bottomSemiSpaced noBorder\" ><hr><\/div><header class=\"header btClear extralarge\" ><div class=\"btSuperTitle\"><span>\u00c7al\u0131\u015fma prensibi<\/span><\/div><div class=\"dash\"><h1><span class=\"headline\">\u00c7al\u0131\u015f\u0131yoruz. <b class=\"animate\">sana<\/b><\/span><\/h1><\/div><div class=\"btSubTitle\">Yat\u0131r\u0131m se\u00e7enekleri satm\u0131yoruz, her bir m\u00fc\u015fterinin \u00f6zel ihtiya\u00e7lar\u0131n\u0131 ve hedeflerini anlamak i\u00e7in zaman ay\u0131r\u0131yoruz.<\/div><\/header><div class=\"btClear btSeparator topSmallSpaced bottomSmallSpaced noBorder\" ><hr><\/div><a href=\"https:\/\/finbekgoldenvisa.com\/tr\/hakkimizda\/iletisim\/\" class=\"btBtn btBtn btnFilledStyle btnAccentColor btnMedium btnNormalWidth btnRightPosition btnNoIcon\" ><span class=\"btnInnerText\">Dan\u0131\u015fmanl\u0131k<\/span><\/a><\/div><\/div><\/div><\/div><\/div><\/div><\/div><\/section><section id=\"bt_section69e47cf917bed\"  class=\"boldSection topSemiSpaced bottomSemiSpaced btLightSkin gutter inherit\" ><div class=\"port\"><div class=\"boldCell\"><div class=\"boldCellInner\"><div class=\"boldRow\" ><div class=\"boldRowInner\"><div class=\"rowItem col-md-3 col-sm-6 col-ms-12 btTextCenter inherit\"  data-width=\"3\"><div class=\"rowItemContent\" ><div class=\"btClear btSeparator topExtraSmallSpaced noBorder\" ><hr><\/div><div class=\"bpgPhoto  btRoundedImage\" ><div class = \"btImage\"><img decoding=\"async\" src=\"https:\/\/finbekgoldenvisa.com\/wp-content\/uploads\/2023\/02\/ulugbeksuyumov.jpg\" alt=\"Ulugbek Suyumov, Finbek CEO&#039;su\" title=\"Ki\u015fisel Dokunu\u015fla Finansal Dan\u0131\u015fmanl\u0131k\"><\/div><\/div><div class=\"btClear btSeparator bottomSmallSpaced noBorder\" ><hr><\/div><header class=\"header btClear extrasmall\" ><div class=\"dash\"><h4><span class=\"headline\">FINBEK &amp; PSI CEO <\/span><\/h4><\/div><div class=\"btSubTitle\">Lizbon, Portekiz<\/div><\/header><div class=\"btClear btSeparator bottomSmallSpaced noBorder\" ><hr><\/div><\/div><\/div><div class=\"rowItem col-md-6 col-sm-12 btTextLeft inherit\"  data-width=\"6\"><div class=\"rowItemContent\" ><header class=\"header btClear huge\" ><div class=\"dash\"><h1><span class=\"headline\">Ulugbek <b class=\"animate\">Suyumov<\/b><\/span><\/h1><\/div><div class=\"btSubTitle\">M\u00fc\u015fterilerime Avrupa'daki geleceklerini g\u00fcvence alt\u0131na alman\u0131n yan\u0131 s\u0131ra k\u00e2rl\u0131 yat\u0131r\u0131mlar yapmalar\u0131 i\u00e7in e\u015fsiz bir f\u0131rsat sunmaktan gurur duyuyorum. Do\u011fru karar\u0131 vermenize yard\u0131mc\u0131 olmak i\u00e7in, benzersiz ko\u015fullar\u0131n\u0131za en uygun se\u00e7enekleri dikkatle se\u00e7iyoruz.<\/p><br><p><\/div><\/header><div class=\"btTabs tabsVertical\"><ul class=\"tabsHeader\"><li><span>G\u00f6rev<\/span><\/li><\/ul><div class=\"tabPanes accordionPanes\"><div class=\"tabPane\">\r\n\t\t\t<div class=\"tabAccordionTitle\"><span>G\u00f6rev<\/span><\/div>\r\n\t\t\t<div class=\"tabAccordionContent\"><div class=\"btText\" ><\/p>\n<p>Portekiz ve di\u011fer Schengen \u00fclkelerinde Alt\u0131n Vize alma konusunda uzmanla\u015fm\u0131\u015f \u015firketlerin CEO'su olarak ve \u00e7ok \u00e7e\u015fitli yat\u0131r\u0131m fonlar\u0131 ve emlak se\u00e7enekleri sunarak, m\u00fc\u015fterilerime Avrupa'daki geleceklerini g\u00fcvence alt\u0131na almak ve karl\u0131 yat\u0131r\u0131mlar yapmak i\u00e7in e\u015fsiz bir f\u0131rsat sunmaktan gurur duyuyorum.<\/p>\n<p>Finans, yat\u0131r\u0131m ve emlak alanlar\u0131ndaki 20 y\u0131l\u0131 a\u015fk\u0131n deneyimimle, m\u00fc\u015fterilerimin ba\u015far\u0131l\u0131 olmas\u0131na yard\u0131mc\u0131 olma ve onlar\u0131 finansal istikrar ve refaha do\u011fru y\u00f6nlendirme konusunda tutkuluyum.<\/p>\n<p>Ak\u0131ll\u0131 yat\u0131r\u0131mlar\u0131n g\u00fcc\u00fcne ve g\u00fcvenli ya\u015faman\u0131n \u00f6nemine y\u00fcrekten inan\u0131yorum ve misyonum bu f\u0131rsatlar\u0131 m\u00fcmk\u00fcn oldu\u011funca \u00e7ok insana ula\u015ft\u0131rmak.<\/p>\n<p>\u0130ster Avrupa'da yeni bir hayata ba\u015flamak isteyin, ister sadece finansal gelece\u011finizi g\u00fcvence alt\u0131na almak isteyin, size yard\u0131mc\u0131 olmak i\u00e7in buraday\u0131m.<\/p>\n<p>\n<\/div><\/div>\r\n\t\t<\/div><\/div><\/div><div class=\"btTabs tabsVertical\"><ul class=\"tabsHeader\"><li><span>Finbek<\/span><\/li><\/ul><div class=\"tabPanes accordionPanes\"><div class=\"tabPane\">\r\n\t\t\t<div class=\"tabAccordionTitle\"><span>Finbek<\/span><\/div>\r\n\t\t\t<div class=\"tabAccordionContent\"><div class=\"btText\" ><\/p>\n<p>Finbek, Portekiz'de yat\u0131r\u0131m yapmak ve oturma izni almak isteyen yabanc\u0131 uyruklulara kap\u0131lar\u0131n\u0131 a\u00e7\u0131yor. Finbek ayr\u0131ca Portekizli ve \u0130spanyol firmalar\u0131n h\u0131zla b\u00fcy\u00fcyen Orta Asya pazarlar\u0131 olan Azerbaycan, Kazakistan, \u00d6zbekistan ve \u00f6tesine girmelerine yard\u0131mc\u0131 olmaktad\u0131r.<\/p>\n<p>\n<\/div><\/div>\r\n\t\t<\/div><\/div><\/div><div class=\"btTabs tabsVertical\"><ul class=\"tabsHeader\"><li><span>Property Solutions International<\/span><\/li><\/ul><div class=\"tabPanes accordionPanes\"><div class=\"tabPane\">\r\n\t\t\t<div class=\"tabAccordionTitle\"><span>Property Solutions International<\/span><\/div>\r\n\t\t\t<div class=\"tabAccordionContent\"><div class=\"btText\" ><\/p>\n<p>PSI, Portekiz'de tam lisansl\u0131 bir emlak komisyoncusudur ve m\u00fc\u015fterilerin a\u00e7\u0131k piyasada olmayan ve ola\u011fan\u00fcst\u00fc getiri sunan yat\u0131r\u0131m f\u0131rsatlar\u0131 bulmalar\u0131na yard\u0131mc\u0131 olur. \u015eirketin uzmanl\u0131\u011f\u0131, oteller, ofis binalar\u0131, PBSA'lar, ya\u015fl\u0131 konutlar\u0131 ve gelir getiren varl\u0131klar dahil olmak \u00fczere geni\u015f bir varl\u0131k yelpazesini kapsamaktad\u0131r. PSI ayr\u0131ca kendi yat\u0131r\u0131mlar\u0131n\u0131 y\u00f6netmek i\u00e7in Giri\u015fim Sermayesi Fonlar\u0131 kurmak isteyen emlak geli\u015ftiricilerine benzersiz dan\u0131\u015fmanl\u0131k hizmetleri sunmaktad\u0131r.<\/p>\n<p>\n<\/div><\/div>\r\n\t\t<\/div><\/div><\/div><div class=\"btClear btSeparator bottomExtraSmallSpaced noBorder\" ><hr><\/div><\/div><\/div><div class=\"rowItem col-md-3 col-sm-6 col-ms-12 btTextLeft inherit\"  data-width=\"3\"><div class=\"rowItemContent\" ><header class=\"header btClear small\" ><div class=\"btSuperTitle\"><span>\u0130LET\u0130\u015e\u0130M<\/span><\/div><\/header><div class=\"btClear btSeparator bottomExtraSmallSpaced noBorder\" ><hr><\/div><div class=\"btIconImageRow\" ><span class=\"btIco btIcoFilledType btIcoMediumSize btIcoAccentColor\"><a href=\"https:\/\/www.facebook.com\/usuyumov\"  target=\"no_target\" data-ico-fa=\"&#xf09a;\" class=\"btIcoHolder\"><\/a><\/span><span class=\"btIco btIcoFilledType btIcoMediumSize btIcoAccentColor\"><a href=\"https:\/\/www.linkedin.com\/in\/ulugbek-suyumov-cfa-95189b\/\"  target=\"no_target\" data-ico-fa=\"&#xf0e1;\" class=\"btIcoHolder\"><\/a><\/span><span class=\"btIco btIcoFilledType btIcoMediumSize btIcoAccentColor\"><span  data-ico-fa=\"&#xf0e0;\" class=\"btIcoHolder\"><\/span><\/span><\/div><div class=\"btClear btSeparator topSmallSpaced bottomSmallSpaced noBorder\" ><hr><\/div><header class=\"header btClear small\" ><div class=\"btSuperTitle\"><span>DO\u011eUM TAR\u0130H\u0130<\/span><\/div><div class=\"dash\"><h4><span class=\"headline\">29 Eyl\u00fcl 1975.<\/span><\/h4><\/div><\/header><div class=\"btClear btSeparator bottomSmallSpaced noBorder\" ><hr><\/div><header class=\"header btClear small\" ><div class=\"btSuperTitle\"><span>DO\u011eUM YER\u0130<\/span><\/div><div class=\"dash\"><h4><span class=\"headline\">Ta\u015fkent, \u00d6zbekistan<\/span><\/h4><\/div><\/header><div class=\"btClear btSeparator bottomExtraSmallSpaced noBorder\" ><hr><\/div><\/div><\/div><\/div><\/div><\/div><\/div><\/div><\/section><section id=\"bt_section69e47cf9181f6\"  class=\"boldSection topSemiSpaced bottomSemiSpaced gutter inherit\" style=\"background-color:#f4f4f4;\"><div class=\"port\"><div class=\"boldCell\"><div class=\"boldCellInner\"><div class=\"boldRow\" ><div class=\"boldRowInner\"><div class=\"rowItem col-md-6 col-sm-12 btTextLeft animate animate-fadein inherit\"  data-width=\"6\"><div class=\"rowItemContent\" ><div class=\"btText\" ><\/p>\n<p><iframe loading=\"lazy\" title=\"Portekiz&#039;e Alt\u0131n Vize program\u0131 hakk\u0131nda isti\u015fare\" width=\"1200\" height=\"675\" src=\"https:\/\/www.youtube.com\/embed\/cG5k-mzJZVA?feature=oembed\" frameborder=\"0\" allow=\"accelerometer; autoplay; clipboard-write; encrypted-media; gyroscope; picture-in-picture; web-share\" referrerpolicy=\"strict-origin-when-cross-origin\" allowfullscreen><\/iframe><\/p>\n<p>\n<\/div><div class=\"btClear btSeparator bottomSmallSpaced noBorder\" ><hr><\/div><\/div><\/div><div class=\"rowItem col-md-6 col-sm-12 btTextLeft animate animate-fadein btMiddleVertical\"  data-width=\"6\"><div class=\"rowItemContent\" ><header class=\"header btClear extralarge\" ><div class=\"btSuperTitle\"><span>ANAHTAR KONULAR<\/span><\/div><div class=\"dash\"><h1><span class=\"headline\">K\u0131saca program hakk\u0131nda<\/span><\/h1><\/div><div class=\"btSubTitle\">\u00dccretsiz dan\u0131\u015fmanl\u0131\u011f\u0131n\u0131z\u0131 \u015fimdi planlay\u0131n. Ek sorular\u0131n\u0131z\u0131 yan\u0131tlayacak ve en iyi \u00e7\u00f6z\u00fcm\u00fc se\u00e7menize yard\u0131mc\u0131 olaca\u011f\u0131z.<\/div><\/header><div class=\"btClear btSeparator bottomSmallSpaced noBorder\" ><hr><\/div><a href=\"https:\/\/finbekgoldenvisa.com\/tr\/hakkimizda\/iletisim\/\" class=\"btBtn btBtn btnFilledStyle btnAccentColor btnMedium btnNormalWidth btnRightPosition btnNoIcon\" ><span class=\"btnInnerText\">DANI\u015eMA<\/span><\/a><div class=\"btClear btSeparator bottomSmallSpaced noBorder\" ><hr><\/div><\/div><\/div><\/div><\/div><div class=\"boldRow\" ><div class=\"boldRowInner\"><div class=\"rowItem col-md-12 col-ms-12  btTextLeft\"  data-width=\"12\"><div class=\"rowItemContent\" ><div class=\"btClear btSeparator topSemiSpaced noBorder\" ><hr><\/div><\/div><\/div><\/div><\/div><div class=\"boldRow\" ><div class=\"boldRowInner\"><div class=\"rowItem col-md-12 col-ms-12  btTextCenter animate animate-fadein inherit\"  data-width=\"12\"><div class=\"rowItemContent\" ><div class=\"servicesItem  btIcoAccentColorIcon btIcoBigSizeIcon\"><div class=\"sIcon\"><span class=\"btIco btIcoBigSize btIcoDefaultType btIcoAccentColor\"><span  data-ico-bs=\"&#xf16b;\" class=\"btIcoHolder\"><\/span><\/span><\/div><div class=\"sTxt\"><header class=\"header btClear small\" ><div class=\"btSuperTitle\"><span>500.000 \u20ac'dan ba\u015flayan fon<\/span><\/div><div class=\"dash\"><\/div><div class=\"btSubTitle\">Y\u0131ll\u0131k 3% ile 10% aras\u0131nda de\u011fi\u015fen yat\u0131r\u0131m getirisi ile yat\u0131r\u0131m fonlar\u0131n\u0131n veya giri\u015fim sermayesi fonlar\u0131n\u0131n birimlerinin sat\u0131n al\u0131nmas\u0131. 500 bin dolarl\u0131k bir yat\u0131r\u0131m, se\u00e7ilen fona ba\u011fl\u0131 olarak 5-10 y\u0131l sonra yat\u0131r\u0131m fonu taraf\u0131ndan iade edilir.<\/div><\/header><\/div><\/div><div class=\"btClear btSeparator bottomSemiSpaced noBorder\" ><hr><\/div><\/div><\/div><\/div><\/div><div class=\"boldRow\" ><div class=\"boldRowInner\"><div class=\"rowItem col-md-4 col-ms-12 btTextCenter animate animate-fadein inherit\"  data-width=\"4\"><div class=\"rowItemContent\" ><div class=\"servicesItem  btIcoAccentColorIcon btIcoBigSizeIcon\"><div class=\"sIcon\"><span class=\"btIco btIcoBigSize btIcoDefaultType btIcoAccentColor\"><span  data-ico-bs=\"&#xf156;\" class=\"btIcoHolder\"><\/span><\/span><\/div><div class=\"sTxt\"><header class=\"header btClear small\" ><div class=\"btSuperTitle\"><span>500.000 \u20ac'dan ba\u015flayan fiyatlarla i\u015f<\/span><\/div><div class=\"dash\"><\/div><div class=\"btSubTitle\">Portekiz'de yerel halk i\u00e7in en az 10 i\u015f yarat\u0131n. Ya da Portekiz'de bir \u015firkete 500.000 \u20ac'dan yat\u0131r\u0131m yap\u0131n ve 5 istihdam yarat\u0131n.<\/div><\/header><\/div><\/div><div class=\"btClear btSeparator bottomSemiSpaced noBorder\" ><hr><\/div><\/div><\/div><div class=\"rowItem col-md-4 col-ms-12 btTextCenter animate animate-fadein inherit\"  data-width=\"4\"><div class=\"rowItemContent\" ><div class=\"servicesItem  btIcoAccentColorIcon btIcoBigSizeIcon\"><div class=\"sIcon\"><span class=\"btIco btIcoBigSize btIcoDefaultType btIcoAccentColor\"><span  data-ico-s7=\"&#xe662;\" class=\"btIcoHolder\"><\/span><\/span><\/div><div class=\"sTxt\"><header class=\"header btClear small\" ><div class=\"btSuperTitle\"><span>250.000 \u20ac'dan ba\u015flayan fiyatlarla k\u00fclt\u00fcr<\/span><\/div><div class=\"dash\"><\/div><div class=\"btSubTitle\">Ulusal k\u00fclt\u00fcrel miras\u0131n sanatsal \u00fcretimini, restorasyonunu ve korunmas\u0131n\u0131 desteklemek i\u00e7in bir kereye mahsus geri \u00f6demesiz katk\u0131.<\/div><\/header><\/div><\/div><div class=\"btClear btSeparator bottomSemiSpaced noBorder\" ><hr><\/div><\/div><\/div><div class=\"rowItem col-md-4 col-ms-12 btTextCenter animate animate-fadein inherit\"  data-width=\"4\"><div class=\"rowItemContent\" ><div class=\"servicesItem  btIcoAccentColorIcon btIcoBigSizeIcon\"><div class=\"sIcon\"><span class=\"btIco btIcoBigSize btIcoDefaultType btIcoAccentColor\"><span  data-ico-s7=\"&#xe60f;\" class=\"btIcoHolder\"><\/span><\/span><\/div><div class=\"sTxt\"><header class=\"header btClear small\" ><div class=\"btSuperTitle\"><span>500.000 \u20ac'dan ba\u015flayan fiyatlarla bilim<\/span><\/div><div class=\"dash\"><\/div><div class=\"btSubTitle\">Portekiz Bilim ve Teknoloji Program\u0131 kapsam\u0131ndaki i\u015fletmelerin Ar-Ge faaliyetlerinin 500.000 Avro veya daha fazla bir tutar i\u00e7in geri al\u0131namaz sponsorlu\u011fu.<\/div><\/header><\/div><\/div><div class=\"btClear btSeparator bottomSemiSpaced noBorder\" ><hr><\/div><\/div><\/div><\/div><\/div><\/div><\/div><\/div><\/section><section id=\"bt_section69e47cf91893d\"  class=\"boldSection topSmallSpaced bottomSemiSpaced btLightSkin gutter inherit\" ><div class=\"port\"><div class=\"boldCell\"><div class=\"boldCellInner\"><div class=\"boldRow\" ><div class=\"boldRowInner\"><div class=\"rowItem col-md-4 col-ms-12 btTextLeft animate animate-fadein inherit btTextIndent\"  data-width=\"4\"><div class=\"rowItemContent\" ><div class=\"bpgPhoto  btRoundedImage\" > \r\n\t\t\t\t\t<a href=\"#\" target=\"_self\" title=\"\"><\/a>\r\n\t\t\t\t\t<div class=\"boldPhotoBox\"><div class=\"bpbItem\"><div class = \"btImage\"><img decoding=\"async\" src=\"https:\/\/finbekgoldenvisa.com\/wp-content\/uploads\/2023\/01\/passport-1.jpg\" alt=\"Portekiz pasaportu\" title=\"Portekiz Golden Visa&#039;y\u0131 280.000 Euro veya daha fazla yat\u0131r\u0131mla al\u0131n\"><\/div><\/div><\/div>\r\n\t\t\t\t\t<div class=\"captionPane btDarkSkin btTextCenter\">\r\n\t\t\t\t\t\t<div class=\"captionTable\">\r\n\t\t\t\t\t\t\t<div class=\"captionCell\">\r\n\t\t\t\t\t\t\t\t<div class=\"captionTxt\"><header class=\"header btClear extrasmall\" ><div class=\"btSuperTitle\"><span>Portekiz Golden Visa'y\u0131 280.000 Euro veya daha fazla yat\u0131r\u0131mla al\u0131n<\/span><\/div><\/header><\/div>\r\n\t\t\t\t\t\t\t<\/div>\r\n\t\t\t\t\t\t<\/div>\r\n\t\t\t\t\t<\/div><\/div><div class=\"btClear btSeparator topExtraSmallSpaced bottomSmallSpaced noBorder\" ><hr><\/div><header class=\"header btClear small\" ><div class=\"btSuperTitle\"><span>GER\u00c7EKLER<\/span><\/div><div class=\"dash\"><h4><span class=\"headline\">Alt\u0131n vize vatanda\u015fl\u0131\u011fa g\u00f6t\u00fcr\u00fcyor<\/span><\/h4><\/div><div class=\"btSubTitle\">Portekiz'de be\u015f y\u0131ll\u0131k ikamet s\u00fcresini tamamlayan ilk Golden Visa sahipleri ortaya \u00e7\u0131kt\u0131 ve Golden Visa program\u0131na kat\u0131lanlar\u0131n \u00fclkede sadece 35 g\u00fcn fiziksel olarak ikamet ettikten sonra vatanda\u015fl\u0131k ald\u0131klar\u0131n\u0131 do\u011frulad\u0131lar.<\/div><\/header><div class=\"btClear btSeparator bottomSmallSpaced noBorder\" ><hr><\/div><a href=\"https:\/\/finbekgoldenvisa.com\/tr\/\u0434\u0430-\u0437\u043e\u043b\u043e\u0442\u0430\u044f-\u0432\u0438\u0437\u0430-\u043f\u043e\u0440\u0442\u0443\u0433\u0430\u043b\u0438\u0438-\u0435\u0434\u0435\u0442-\u043a-\u043f\u043e\u043b\u0443\/\" class=\"btBtn btBtn btnBorderlessStyle btnNormalColor btnSmall btnNormalWidth btnRightPosition btnNoIcon\" ><span class=\"btnInnerText\">DEVAMINI OKU<\/span><\/a><div class=\"btClear btSeparator bottomSemiSpaced noBorder\" ><hr><\/div><\/div><\/div><div class=\"rowItem col-md-4 col-ms-12 btTextLeft animate animate-fadein inherit btTextIndent\"  data-width=\"4\"><div class=\"rowItemContent\" ><div class=\"bpgPhoto  btRoundedImage\" > \r\n\t\t\t\t\t<a href=\"#\" target=\"_self\" title=\"\"><\/a>\r\n\t\t\t\t\t<div class=\"boldPhotoBox\"><div class=\"bpbItem\"><div class = \"btImage\"><img decoding=\"async\" src=\"https:\/\/finbekgoldenvisa.com\/wp-content\/uploads\/2023\/02\/reformsgoldenvisa.jpg\" alt=\"Portekiz&#039;e alt\u0131n vize\" title=\"Portekiz&#039;e Alt\u0131n Vize program\u0131yla ilgili son haberler\"><\/div><\/div><\/div>\r\n\t\t\t\t\t<div class=\"captionPane btDarkSkin btTextCenter\">\r\n\t\t\t\t\t\t<div class=\"captionTable\">\r\n\t\t\t\t\t\t\t<div class=\"captionCell\">\r\n\t\t\t\t\t\t\t\t<div class=\"captionTxt\"><header class=\"header btClear extrasmall\" ><div class=\"btSuperTitle\"><span>Portekiz'e Alt\u0131n Vize program\u0131yla ilgili son haberler<\/span><\/div><\/header><\/div>\r\n\t\t\t\t\t\t\t<\/div>\r\n\t\t\t\t\t\t<\/div>\r\n\t\t\t\t\t<\/div><\/div><div class=\"btClear btSeparator bottomSmallSpaced noBorder\" ><hr><\/div><header class=\"header btClear small\" ><div class=\"btSuperTitle\"><span>REFORMLAR.<\/span><\/div><div class=\"dash\"><h4><span class=\"headline\">Alt\u0131n Vize program\u0131n\u0131n kaderi<\/span><\/h4><\/div><div class=\"btSubTitle\">Ba\u015fbakan Ant\u00f3nio Costa yapt\u0131\u011f\u0131 bir konu\u015fmada, h\u00fck\u00fcmetin Portekiz'in Alt\u0131n Vize olarak bilinen ve gayrimenkul yat\u0131r\u0131m\u0131 se\u00e7eneklerini de i\u00e7eren yat\u0131r\u0131m ama\u00e7l\u0131 ikamet program\u0131 rejimini g\u00f6zden ge\u00e7irme niyetinde oldu\u011funu a\u00e7\u0131klad\u0131. <\/div><\/header><div class=\"btClear btSeparator bottomSmallSpaced noBorder\" ><hr><\/div><a href=\"https:\/\/finbekgoldenvisa.com\/tr\/porteki\u0307z-altin-vi\u0307zesi\u0307ni\u0307n-kaderi\u0307\/\" class=\"btBtn btBtn btnBorderlessStyle btnNormalColor btnSmall btnNormalWidth btnRightPosition btnNoIcon\" ><span class=\"btnInnerText\">DEVAMINI OKU<\/span><\/a><div class=\"btClear btSeparator bottomSemiSpaced noBorder\" ><hr><\/div><\/div><\/div><div class=\"rowItem col-md-4 col-ms-12 btTextLeft animate animate-fadein inherit btTextIndent\"  data-width=\"4\"><div class=\"rowItemContent\" ><div class=\"bpgPhoto  btRoundedImage\" > \r\n\t\t\t\t\t<a href=\"#\" target=\"_self\" title=\"\"><\/a>\r\n\t\t\t\t\t<div class=\"boldPhotoBox\"><div class=\"bpbItem\"><div class = \"btImage\"><img decoding=\"async\" src=\"https:\/\/finbekgoldenvisa.com\/wp-content\/uploads\/2023\/02\/safecountryportugal-512x480-1.jpg\" alt=\"Portekiz ya\u015famak i\u00e7in en g\u00fcvenli \u00fclke\" title=\"Portekiz ya\u015famak i\u00e7in en g\u00fcvenli \u00fclke\"><\/div><\/div><\/div>\r\n\t\t\t\t\t<div class=\"captionPane btDarkSkin btTextCenter\">\r\n\t\t\t\t\t\t<div class=\"captionTable\">\r\n\t\t\t\t\t\t\t<div class=\"captionCell\">\r\n\t\t\t\t\t\t\t\t<div class=\"captionTxt\"><header class=\"header btClear extrasmall\" ><div class=\"btSuperTitle\"><span>Portekiz ya\u015famak i\u00e7in en g\u00fcvenli \u00fclke<\/span><\/div><\/header><\/div>\r\n\t\t\t\t\t\t\t<\/div>\r\n\t\t\t\t\t\t<\/div>\r\n\t\t\t\t\t<\/div><\/div><div class=\"btClear btSeparator bottomSmallSpaced noBorder\" ><hr><\/div><header class=\"header btClear small\" ><div class=\"btSuperTitle\"><span>G\u00dcZELL\u0130K<\/span><\/div><div class=\"dash\"><h4><span class=\"headline\">Ya\u015famak i\u00e7in en g\u00fcvenli \u00fclke<\/span><\/h4><\/div><div class=\"btSubTitle\">Portekiz en huzurlu ve geli\u015fmi\u015f \u00fclkelerden biridir. Sakinleri zengin bir tarih, mimari ve k\u00fclt\u00fcrle \u00e7evrilidir. D\u00fcnyada 300 milyondan fazla insan Portekizce konu\u015fmaktad\u0131r ve bu da ileti\u015fim ve sosyalle\u015fme i\u00e7in sonsuz f\u0131rsatlar sunmaktad\u0131r.<\/div><\/header><div class=\"btClear btSeparator bottomSmallSpaced noBorder\" ><hr><\/div><a href=\"https:\/\/finbekgoldenvisa.com\/tr\/en-huzurlu-ulke\/\" class=\"btBtn btBtn btnBorderlessStyle btnNormalColor btnSmall btnNormalWidth btnRightPosition btnNoIcon\" ><span class=\"btnInnerText\">DEVAMINI OKU<\/span><\/a><div class=\"btClear btSeparator bottomSemiSpaced noBorder\" ><hr><\/div><\/div><\/div><\/div><\/div><\/div><\/div><\/div><\/section><\/p>","protected":false},"excerpt":{"rendered":"<p>G\u00fcvenli ya\u015faman\u0131n avantajlar\u0131ndan yararlan\u0131n. Bu yolu biz de kat ettik. <\/br><br \/>\nSizi deneyimimize ve sars\u0131lmaz ba\u011fl\u0131l\u0131\u011f\u0131m\u0131za ba\u015fvurmaya davet ediyoruz.<\/p>","protected":false},"author":1,"featured_media":2758,"parent":0,"menu_order":0,"comment_status":"closed","ping_status":"closed","template":"","meta":{"footnotes":""},"class_list":["post-1497","page","type-page","status-publish","has-post-thumbnail","hentry"],"_links":{"self":[{"href":"https:\/\/finbekgoldenvisa.com\/tr\/wp-json\/wp\/v2\/pages\/1497","targetHints":{"allow":["GET"]}}],"collection":[{"href":"https:\/\/finbekgoldenvisa.com\/tr\/wp-json\/wp\/v2\/pages"}],"about":[{"href":"https:\/\/finbekgoldenvisa.com\/tr\/wp-json\/wp\/v2\/types\/page"}],"author":[{"embeddable":true,"href":"https:\/\/finbekgoldenvisa.com\/tr\/wp-json\/wp\/v2\/users\/1"}],"replies":[{"embeddable":true,"href":"https:\/\/finbekgoldenvisa.com\/tr\/wp-json\/wp\/v2\/comments?post=1497"}],"version-history":[{"count":199,"href":"https:\/\/finbekgoldenvisa.com\/tr\/wp-json\/wp\/v2\/pages\/1497\/revisions"}],"predecessor-version":[{"id":3280,"href":"https:\/\/finbekgoldenvisa.com\/tr\/wp-json\/wp\/v2\/pages\/1497\/revisions\/3280"}],"wp:featuredmedia":[{"embeddable":true,"href":"https:\/\/finbekgoldenvisa.com\/tr\/wp-json\/wp\/v2\/media\/2758"}],"wp:attachment":[{"href":"https:\/\/finbekgoldenvisa.com\/tr\/wp-json\/wp\/v2\/media?parent=1497"}],"curies":[{"name":"wp","href":"https:\/\/api.w.org\/{rel}","templated":true}]}}