{"id":1629,"date":"2016-08-01T10:31:37","date_gmt":"2016-08-01T07:31:37","guid":{"rendered":"http:\/\/finance.bold-themes.com\/main-demo\/?page_id=1629"},"modified":"2025-08-01T14:39:47","modified_gmt":"2025-08-01T13:39:47","slug":"current-projects","status":"publish","type":"page","link":"https:\/\/finbekgoldenvisa.com\/tr\/guncel-projeler\/","title":{"rendered":"Yat\u0131r\u0131m fonlar\u0131"},"content":{"rendered":"<p><section id=\"bt_section69e4656cd598f\"  class=\"boldSection topSpaced bottomSemiSpaced btLightSkin gutter inherit\" ><div class=\"port\"><div class=\"boldCell\"><div class=\"boldCellInner\"><div class=\"boldRow\" ><div class=\"boldRowInner\"><div class=\"rowItem col-md-8 col-ms-12 btTextLeft animate animate-fadein inherit\"  data-width=\"8\"><div class=\"rowItemContent\" ><header class=\"header btClear extralarge\" ><div class=\"dash\"><h1><span class=\"headline\">Do\u011fa Turizmi Geli\u015ftirme Fonu<\/span><\/h1><\/div><\/header><div class=\"btClear btSeparator topSmallSpaced noBorder\" ><hr><\/div><div class=\"bpgPhoto\" ><div class = \"btImage\"><img decoding=\"async\" src=\"https:\/\/finbekgoldenvisa.com\/wp-content\/uploads\/2024\/03\/Hospitality-Fund-ETP.png\" alt=\"\" title=\"\"><\/div><\/div><div class=\"btClear btSeparator bottomSemiSpaced noBorder\" ><hr><\/div><\/div><\/div><div class=\"rowItem col-md-4 col-ms-12 btTextLeft animate animate-fadein btHighlight inherit btDoublePadding btLightSkin\"  data-width=\"4\"><div class=\"rowItemContent\" style = \"background-image: url(https:\/\/finbekgoldenvisa.com\/wp-content\/uploads\/2016\/07\/background_5.jpg); \"><div class=\"btClear btSeparator topSmallSpaced bottomSmallSpaced noBorder\" ><hr><\/div><header class=\"header btClear large\" ><div class=\"dash\"><h2><span class=\"headline\">Ocean View Otel<\/span><\/h2><\/div><div class=\"btSubTitle\">Bu 4 y\u0131ld\u0131zl\u0131 otel, plaj\u0131n ve Santo Andr\u00e9 lag\u00fcn\u00fcn\u00fcn muhte\u015fem manzaras\u0131na sahip 46 konforlu odadan olu\u015fmaktad\u0131r.<\/div><\/header><div class=\"btClear btSeparator topSmallSpaced noBorder\" ><hr><\/div><div class=\"servicesItem  btIcoAccentColorIcon btIcoExtraSmallSizeIcon\"><div class=\"sIcon\"><span class=\"btIco btIcoExtraSmallSize btIcoDefaultType btIcoAccentColor\"><span  data-ico-s7=\"&#xe648;\" class=\"btIcoHolder\"><\/span><\/span><\/div><div class=\"sTxt\"><header class=\"header btClear small\" ><div class=\"btSuperTitle\"><span>Minimum yat\u0131r\u0131m<\/span><\/div><div class=\"dash\"><\/div><div class=\"btSubTitle\">\u20ac100 K<\/div><\/header><\/div><\/div><div class=\"btClear btSeparator bottomSmallSpaced noBorder\" ><hr><\/div><div class=\"btClear btSeparator bottomSmallSpaced noBorder\" ><hr><\/div><div class=\"servicesItem  btIcoAccentColorIcon btIcoExtraSmallSizeIcon\"><div class=\"sIcon\"><span class=\"btIco btIcoExtraSmallSize btIcoDefaultType btIcoAccentColor\"><span  data-ico-s7=\"&#xe60c;\" class=\"btIcoHolder\"><\/span><\/span><\/div><div class=\"sTxt\"><header class=\"header btClear small\" ><div class=\"btSuperTitle\"><span>Fon b\u00fcy\u00fckl\u00fc\u011f\u00fc<\/span><\/div><div class=\"dash\"><\/div><div class=\"btSubTitle\">\u20ac18 M<\/div><\/header><\/div><\/div><div class=\"btClear btSeparator topSmallSpaced bottomExtraSmallSpaced noBorder\" ><hr><\/div><a href=\"https:\/\/finbekgoldenvisa.com\/tr\/hakkimizda\/iletisim\/\" class=\"btBtn btBtn btnFilledStyle btnAccentColor btnMedium btnFullWidth btnRightPosition btnIco\" ><span class=\"btnInnerText\">DAHA FAZLA BI\u0307LGI\u0307 EDI\u0307NI\u0307N<\/span><span class=\"btIco\"><span  data-ico-fa=\"&#xf061;\" class=\"btIcoHolder\"><\/span><\/span><\/a><div class=\"btClear btSeparator topSmallSpaced bottomSmallSpaced noBorder\" ><hr><\/div><\/div><\/div><\/div><\/div><\/div><\/div><\/div><\/section><section id=\"bt_section69e4656cd650d\"  class=\"boldSection topSpaced bottomSemiSpaced gutter inherit wBackground cover btBackgroundOverlay btSolidLightBackground\" style=\"background-image:url('https:\/\/finbekgoldenvisa.com\/wp-content\/uploads\/2016\/07\/background_5.jpg');\"><div class=\"port\"><div class=\"boldCell\"><div class=\"boldCellInner\"><div class=\"boldRow\" ><div class=\"boldRowInner\"><div class=\"rowItem col-md-4 col-ms-12 btTextLeft animate animate-fadein btHighlight inherit btDoublePadding btLightSkin\"  data-width=\"4\"><div class=\"rowItemContent\" style = \"background-image: url(https:\/\/finbekgoldenvisa.com\/wp-content\/uploads\/2016\/07\/background_5.jpg); \"><div class=\"btClear btSeparator topSmallSpaced bottomSmallSpaced noBorder\" ><hr><\/div><header class=\"header btClear large\" ><div class=\"dash\"><h2><span class=\"headline\">Solaris Ventures Fonu<\/span><\/h2><\/div><div class=\"btSubTitle\">Portekiz'de bulunan g\u00fcne\u015f enerjisi projelerinin hisselerine, \u00f6zellikle de h\u00fck\u00fcmetin Acordo listesi alt\u0131nda listelenen erken a\u015famalardakilere yat\u0131r\u0131m yapmaya odaklanm\u0131\u015ft\u0131r<\/div><\/header><div class=\"btClear btSeparator topSmallSpaced noBorder\" ><hr><\/div><div class=\"servicesItem  btIcoAccentColorIcon btIcoExtraSmallSizeIcon\"><div class=\"sIcon\"><span class=\"btIco btIcoExtraSmallSize btIcoDefaultType btIcoAccentColor\"><span  data-ico-s7=\"&#xe648;\" class=\"btIcoHolder\"><\/span><\/span><\/div><div class=\"sTxt\"><header class=\"header btClear small\" ><div class=\"btSuperTitle\"><span>Minimum yat\u0131r\u0131m<\/span><\/div><div class=\"dash\"><\/div><div class=\"btSubTitle\">\u20ac100 K<\/div><\/header><\/div><\/div><div class=\"btClear btSeparator bottomSmallSpaced noBorder\" ><hr><\/div><div class=\"btClear btSeparator bottomSmallSpaced noBorder\" ><hr><\/div><div class=\"servicesItem  btIcoAccentColorIcon btIcoExtraSmallSizeIcon\"><div class=\"sIcon\"><span class=\"btIco btIcoExtraSmallSize btIcoDefaultType btIcoAccentColor\"><span  data-ico-s7=\"&#xe60c;\" class=\"btIcoHolder\"><\/span><\/span><\/div><div class=\"sTxt\"><header class=\"header btClear small\" ><div class=\"btSuperTitle\"><span>Fon b\u00fcy\u00fckl\u00fc\u011f\u00fc<\/span><\/div><div class=\"dash\"><\/div><div class=\"btSubTitle\">\u20ac100 M<\/div><\/header><\/div><\/div><div class=\"btClear btSeparator topSmallSpaced bottomExtraSmallSpaced noBorder\" ><hr><\/div><a href=\"https:\/\/finbekgoldenvisa.com\/tr\/hakkimizda\/iletisim\/\" class=\"btBtn btBtn btnFilledStyle btnAccentColor btnMedium btnFullWidth btnRightPosition btnIco\" ><span class=\"btnInnerText\">DAHA FAZLA BI\u0307LGI\u0307 EDI\u0307NI\u0307N<\/span><span class=\"btIco\"><span  data-ico-fa=\"&#xf061;\" class=\"btIcoHolder\"><\/span><\/span><\/a><div class=\"btClear btSeparator topSmallSpaced bottomSmallSpaced noBorder\" ><hr><\/div><\/div><\/div><div class=\"rowItem col-md-8 col-ms-12 btTextLeft animate animate-fadein inherit\"  data-width=\"8\"><div class=\"rowItemContent\" ><header class=\"header btClear extralarge\" ><div class=\"dash\"><h1><span class=\"headline\">Solaris Ventures Fonu<\/span><\/h1><\/div><\/header><div class=\"btClear btSeparator topSmallSpaced noBorder\" ><hr><\/div><div class=\"bpgPhoto\" ><div class = \"btImage\"><img decoding=\"async\" src=\"https:\/\/finbekgoldenvisa.com\/wp-content\/uploads\/2024\/05\/solar-3.png\" alt=\"\" title=\"\"><\/div><\/div><div class=\"btClear btSeparator bottomSemiSpaced noBorder\" ><hr><\/div><\/div><\/div><\/div><\/div><\/div><\/div><\/div><\/section><section id=\"bt_section69e4656cd6cec\"  class=\"boldSection topSpaced bottomSemiSpaced gutter inherit wBackground cover btBackgroundOverlay btSolidLightBackground\" style=\"background-image:url('https:\/\/finbekgoldenvisa.com\/wp-content\/uploads\/2016\/07\/background_5.jpg');\"><div class=\"port\"><div class=\"boldCell\"><div class=\"boldCellInner\"><div class=\"boldRow\" ><div class=\"boldRowInner\"><div class=\"rowItem col-md-4 col-ms-12 btTextLeft animate animate-fadein btHighlight inherit btDoublePadding btLightSkin\"  data-width=\"4\"><div class=\"rowItemContent\" style = \"background-image: url(https:\/\/finbekgoldenvisa.com\/wp-content\/uploads\/2016\/07\/background_5.jpg); \"><div class=\"btClear btSeparator topSmallSpaced bottomSmallSpaced noBorder\" ><hr><\/div><header class=\"header btClear large\" ><div class=\"dash\"><h2><span class=\"headline\">\u00c7oklu Kul\u00fcp Sahiplik Fonu<\/span><\/h2><\/div><div class=\"btSubTitle\">Bu yakla\u015f\u0131m, gelir ak\u0131\u015flar\u0131n\u0131 optimize etmek i\u00e7in kolektif g\u00fc\u00e7lerinden yararlanarak birden fazla kul\u00fcbe stratejik eri\u015fim sunar.<\/div><\/header><div class=\"btClear btSeparator topSmallSpaced noBorder\" ><hr><\/div><div class=\"servicesItem  btIcoAccentColorIcon btIcoExtraSmallSizeIcon\"><div class=\"sIcon\"><span class=\"btIco btIcoExtraSmallSize btIcoDefaultType btIcoAccentColor\"><span  data-ico-s7=\"&#xe648;\" class=\"btIcoHolder\"><\/span><\/span><\/div><div class=\"sTxt\"><header class=\"header btClear small\" ><div class=\"btSuperTitle\"><span>Minimum yat\u0131r\u0131m<\/span><\/div><div class=\"dash\"><\/div><div class=\"btSubTitle\">\u20ac 100 K<\/div><\/header><\/div><\/div><div class=\"btClear btSeparator bottomSmallSpaced noBorder\" ><hr><\/div><div class=\"btClear btSeparator bottomSmallSpaced noBorder\" ><hr><\/div><div class=\"servicesItem  btIcoAccentColorIcon btIcoExtraSmallSizeIcon\"><div class=\"sIcon\"><span class=\"btIco btIcoExtraSmallSize btIcoDefaultType btIcoAccentColor\"><span  data-ico-s7=\"&#xe60c;\" class=\"btIcoHolder\"><\/span><\/span><\/div><div class=\"sTxt\"><header class=\"header btClear small\" ><div class=\"btSuperTitle\"><span>Fon b\u00fcy\u00fckl\u00fc\u011f\u00fc<\/span><\/div><div class=\"dash\"><\/div><div class=\"btSubTitle\">\u20ac150 M<\/div><\/header><\/div><\/div><div class=\"btClear btSeparator topSmallSpaced bottomExtraSmallSpaced noBorder\" ><hr><\/div><a href=\"https:\/\/finbekgoldenvisa.com\/tr\/hakkimizda\/iletisim\/\" class=\"btBtn btBtn btnFilledStyle btnAccentColor btnMedium btnFullWidth btnRightPosition btnIco\" ><span class=\"btnInnerText\">DAHA FAZLA BI\u0307LGI\u0307 EDI\u0307NI\u0307N<\/span><span class=\"btIco\"><span  data-ico-fa=\"&#xf061;\" class=\"btIcoHolder\"><\/span><\/span><\/a><div class=\"btClear btSeparator topSmallSpaced bottomSmallSpaced noBorder\" ><hr><\/div><\/div><\/div><div class=\"rowItem col-md-8 col-ms-12 btTextLeft animate animate-fadein inherit\"  data-width=\"8\"><div class=\"rowItemContent\" ><header class=\"header btClear extralarge\" ><div class=\"dash\"><h1><span class=\"headline\">\u00c7oklu Kul\u00fcp Sahiplik Fonu<\/span><\/h1><\/div><\/header><div class=\"btClear btSeparator topSmallSpaced noBorder\" ><hr><\/div><div class=\"bpgPhoto\" ><div class = \"btImage\"><img decoding=\"async\" src=\"https:\/\/finbekgoldenvisa.com\/wp-content\/uploads\/2024\/04\/estadio.webp\" alt=\"\" title=\"\"><\/div><\/div><div class=\"btClear btSeparator bottomSemiSpaced noBorder\" ><hr><\/div><\/div><\/div><\/div><\/div><\/div><\/div><\/div><\/section><section id=\"bt_section69e4656cd7453\"  class=\"boldSection topSpaced bottomSemiSpaced gutter inherit wBackground cover btBackgroundOverlay btSolidLightBackground\" style=\"background-image:url('https:\/\/finbekgoldenvisa.com\/wp-content\/uploads\/2016\/07\/background_5.jpg');\"><div class=\"port\"><div class=\"boldCell\"><div class=\"boldCellInner\"><div class=\"boldRow\" ><div class=\"boldRowInner\"><div class=\"rowItem col-md-8 col-ms-12 btTextLeft animate animate-fadein inherit\"  data-width=\"8\"><div class=\"rowItemContent\" ><header class=\"header btClear extralarge\" ><div class=\"dash\"><h1><span class=\"headline\">Dinamik Yat\u0131r\u0131m Fonu<\/span><\/h1><\/div><\/header><div class=\"btClear btSeparator topSmallSpaced noBorder\" ><hr><\/div><div class=\"bpgPhoto\" ><div class = \"btImage\"><img decoding=\"async\" src=\"https:\/\/finbekgoldenvisa.com\/wp-content\/uploads\/2023\/02\/Hotel-Beja.jpg\" alt=\"Hotel Beja\" title=\"Denize, ba\u015fkent Lizbon&#039;a ve kom\u015fu \u0130spanya&#039;ya bir ad\u0131m uzakl\u0131ktaki Beja, mesafeleri k\u0131salt\u0131yor\"><\/div><\/div><div class=\"btClear btSeparator bottomSemiSpaced noBorder\" ><hr><\/div><\/div><\/div><div class=\"rowItem col-md-4 col-ms-12 btTextLeft animate animate-fadein btHighlight inherit btDoublePadding btLightSkin\"  data-width=\"4\"><div class=\"rowItemContent\" style = \"background-image: url(https:\/\/finbekgoldenvisa.com\/wp-content\/uploads\/2016\/07\/background_5.jpg); \"><div class=\"btClear btSeparator topSmallSpaced bottomSmallSpaced noBorder\" ><hr><\/div><header class=\"header btClear large\" ><div class=\"dash\"><h2><span class=\"headline\">Dinamik Yat\u0131r\u0131m Fonu<\/span><\/h2><\/div><div class=\"btSubTitle\">Denize, Lizbon'a ve \u0130spanya'ya bir ad\u0131m uzakl\u0131ktaki Beja, mesafeleri k\u0131salt\u0131yor. Otel \u015fehir merkezinde yer almaktad\u0131r.<\/div><\/header><div class=\"btClear btSeparator topSmallSpaced noBorder\" ><hr><\/div><div class=\"servicesItem  btIcoAccentColorIcon btIcoExtraSmallSizeIcon\"><div class=\"sIcon\"><span class=\"btIco btIcoExtraSmallSize btIcoDefaultType btIcoAccentColor\"><span  data-ico-s7=\"&#xe648;\" class=\"btIcoHolder\"><\/span><\/span><\/div><div class=\"sTxt\"><header class=\"header btClear small\" ><div class=\"btSuperTitle\"><span>Minimum yat\u0131r\u0131m<\/span><\/div><div class=\"dash\"><\/div><div class=\"btSubTitle\">\u20ac100 K<\/div><\/header><\/div><\/div><div class=\"btClear btSeparator bottomSmallSpaced noBorder\" ><hr><\/div><div class=\"btClear btSeparator bottomSmallSpaced noBorder\" ><hr><\/div><div class=\"servicesItem  btIcoAccentColorIcon btIcoExtraSmallSizeIcon\"><div class=\"sIcon\"><span class=\"btIco btIcoExtraSmallSize btIcoDefaultType btIcoAccentColor\"><span  data-ico-s7=\"&#xe60c;\" class=\"btIcoHolder\"><\/span><\/span><\/div><div class=\"sTxt\"><header class=\"header btClear small\" ><div class=\"btSuperTitle\"><span>Fon b\u00fcy\u00fckl\u00fc\u011f\u00fc<\/span><\/div><div class=\"dash\"><\/div><div class=\"btSubTitle\">\u20ac &#8212;<\/div><\/header><\/div><\/div><div class=\"btClear btSeparator topSmallSpaced bottomExtraSmallSpaced noBorder\" ><hr><\/div><a href=\"https:\/\/finbekgoldenvisa.com\/tr\/hakkimizda\/iletisim\/\" class=\"btBtn btBtn btnFilledStyle btnAccentColor btnMedium btnFullWidth btnRightPosition btnIco\" ><span class=\"btnInnerText\">DAHA FAZLA BI\u0307LGI\u0307 EDI\u0307NI\u0307N<\/span><span class=\"btIco\"><span  data-ico-fa=\"&#xf061;\" class=\"btIcoHolder\"><\/span><\/span><\/a><div class=\"btClear btSeparator topSmallSpaced bottomSmallSpaced noBorder\" ><hr><\/div><\/div><\/div><\/div><\/div><\/div><\/div><\/div><\/section><section id=\"bt_section69e4656cd7bc5\"  class=\"boldSection topSpaced bottomSemiSpaced gutter inherit wBackground cover btBackgroundOverlay btSolidLightBackground\" style=\"background-image:url('https:\/\/finbekgoldenvisa.com\/wp-content\/uploads\/2016\/07\/background_5.jpg');\"><div class=\"port\"><div class=\"boldCell\"><div class=\"boldCellInner\"><div class=\"boldRow\" ><div class=\"boldRowInner\"><div class=\"rowItem col-md-8 col-ms-12 btTextLeft animate animate-fadein inherit\"  data-width=\"8\"><div class=\"rowItemContent\" ><header class=\"header btClear extralarge\" ><div class=\"dash\"><h1><span class=\"headline\">GreenHarvest Sermaye Fonu<\/span><\/h1><\/div><\/header><div class=\"btClear btSeparator topSmallSpaced noBorder\" ><hr><\/div><div class=\"bpgPhoto\" ><div class = \"btImage\"><img decoding=\"async\" src=\"https:\/\/finbekgoldenvisa.com\/wp-content\/uploads\/2024\/05\/farm-fund.jpg\" alt=\"\" title=\"\"><\/div><\/div><div class=\"btClear btSeparator bottomSemiSpaced noBorder\" ><hr><\/div><\/div><\/div><div class=\"rowItem col-md-4 col-ms-12 btTextLeft animate animate-fadein btHighlight inherit btDoublePadding btLightSkin\"  data-width=\"4\"><div class=\"rowItemContent\" style = \"background-image: url(https:\/\/finbekgoldenvisa.com\/wp-content\/uploads\/2016\/07\/background_5.jpg); \"><div class=\"btClear btSeparator topSmallSpaced bottomSmallSpaced noBorder\" ><hr><\/div><header class=\"header btClear large\" ><div class=\"dash\"><h2><span class=\"headline\">GreenHarvest Sermaye Fonu<\/span><\/h2><\/div><div class=\"btSubTitle\">Modern altyap\u0131 ve yenilik\u00e7i teknolojiler sunarak tar\u0131mda devrim yaratmaya adanm\u0131\u015ft\u0131r. Bir yat\u0131r\u0131mc\u0131 olarak, Portekiz'in k\u0131rsal toplumlar\u0131nda ekonomik kalk\u0131nmay\u0131 te\u015fvik ederken s\u00fcrd\u00fcr\u00fclebilir tar\u0131m uygulamalar\u0131n\u0131 desteklemede \u00e7ok \u00f6nemli bir rol oynuyorsunuz.<\/div><\/header><div class=\"btClear btSeparator topSmallSpaced noBorder\" ><hr><\/div><div class=\"servicesItem  btIcoAccentColorIcon btIcoExtraSmallSizeIcon\"><div class=\"sIcon\"><span class=\"btIco btIcoExtraSmallSize btIcoDefaultType btIcoAccentColor\"><span  data-ico-s7=\"&#xe648;\" class=\"btIcoHolder\"><\/span><\/span><\/div><div class=\"sTxt\"><header class=\"header btClear small\" ><div class=\"btSuperTitle\"><span>Minimum yat\u0131r\u0131m<\/span><\/div><div class=\"dash\"><\/div><div class=\"btSubTitle\">\u20ac350 K<\/div><\/header><\/div><\/div><div class=\"btClear btSeparator bottomSmallSpaced noBorder\" ><hr><\/div><div class=\"btClear btSeparator bottomSmallSpaced noBorder\" ><hr><\/div><div class=\"servicesItem  btIcoAccentColorIcon btIcoExtraSmallSizeIcon\"><div class=\"sIcon\"><span class=\"btIco btIcoExtraSmallSize btIcoDefaultType btIcoAccentColor\"><span  data-ico-s7=\"&#xe60c;\" class=\"btIcoHolder\"><\/span><\/span><\/div><div class=\"sTxt\"><header class=\"header btClear small\" ><div class=\"btSuperTitle\"><span>Fon b\u00fcy\u00fckl\u00fc\u011f\u00fc<\/span><\/div><div class=\"dash\"><\/div><div class=\"btSubTitle\">\u20ac100 M<\/div><\/header><\/div><\/div><div class=\"btClear btSeparator topSmallSpaced bottomExtraSmallSpaced noBorder\" ><hr><\/div><a href=\"https:\/\/finbekgoldenvisa.com\/tr\/hakkimizda\/iletisim\/\" class=\"btBtn btBtn btnFilledStyle btnAccentColor btnMedium btnFullWidth btnRightPosition btnIco\" ><span class=\"btnInnerText\">DAHA FAZLA BI\u0307LGI\u0307 EDI\u0307NI\u0307N<\/span><span class=\"btIco\"><span  data-ico-fa=\"&#xf061;\" class=\"btIcoHolder\"><\/span><\/span><\/a><div class=\"btClear btSeparator topSmallSpaced bottomSmallSpaced noBorder\" ><hr><\/div><\/div><\/div><\/div><\/div><\/div><\/div><\/div><\/section><section id=\"bt_section69e4656cd8426\"  class=\"boldSection topSpaced bottomSemiSpaced gutter inherit wBackground cover btBackgroundOverlay btSolidLightBackground\" style=\"background-image:url('https:\/\/finbekgoldenvisa.com\/wp-content\/uploads\/2016\/07\/background_5.jpg');\"><div class=\"port\"><div class=\"boldCell\"><div class=\"boldCellInner\"><div class=\"boldRow\" ><div class=\"boldRowInner\"><div class=\"rowItem col-md-4 col-ms-12 btTextLeft animate animate-fadein btHighlight inherit btDoublePadding btLightSkin\"  data-width=\"4\"><div class=\"rowItemContent\" style = \"background-image: url(https:\/\/finbekgoldenvisa.com\/wp-content\/uploads\/2016\/07\/background_5.jpg); \"><div class=\"btClear btSeparator topSmallSpaced bottomSmallSpaced noBorder\" ><hr><\/div><header class=\"header btClear large\" ><div class=\"dash\"><h2><span class=\"headline\">Turizm Giri\u015fimleri Fonu<\/span><\/h2><\/div><div class=\"btSubTitle\">Tagus Nehri'nin yan\u0131ndaki \u00fcnl\u00fc ve en me\u015fhur cadde Avenida 24 de Julho \u00fczerinde yer almaktad\u0131r.<\/div><\/header><div class=\"btClear btSeparator topSmallSpaced noBorder\" ><hr><\/div><div class=\"servicesItem  btIcoAccentColorIcon btIcoExtraSmallSizeIcon\"><div class=\"sIcon\"><span class=\"btIco btIcoExtraSmallSize btIcoDefaultType btIcoAccentColor\"><span  data-ico-s7=\"&#xe648;\" class=\"btIcoHolder\"><\/span><\/span><\/div><div class=\"sTxt\"><header class=\"header btClear small\" ><div class=\"btSuperTitle\"><span>Minimum yat\u0131r\u0131m<\/span><\/div><div class=\"dash\"><\/div><div class=\"btSubTitle\">\u20ac250 K<\/div><\/header><\/div><\/div><div class=\"btClear btSeparator bottomSmallSpaced noBorder\" ><hr><\/div><div class=\"btClear btSeparator bottomSmallSpaced noBorder\" ><hr><\/div><div class=\"servicesItem  btIcoAccentColorIcon btIcoExtraSmallSizeIcon\"><div class=\"sIcon\"><span class=\"btIco btIcoExtraSmallSize btIcoDefaultType btIcoAccentColor\"><span  data-ico-s7=\"&#xe60c;\" class=\"btIcoHolder\"><\/span><\/span><\/div><div class=\"sTxt\"><header class=\"header btClear small\" ><div class=\"btSuperTitle\"><span>Fon b\u00fcy\u00fckl\u00fc\u011f\u00fc<\/span><\/div><div class=\"dash\"><\/div><div class=\"btSubTitle\">\u20ac100 M<\/div><\/header><\/div><\/div><div class=\"btClear btSeparator topSmallSpaced bottomExtraSmallSpaced noBorder\" ><hr><\/div><a href=\"https:\/\/finbekgoldenvisa.com\/tr\/hakkimizda\/iletisim\/\" class=\"btBtn btBtn btnFilledStyle btnAccentColor btnMedium btnFullWidth btnRightPosition btnIco\" ><span class=\"btnInnerText\">DAHA FAZLA BI\u0307LGI\u0307 EDI\u0307NI\u0307N<\/span><span class=\"btIco\"><span  data-ico-fa=\"&#xf061;\" class=\"btIcoHolder\"><\/span><\/span><\/a><div class=\"btClear btSeparator topSmallSpaced bottomSmallSpaced noBorder\" ><hr><\/div><\/div><\/div><div class=\"rowItem col-md-8 col-ms-12 btTextLeft animate animate-fadein inherit\"  data-width=\"8\"><div class=\"rowItemContent\" ><header class=\"header btClear extralarge\" ><div class=\"dash\"><h1><span class=\"headline\">Turizm Giri\u015fimleri Fonu<\/span><\/h1><\/div><\/header><div class=\"btClear btSeparator topSmallSpaced noBorder\" ><hr><\/div><div class=\"bpgPhoto\" ><div class = \"btImage\"><img decoding=\"async\" src=\"https:\/\/finbekgoldenvisa.com\/wp-content\/uploads\/2023\/02\/River-Side-Hotel.jpg\" alt=\"River Side Otel\" title=\"Portekiz&#039;e Alt\u0131n Vize program\u0131ndaki yat\u0131r\u0131mc\u0131lar i\u00e7in River Side Hotel\"><\/div><\/div><div class=\"btClear btSeparator bottomSemiSpaced noBorder\" ><hr><\/div><\/div><\/div><\/div><\/div><\/div><\/div><\/div><\/section><\/p>","protected":false},"excerpt":{"rendered":"<p>Sizi Portekiz Alt\u0131n Vize program\u0131 kapsam\u0131nda sunulan ilgin\u00e7 yat\u0131r\u0131m projeleri ile tan\u0131\u015fmaya davet ediyoruz.<\/p>","protected":false},"author":1,"featured_media":2350,"parent":0,"menu_order":0,"comment_status":"closed","ping_status":"closed","template":"","meta":{"footnotes":""},"class_list":["post-1629","page","type-page","status-publish","has-post-thumbnail","hentry"],"_links":{"self":[{"href":"https:\/\/finbekgoldenvisa.com\/tr\/wp-json\/wp\/v2\/pages\/1629","targetHints":{"allow":["GET"]}}],"collection":[{"href":"https:\/\/finbekgoldenvisa.com\/tr\/wp-json\/wp\/v2\/pages"}],"about":[{"href":"https:\/\/finbekgoldenvisa.com\/tr\/wp-json\/wp\/v2\/types\/page"}],"author":[{"embeddable":true,"href":"https:\/\/finbekgoldenvisa.com\/tr\/wp-json\/wp\/v2\/users\/1"}],"replies":[{"embeddable":true,"href":"https:\/\/finbekgoldenvisa.com\/tr\/wp-json\/wp\/v2\/comments?post=1629"}],"version-history":[{"count":69,"href":"https:\/\/finbekgoldenvisa.com\/tr\/wp-json\/wp\/v2\/pages\/1629\/revisions"}],"predecessor-version":[{"id":3328,"href":"https:\/\/finbekgoldenvisa.com\/tr\/wp-json\/wp\/v2\/pages\/1629\/revisions\/3328"}],"wp:featuredmedia":[{"embeddable":true,"href":"https:\/\/finbekgoldenvisa.com\/tr\/wp-json\/wp\/v2\/media\/2350"}],"wp:attachment":[{"href":"https:\/\/finbekgoldenvisa.com\/tr\/wp-json\/wp\/v2\/media?parent=1629"}],"curies":[{"name":"wp","href":"https:\/\/api.w.org\/{rel}","templated":true}]}}