{"id":1802,"date":"2016-08-10T11:36:57","date_gmt":"2016-08-10T11:36:57","guid":{"rendered":"http:\/\/finance.bold-themes.com\/main-demo\/?page_id=1802"},"modified":"2023-12-10T20:47:53","modified_gmt":"2023-12-10T15:47:53","slug":"cost-calculator","status":"publish","type":"page","link":"https:\/\/finbekgoldenvisa.com\/tr\/mali\u0307yet-hesaplayici\/","title":{"rendered":"Hesap Makinesi"},"content":{"rendered":"<section id=\"bt_section69e4656237ea0\" data-parallax=\"0.8\" data-parallax-offset=\"0\" class=\"boldSection topSemiSpaced bottomSpaced btLightSkin gutter inherit btParallax\" ><div class=\"port\"><div class=\"boldCell\"><div class=\"boldCellInner\"><div class=\"boldRow\" ><div class=\"boldRowInner\"><div class=\"rowItem col-md-4 col-ms-12 btTextLeft animate animate-fadein inherit btDoublePadding btLightSkin\" style=\"background-color:rgb(255,255,255);\" data-width=\"4\"><div class=\"rowItemContent\" style = \"background-color: rgba(255, 255, 255, 1); \"><div class=\"btClear btSeparator topSmallSpaced bottomSmallSpaced noBorder\" ><hr><\/div><header class=\"header btClear large\" ><div class=\"btSuperTitle\"><span>MALI\u0307YET HESAPLAYICI<\/span><\/div><div class=\"dash\"><h2><span class=\"headline\">A\u015fa\u011f\u0131dakiler i\u00e7in maliyeti hesaplay\u0131n <b class=\"animate\">senin ailen<\/b><\/span><\/h2><\/div><div class=\"btSubTitle\">A\u015fa\u011f\u0131daki hesaplamalara Portekiz'e ve Portekiz'den u\u00e7u\u015flar\u0131n maliyeti ya da her y\u0131l Portekiz'de ge\u00e7irilmesi zorunlu olan yedi g\u00fcn boyunca konaklama maliyeti dahil de\u011fildir. <\/div><\/header><div class=\"btClear btSeparator topSmallSpaced bottomSmallSpaced noBorder\" ><hr><\/div><div class=\"btText\" ><\/div><\/div><\/div><div class=\"rowItem col-md-8 col-ms-12 btTextLeft animate animate-fadein btHighlight inherit btDoublePadding btLightSkin\"  data-width=\"8\"><div class=\"rowItemContent\" style = \"background-color:rgb(255,255,255);\"><div class=\"btText\" ><div class=\"btQuoteBooking  btQuoteBookingWithColor c69e4656238342\"  data-admin_email=\"info@finbek.com\" data-cf7_id=\"7\" data-email_client=\"\" data-email_gdpr=\"\" data-email_gdpr_text=\"\" data-email_gdpr_not_text=\"\" data-email_rtl=\"\" data-currency=\"\u20ac\" data-currency_after=\"\" data-currency_space=\"\" data-url_confirmation=\"\" data-url_ajax=\"https:\/\/finbekgoldenvisa.com\/wp-admin\/admin-ajax.php\" data-subject=\"Golden Visa Calculator\" data-email_header=\"\" data-email_footer=\"\" data-date_text=\"\u0423\u043a\u0430\u0436\u0438\u0442\u0435 \u043f\u0440\u0435\u0434\u043f\u043e\u0447\u0442\u0438\u0442\u0435\u043b\u044c\u043d\u0443\u044e \u0434\u0430\u0442\u0443\" data-time_text=\"\u0423\u043a\u0430\u0436\u0438\u0442\u0435 \u043f\u0440\u0435\u0434\u043f\u043e\u0447\u0442\u0438\u0442\u0435\u043b\u044c\u043d\u043e\u0435 \u0432\u0440\u0435\u043c\u044f\" data-message_please_wait=\"Please wait...\" data-message_success=\"Thank you, we will contact you soon!\" data-message_error=\"Error! Please try again later.\" data-message_mandatory=\"Please fill out all required fields.\" data-rec_secret_key=\"\" data-total_text=\"\u0421\u0442\u043e\u0438\u043c\u043e\u0441\u0442\u044c \u043f\u0440\u043e\u0433\u0440\u0430\u043c\u043c\u044b\" data-total_format=\"currency_3\" data-total_decimals=\"2\" data-date_format=\"mm\/dd\/yy\" data-bt_cc_nonce=\"13eedd6008\" data-hide_total=\"\"><div class=\"btQuoteBookingWrap\"><div class=\"btQuoteBookingForm btActive\"><div class=\"btQuoteGBlock\" data-eval=\"dmFyIGZhbWlseSA9ICQxOwp2YXIgYXNzaXN0YW5jZSA9ICQyOwp2YXIgaW52ZXN0bWVudCA9ICQzOwp2YXIgdGF4U2VydmljZSA9ICQ0Owp2YXIgbm90YXJ5ID0gJDU7CnZhciBhcHBsaWNhdGlvbkZlZSA9ICQ2Owp2YXIgdmlzYUNhcmQgPSAkNzsKCnZhciBsZWdhbEZlZSA9ICQ4Owp2YXIgYXBwbGljYXRpb25GZWUyID0gJDk7CnZhciB2aXNhQ2FyZDIgPSAkMTA7CnZhciBsZWdhbEZlZTIgPSAkMTE7CnZhciBhcHBsaWNhdGlvbkZlZTMgPSAkMTI7CnZhciB2aXNhQ2FyZDMgPSAkMTM7Cgp2YXIgYmFua0ZlZSA9ICQxNDsKdmFyIGludGVyZXN0SW5jb21lID0gJDE1OwoKdmFyIHJlc3VsdDEgPSBpbnZlc3RtZW50K3RheFNlcnZpY2Urbm90YXJ5K2FwcGxpY2F0aW9uRmVlK3Zpc2FDYXJkOwoKc2V0U3VidG90YWwoJ3RyYW5zZmVydG9wb3J0dWdhbCcscmVzdWx0MSk7Cgp2YXIgcmVzdWx0MiA9IGxlZ2FsRmVlK2FwcGxpY2F0aW9uRmVlMit2aXNhQ2FyZDIrbGVnYWxGZWUyK2FwcGxpY2F0aW9uRmVlMyt2aXNhQ2FyZDM7CgpzZXRTdWJ0b3RhbCgnZm91cnllYXJzbGF0ZXInLCByZXN1bHQyKTsKCnZhciByZXN1bHQzPXJlc3VsdDErcmVzdWx0MitiYW5rRmVlK2Fzc2lzdGFuY2U7CgpyZXR1cm4gcmVzdWx0Mzs=\" data-paypal_label=\"\" id=\"btQuoteItem69e46562383eb\" ><div class=\"bt_cc_separator bt_cc_top_spacing_medium bt_cc_border_style_none\" id=\"bt_cc_separator69e4656238435\" ><\/div><h4>YATIRIMCI VE AILE \u00dcYELERI<\/h4><div class=\"bt_cc_separator bt_cc_top_spacing_small bt_cc_border_style_solid\" id=\"bt_cc_separator69e4656238442\" ><\/div><div class=\"bt_cc_separator bt_cc_bottom_spacing_medium bt_cc_border_style_solid\" id=\"bt_cc_separator69e4656238447\" ><\/div><div class=\"btQuoteItem\" id=\"btQuoteItem69e4656238513\" ><label>Aile b\u00fcy\u00fckl\u00fc\u011f\u00fc<\/label>\n\t\t<div class=\"btQuoteItemInput\"><div class=\"btQuoteSlider btQuoteElement\" data-value=\"1\"  data-initial-value=\"1\" data-min=\"1\" data-max=\"10\" data-step=\"1\" data-price=\"0\" data-offset=\"0\" data-condition=\"PT0gMTthcHBsaWNhdGlvbmZlZTtzaG93KCkuYnRfY2Nfc2V0X3ZhbHVlKDUzOS42NioxKTt1bmxvY2sKPT0gMjthcHBsaWNhdGlvbmZlZTtzaG93KCkuYnRfY2Nfc2V0X3ZhbHVlKDUzOS42NioyKTt1bmxvY2sKPT0gMzthcHBsaWNhdGlvbmZlZTtzaG93KCkuYnRfY2Nfc2V0X3ZhbHVlKDUzOS42NiozKTt1bmxvY2sKPT0gNDthcHBsaWNhdGlvbmZlZTtzaG93KCkuYnRfY2Nfc2V0X3ZhbHVlKDUzOS42Nio0KTt1bmxvY2sKPT0gNTthcHBsaWNhdGlvbmZlZTtzaG93KCkuYnRfY2Nfc2V0X3ZhbHVlKDUzOS42Nio1KTt1bmxvY2sKPT0gNjthcHBsaWNhdGlvbmZlZTtzaG93KCkuYnRfY2Nfc2V0X3ZhbHVlKDUzOS42Nio2KTt1bmxvY2sKPT0gNzthcHBsaWNhdGlvbmZlZTtzaG93KCkuYnRfY2Nfc2V0X3ZhbHVlKDUzOS42Nio3KTt1bmxvY2sKPT0gODthcHBsaWNhdGlvbmZlZTtzaG93KCkuYnRfY2Nfc2V0X3ZhbHVlKDUzOS42Nio4KTt1bmxvY2sKPT0gOTthcHBsaWNhdGlvbmZlZTtzaG93KCkuYnRfY2Nfc2V0X3ZhbHVlKDUzOS42Nio5KTt1bmxvY2sKPT0gMTA7YXBwbGljYXRpb25mZWU7c2hvdygpLmJ0X2NjX3NldF92YWx1ZSg1MzkuNjYqMTApO3VubG9jawoKPT0gMTthcHBsaWNhdGlvbmZlZTI7c2hvdygpLmJ0X2NjX3NldF92YWx1ZSg1MzkuNjYqMSk7dW5sb2NrCj09IDI7YXBwbGljYXRpb25mZWUyO3Nob3coKS5idF9jY19zZXRfdmFsdWUoNTM5LjY2KjIpO3VubG9jawo9PSAzO2FwcGxpY2F0aW9uZmVlMjtzaG93KCkuYnRfY2Nfc2V0X3ZhbHVlKDUzOS42NiozKTt1bmxvY2sKPT0gNDthcHBsaWNhdGlvbmZlZTI7c2hvdygpLmJ0X2NjX3NldF92YWx1ZSg1MzkuNjYqNCk7dW5sb2NrCj09IDU7YXBwbGljYXRpb25mZWUyO3Nob3coKS5idF9jY19zZXRfdmFsdWUoNTM5LjY2KjUpO3VubG9jawo9PSA2O2FwcGxpY2F0aW9uZmVlMjtzaG93KCkuYnRfY2Nfc2V0X3ZhbHVlKDUzOS42Nio2KTt1bmxvY2sKPT0gNzthcHBsaWNhdGlvbmZlZTI7c2hvdygpLmJ0X2NjX3NldF92YWx1ZSg1MzkuNjYqNyk7dW5sb2NrCj09IDg7YXBwbGljYXRpb25mZWUyO3Nob3coKS5idF9jY19zZXRfdmFsdWUoNTM5LjY2KjgpO3VubG9jawo9PSA5O2FwcGxpY2F0aW9uZmVlMjtzaG93KCkuYnRfY2Nfc2V0X3ZhbHVlKDUzOS42Nio5KTt1bmxvY2sKPT0gMTA7YXBwbGljYXRpb25mZWUyO3Nob3coKS5idF9jY19zZXRfdmFsdWUoNTM5LjY2KjEwKTt1bmxvY2sKCj09IDE7YXBwbGljYXRpb25mZWU0O3Nob3coKS5idF9jY19zZXRfdmFsdWUoNTM5LjY2KjEpO3VubG9jawo9PSAyO2FwcGxpY2F0aW9uZmVlNDtzaG93KCkuYnRfY2Nfc2V0X3ZhbHVlKDUzOS42NioyKTt1bmxvY2sKPT0gMzthcHBsaWNhdGlvbmZlZTQ7c2hvdygpLmJ0X2NjX3NldF92YWx1ZSg1MzkuNjYqMyk7dW5sb2NrCj09IDQ7YXBwbGljYXRpb25mZWU0O3Nob3coKS5idF9jY19zZXRfdmFsdWUoNTM5LjY2KjQpO3VubG9jawo9PSA1O2FwcGxpY2F0aW9uZmVlNDtzaG93KCkuYnRfY2Nfc2V0X3ZhbHVlKDUzOS42Nio1KTt1bmxvY2sKPT0gNjthcHBsaWNhdGlvbmZlZTQ7c2hvdygpLmJ0X2NjX3NldF92YWx1ZSg1MzkuNjYqNik7dW5sb2NrCj09IDc7YXBwbGljYXRpb25mZWU0O3Nob3coKS5idF9jY19zZXRfdmFsdWUoNTM5LjY2KjcpO3VubG9jawo9PSA4O2FwcGxpY2F0aW9uZmVlNDtzaG93KCkuYnRfY2Nfc2V0X3ZhbHVlKDUzOS42Nio4KTt1bmxvY2sKPT0gOTthcHBsaWNhdGlvbmZlZTQ7c2hvdygpLmJ0X2NjX3NldF92YWx1ZSg1MzkuNjYqOSk7dW5sb2NrCj09IDEwO2FwcGxpY2F0aW9uZmVlNDtzaG93KCkuYnRfY2Nfc2V0X3ZhbHVlKDUzOS42NioxMCk7dW5sb2NrCgoKPT0gMTtnb2xkdmlzYTtzaG93KCkuYnRfY2Nfc2V0X3ZhbHVlKDUzOTEuNTYqMSk7dW5sb2NrIAo9PSAyO2dvbGR2aXNhO3Nob3coKS5idF9jY19zZXRfdmFsdWUoNTM5MS41NioyKTt1bmxvY2sKPT0gMztnb2xkdmlzYTtzaG93KCkuYnRfY2Nfc2V0X3ZhbHVlKDUzOTEuNTYqMyk7dW5sb2NrCj09IDQ7Z29sZHZpc2E7c2hvdygpLmJ0X2NjX3NldF92YWx1ZSg1MzkxLjU2KjQpO3VubG9jawo9PSA1O2dvbGR2aXNhO3Nob3coKS5idF9jY19zZXRfdmFsdWUoNTM5MS41Nio1KTt1bmxvY2sKPT0gNjtnb2xkdmlzYTtzaG93KCkuYnRfY2Nfc2V0X3ZhbHVlKDUzOTEuNTYqNik7dW5sb2NrCj09IDc7Z29sZHZpc2E7c2hvdygpLmJ0X2NjX3NldF92YWx1ZSg1MzkxLjU2KjcpO3VubG9jawo9PSA4O2dvbGR2aXNhO3Nob3coKS5idF9jY19zZXRfdmFsdWUoNTM5MS41Nio4KTt1bmxvY2sKPT0gOTtnb2xkdmlzYTtzaG93KCkuYnRfY2Nfc2V0X3ZhbHVlKDUzOTEuNTYqOSk7dW5sb2NrCj09IDEwO2dvbGR2aXNhO3Nob3coKS5idF9jY19zZXRfdmFsdWUoNTM5MS41NioxMCk7dW5sb2NrCgo9PSAxO2dvbGR2aXNhdHdvO3Nob3coKS5idF9jY19zZXRfdmFsdWUoMjY5Ni4yOSoxKTt1bmxvY2sKPT0gMjtnb2xkdmlzYXR3bztzaG93KCkuYnRfY2Nfc2V0X3ZhbHVlKDI2OTYuMjkqMik7dW5sb2NrCj09IDM7Z29sZHZpc2F0d287c2hvdygpLmJ0X2NjX3NldF92YWx1ZSgyNjk2LjI5KjMpO3VubG9jawo9PSA0O2dvbGR2aXNhdHdvO3Nob3coKS5idF9jY19zZXRfdmFsdWUoMjY5Ni4yOSo0KTt1bmxvY2sKPT0gNTtnb2xkdmlzYXR3bztzaG93KCkuYnRfY2Nfc2V0X3ZhbHVlKDI2OTYuMjkqNSk7dW5sb2NrCj09IDY7Z29sZHZpc2F0d287c2hvdygpLmJ0X2NjX3NldF92YWx1ZSgyNjk2LjI5KjYpO3VubG9jawo9PSA3O2dvbGR2aXNhdHdvO3Nob3coKS5idF9jY19zZXRfdmFsdWUoMjY5Ni4yOSo3KTt1bmxvY2sKPT0gODtnb2xkdmlzYXR3bztzaG93KCkuYnRfY2Nfc2V0X3ZhbHVlKDI2OTYuMjkqOCk7dW5sb2NrCj09IDk7Z29sZHZpc2F0d287c2hvdygpLmJ0X2NjX3NldF92YWx1ZSgyNjk2LjI5KjkpO3VubG9jawo9PSAxMDtnb2xkdmlzYXR3bztzaG93KCkuYnRfY2Nfc2V0X3ZhbHVlKDI2OTYuMjkqMTApO3VubG9jawoKPT0gMTtnb2xkdmlzYWZvdXI7c2hvdygpLmJ0X2NjX3NldF92YWx1ZSgyNjk2LjI5KjEpO3VubG9jawo9PSAyO2dvbGR2aXNhZm91cjtzaG93KCkuYnRfY2Nfc2V0X3ZhbHVlKDI2OTYuMjkqMik7dW5sb2NrCj09IDM7Z29sZHZpc2Fmb3VyO3Nob3coKS5idF9jY19zZXRfdmFsdWUoMjY5Ni4yOSozKTt1bmxvY2sKPT0gNDtnb2xkdmlzYWZvdXI7c2hvdygpLmJ0X2NjX3NldF92YWx1ZSgyNjk2LjI5KjQpO3VubG9jawo9PSA1O2dvbGR2aXNhZm91cjtzaG93KCkuYnRfY2Nfc2V0X3ZhbHVlKDI2OTYuMjkqNSk7dW5sb2NrCj09IDY7Z29sZHZpc2Fmb3VyO3Nob3coKS5idF9jY19zZXRfdmFsdWUoMjY5Ni4yOSo2KTt1bmxvY2sKPT0gNztnb2xkdmlzYWZvdXI7c2hvdygpLmJ0X2NjX3NldF92YWx1ZSgyNjk2LjI5KjcpO3VubG9jawo9PSA4O2dvbGR2aXNhZm91cjtzaG93KCkuYnRfY2Nfc2V0X3ZhbHVlKDI2OTYuMjkqOCk7dW5sb2NrCj09IDk7Z29sZHZpc2Fmb3VyO3Nob3coKS5idF9jY19zZXRfdmFsdWUoMjY5Ni4yOSo5KTt1bmxvY2sKPT0gMTA7Z29sZHZpc2Fmb3VyO3Nob3coKS5idF9jY19zZXRfdmFsdWUoMjY5Ni4yOSoxMCk7dW5sb2Nr\"><\/div><span class=\"btQuoteSliderValue\">1<\/span><div class=\"btQuoteItemDescription\">Yat\u0131r\u0131mc\u0131 dahil<\/div><\/div><\/div><div class=\"bt_cc_separator bt_cc_top_spacing_medium bt_cc_bottom_spacing_small bt_cc_border_style_none\" id=\"bt_cc_separator69e4656238597\" ><\/div><h4>(1) S\u00d6ZLE\u015eMENIN IMZALANMASI A\u015eAMASINDA<\/h4>\n<div class=\"bt_cc_separator bt_cc_top_spacing_small bt_cc_border_style_solid\" id=\"bt_cc_separator69e46562385a1\" ><\/div><div class=\"bt_cc_separator bt_cc_bottom_spacing_medium bt_cc_border_style_solid\" id=\"bt_cc_separator69e46562385a6\" ><\/div><div class=\"btQuoteItem\" id=\"legalfee\" style=\"disable\"><label>Destek<\/label>\n\t\t<div class=\"btQuoteItemInput\"><input id=\"disable\" type=\"text\" class=\"btQuoteText btQuoteElement\" data-condition=\"\" data-price=\"1\" value=\"5000\" data-initial-value=\"5000\"\/><div class=\"btQuoteItemDescription\">Portekiz'deki resepsiyon da dahil olmak \u00fczere t\u00fcm aile i\u00e7in hukuki destek<\/div><\/div><\/div><div class=\"bt_cc_separator bt_cc_top_spacing_medium bt_cc_bottom_spacing_small bt_cc_border_style_none\" id=\"bt_cc_separator69e46562385dc\" ><\/div><h4>(2) PORTEKIZ'DEKI BIR HESABA TRANSFER<\/h4><div class=\"bt_cc_separator bt_cc_top_spacing_small bt_cc_border_style_solid\" id=\"bt_cc_separator69e46562385e4\" ><\/div><div class=\"bt_cc_separator bt_cc_bottom_spacing_medium bt_cc_border_style_solid\" id=\"bt_cc_separator69e46562385e9\" ><\/div><div class=\"btQuoteItem\" id=\"btQuoteItem69e4656238610\" ><label>Yat\u0131r\u0131m tutar\u0131<\/label>\n\t\t<div class=\"btQuoteItemInput\"><div id=\"69e46562388c2W885\" class=\"btQuoteSelect btContactField btDropDown btQuoteElement\" data-condition=\"PT0gNTAwMDAwO3JvaTtzaG93KCkuYnRfY2Nfc2V0X3ZhbHVlKDUqNTAwMDAwKjAuMDUpOwo9PSAxMDAwMDAwO3JvaTtzaG93KCkuYnRfY2Nfc2V0X3ZhbHVlKDUqMTAwMDAwMCowLjA1KTs=\" data-initial-value=\"1\"><\/div><div class=\"btQuoteItemDescription\">altin vi\u0307ze almak i\u0307\u00e7i\u0307n asgari\u0307 yatirim mi\u0307ktari<\/div><\/div><\/div><div class=\"btQuoteItem\" id=\"taxrepresentative\" ><label>Vergi hizmetleri<\/label>\n\t\t<div class=\"btQuoteItemInput\"><div id=\"69e4656238c71W866\" class=\"btQuoteSelect btContactField btDropDown btQuoteElement\" data-condition=\"\" data-initial-value=\"1\"><\/div><div class=\"btQuoteItemDescription\">E\u015fler i\u00e7in bir vergi temsilcisinin hizmetlerinin dahil edilmesi tavsiye edilir<\/div><\/div><\/div><div class=\"btQuoteItem\" id=\"notaryfee\" style=\"disable\"><label>Noter<\/label>\n\t\t<div class=\"btQuoteItemInput\"><input id=\"disable\" type=\"text\" class=\"btQuoteText btQuoteElement\" data-condition=\"\" data-price=\"1\" value=\"378.30\" data-initial-value=\"378.30\"\/><div class=\"btQuoteItemDescription\">Noter tasdik \u00fccreti i\u00e7in tek seferlik \u00f6deme<\/div><\/div><\/div><div class=\"bt_cc_separator bt_cc_top_spacing_large bt_cc_bottom_spacing_small bt_cc_border_style_none\" id=\"bt_cc_separator69e4656238ce6\" ><\/div><h4>(3) PORTEKIZ'DEKI BIR HESABA TRANSFER<\/h4>\n<div class=\"bt_cc_separator bt_cc_top_spacing_small bt_cc_border_style_solid\" id=\"bt_cc_separator69e4656238cf0\" ><\/div><div class=\"bt_cc_separator bt_cc_bottom_spacing_medium bt_cc_border_style_solid\" id=\"bt_cc_separator69e4656238cf5\" ><\/div><div class=\"btQuoteItem\" id=\"applicationfee\" style=\"disable\"><label>Oturma izni ba\u015fvurusu<\/label>\n\t\t<div class=\"btQuoteItemInput\"><input id=\"disable\" type=\"text\" class=\"btQuoteText btQuoteElement\" data-condition=\"\" data-price=\"1\" value=\"540\" data-initial-value=\"540\"\/><div class=\"btQuoteItemDescription\">G\u00f6\u00e7menlik Dairesi'ne (AIMA) ba\u015fvuru \u00fczerine \u00f6denebilir<\/div><\/div><\/div><div class=\"btQuoteItem\" id=\"goldvisa\" style=\"disable\"><label>Alt\u0131n Visa kart\u0131<\/label>\n\t\t<div class=\"btQuoteItemInput\"><input id=\"disable\" type=\"text\" class=\"btQuoteText btQuoteElement\" data-condition=\"\" data-price=\"1\" value=\"5400\" data-initial-value=\"5400\"\/><div class=\"btQuoteItemDescription\">Golden Visa'n\u0131n onaylanmas\u0131 \u00fczerine \u00f6denecektir<\/div><\/div><\/div><div class=\"bt_cc_separator bt_cc_bottom_spacing_small bt_cc_border_style_dashed\" id=\"bt_cc_separator69e4656238d4e\" ><\/div><div id=\"btSubtotalIdtransfertoportugal\" class=\"btQuoteSubtotal\" data-label=\"\u0418\u0422\u041e\u0413\u041e \u041d\u0410 \u0421\u0427\u0415\u0422 (2+3)\"><span class=\"btQuoteSubtotalText\">HESAP BA\u015eINA TOPLAM (2+3)<\/span><span class=\"btQuoteSubtotalCalc\"><\/span><\/div><div class=\"bt_cc_separator bt_cc_top_spacing_large bt_cc_border_style_none\" id=\"bt_cc_separator69e4656238d58\" ><\/div><h4>(4) 2 YIL SONRA VIZE UZATIMI<\/h4>\n<div class=\"bt_cc_separator bt_cc_top_spacing_small bt_cc_border_style_solid\" id=\"bt_cc_separator69e4656238d5f\" ><\/div><div class=\"bt_cc_separator bt_cc_bottom_spacing_medium bt_cc_border_style_solid\" id=\"bt_cc_separator69e4656238d64\" ><\/div><div class=\"btQuoteItem\" id=\"btQuoteItem69e4656238d7f\" style=\"disable\"><label>Hukuk hizmetleri<\/label>\n\t\t<div class=\"btQuoteItemInput\"><input id=\"disable\" type=\"text\" class=\"btQuoteText btQuoteElement\" data-condition=\"\" data-price=\"1\" value=\"2000\" data-initial-value=\"2000\"\/><div class=\"btQuoteItemDescription\">T\u00fcm aile i\u00e7in her vize yenilemesinde \u00f6denir<\/div><\/div><\/div><div class=\"btQuoteItem\" id=\"applicationfee2\" style=\"disable\"><label>Vize ba\u015fvurusu<\/label>\n\t\t<div class=\"btQuoteItemInput\"><input id=\"disable\" type=\"text\" class=\"btQuoteText btQuoteElement\" data-condition=\"\" data-price=\"1\" value=\"539\" data-initial-value=\"539\"\/><div class=\"btQuoteItemDescription\">G\u00f6\u00e7menlik makamlar\u0131na ba\u015fvuru sahibi ba\u015f\u0131na 539 Avro \u00f6denecektir<\/div><\/div><\/div><div class=\"btQuoteItem\" id=\"goldvisatwo\" style=\"disable\"><label>Golden Visa kart\u0131<\/label>\n\t\t<div class=\"btQuoteItemInput\"><input id=\"disable\" type=\"text\" class=\"btQuoteText btQuoteElement\" data-condition=\"\" data-price=\"1\" value=\"2696\" data-initial-value=\"2696\"\/><div class=\"btQuoteItemDescription\">G\u00f6\u00e7menlik makamlar\u0131na ki\u015fi ba\u015f\u0131na 2696 Avro \u00f6denecektir<\/div><\/div><\/div><div class=\"bt_cc_separator bt_cc_top_spacing_large bt_cc_border_style_none\" id=\"bt_cc_separator69e4656238ddf\" ><\/div><h4>(5) 4 YIL SONRA VIZE UZATIMI<\/h4>\n<div class=\"bt_cc_separator bt_cc_top_spacing_small bt_cc_border_style_solid\" id=\"bt_cc_separator69e4656238de7\" ><\/div><div class=\"bt_cc_separator bt_cc_bottom_spacing_medium bt_cc_border_style_solid\" id=\"bt_cc_separator69e4656238deb\" ><\/div><div class=\"btQuoteItem\" id=\"btQuoteItem69e4656238e06\" style=\"disable\"><label>Hukuk hizmetleri<\/label>\n\t\t<div class=\"btQuoteItemInput\"><input id=\"disable\" type=\"text\" class=\"btQuoteText btQuoteElement\" data-condition=\"\" data-price=\"1\" value=\"2000\" data-initial-value=\"2000\"\/><div class=\"btQuoteItemDescription\">T\u00fcm aile i\u00e7in her vize yenilemesinde \u00f6denir<\/div><\/div><\/div><div class=\"btQuoteItem\" id=\"applicationfee4\" style=\"disable\"><label>Vize ba\u015fvurusu<\/label>\n\t\t<div class=\"btQuoteItemInput\"><input id=\"disable\" type=\"text\" class=\"btQuoteText btQuoteElement\" data-condition=\"\" data-price=\"1\" value=\"539\" data-initial-value=\"539\"\/><div class=\"btQuoteItemDescription\">G\u00f6\u00e7menlik makamlar\u0131na ba\u015fvuru sahibi ba\u015f\u0131na 539 Avro \u00f6denecektir<\/div><\/div><\/div><div class=\"btQuoteItem\" id=\"goldvisafour\" style=\"disable\"><label>Golden Visa kart\u0131<\/label>\n\t\t<div class=\"btQuoteItemInput\"><input id=\"disable\" type=\"text\" class=\"btQuoteText btQuoteElement\" data-condition=\"\" data-price=\"1\" value=\"2696\" data-initial-value=\"2696\"\/><div class=\"btQuoteItemDescription\">G\u00f6\u00e7menlik makamlar\u0131na ki\u015fi ba\u015f\u0131na 2696 Avro \u00f6denecektir<\/div><\/div><\/div><div class=\"bt_cc_separator bt_cc_bottom_spacing_small bt_cc_border_style_dashed\" id=\"bt_cc_separator69e4656238e61\" ><\/div><div id=\"btSubtotalIdfouryearslater\" class=\"btQuoteSubtotal\" data-label=\"\u0418\u0422\u041e\u0413\u041e \u041f\u0420\u041e\u0414\u041b\u0415\u041d\u0418\u0415\"><span class=\"btQuoteSubtotalText\">TOPLAM UZATMA<\/span><span class=\"btQuoteSubtotalCalc\"><\/span><\/div><div class=\"bt_cc_separator bt_cc_top_spacing_large bt_cc_border_style_none\" id=\"bt_cc_separator69e4656238e69\" ><\/div><h4>(6) BANKA HESABI BAKIMI<\/h4>\n<div class=\"bt_cc_separator bt_cc_top_spacing_small bt_cc_border_style_solid\" id=\"bt_cc_separator69e4656238e70\" ><\/div><div class=\"bt_cc_separator bt_cc_bottom_spacing_medium bt_cc_border_style_solid\" id=\"bt_cc_separator69e4656238e74\" ><\/div><div class=\"btQuoteItem\" id=\"btQuoteItem69e4656238e90\" style=\"disable\"><label>Banka hesab\u0131<\/label>\n\t\t<div class=\"btQuoteItemInput\"><input id=\"disable\" type=\"text\" class=\"btQuoteText btQuoteElement\" data-condition=\"\" data-price=\"1\" value=\"900\" data-initial-value=\"900\"\/><div class=\"btQuoteItemDescription\">Bir banka hesab\u0131n\u0131 5 y\u0131l boyunca koruman\u0131n tahmini maliyeti<\/div><\/div><\/div><div class=\"bt_cc_separator bt_cc_top_spacing_large bt_cc_border_style_none\" id=\"bt_cc_separator69e4656238e9f\" ><\/div><\/div><div class=\"btTotalNextWrapper\"><div class=\"btQuoteTotal\"><span class=\"btQuoteTotalText\">Program maliyeti<\/span><span class=\"btQuoteTotalCurrency\">\u20ac<\/span><span class=\"btQuoteTotalCalc\"><\/span><\/div><div class=\"boldBtn btnAccent btnSmall btnIco\"><button type=\"submit\" class=\"btContactNext\">Daha ileri<\/button><\/div><\/div><\/div><div class=\"btTotalQuoteContactGroup\"><div class=\"btQuoteContact btQuoteContactForm7\">\n<div class=\"wpcf7 no-js\" id=\"wpcf7-f7-o1\" lang=\"ru-RU\" dir=\"ltr\" data-wpcf7-id=\"7\">\n<div class=\"screen-reader-response\"><p role=\"status\" aria-live=\"polite\" aria-atomic=\"true\"><\/p> <ul><\/ul><\/div>\n<form action=\"\/tr\/wp-json\/wp\/v2\/pages\/1802#wpcf7-f7-o1\" method=\"post\" class=\"wpcf7-form init\" aria-label=\"\u0130leti\u015fim formu\" novalidate=\"novalidate\" data-status=\"init\" data-trp-original-action=\"\/tr\/wp-json\/wp\/v2\/pages\/1802#wpcf7-f7-o1\">\n<fieldset class=\"hidden-fields-container\"><input type=\"hidden\" name=\"_wpcf7\" value=\"7\" \/><input type=\"hidden\" name=\"_wpcf7_version\" value=\"6.1.5\" \/><input type=\"hidden\" name=\"_wpcf7_locale\" value=\"ru_RU\" \/><input type=\"hidden\" name=\"_wpcf7_unit_tag\" value=\"wpcf7-f7-o1\" \/><input type=\"hidden\" name=\"_wpcf7_container_post\" value=\"0\" \/><input type=\"hidden\" name=\"_wpcf7_posted_data_hash\" value=\"\" \/><input type=\"hidden\" name=\"_wpcf7_recaptcha_response\" value=\"\" \/>\n<\/fieldset>\n<p><label> \u0130sim<br \/>\n<span class=\"wpcf7-form-control-wrap\" data-name=\"your-name\"><input size=\"40\" maxlength=\"400\" class=\"wpcf7-form-control wpcf7-text wpcf7-validates-as-required\" autocomplete=\"name\" aria-required=\"true\" aria-invalid=\"false\" value=\"\" type=\"text\" name=\"your-name\" \/><\/span> <\/label>\n<\/p>\n<p><label> E-posta<br \/>\n<span class=\"wpcf7-form-control-wrap\" data-name=\"your-email\"><input size=\"40\" maxlength=\"400\" class=\"wpcf7-form-control wpcf7-email wpcf7-validates-as-required wpcf7-text wpcf7-validates-as-email\" autocomplete=\"email\" aria-required=\"true\" aria-invalid=\"false\" value=\"\" type=\"email\" name=\"your-email\" \/><\/span> <\/label>\n<\/p>\n<p><label> Telefon Numaras\u0131<br \/>\n<span class=\"wpcf7-form-control-wrap\" data-name=\"phone-number\"><input size=\"40\" maxlength=\"400\" class=\"wpcf7-form-control wpcf7-tel wpcf7-text wpcf7-validates-as-tel\" autocomplete=\"phone\" aria-invalid=\"false\" value=\"\" type=\"tel\" name=\"phone-number\" \/><\/span> <\/label>\n<\/p>\n<p><label> Vatanda\u015fl\u0131k<br \/>\n<span class=\"wpcf7-form-control-wrap\" data-name=\"text-nationality\"><input size=\"40\" maxlength=\"400\" class=\"wpcf7-form-control wpcf7-text\" aria-invalid=\"false\" value=\"\" type=\"text\" name=\"text-nationality\" \/><\/span> <\/label>\n<\/p>\n<p><label> Hangi fonlarla ilgileniyorsunuz? <\/label><br \/>\n<span class=\"wpcf7-form-control-wrap\" data-name=\"funds\"><span class=\"wpcf7-form-control wpcf7-checkbox\"><span class=\"wpcf7-list-item first\"><input type=\"checkbox\" name=\"funds[]\" value=\"Nature Tourism Development\" \/><span class=\"wpcf7-list-item-label\">Do\u011fa Turizminin Geli\u015ftirilmesi<\/span><\/span><span class=\"wpcf7-list-item\"><input type=\"checkbox\" name=\"funds[]\" value=\"Solaris Ventures\" \/><span class=\"wpcf7-list-item-label\">Solaris Ventures<\/span><\/span><span class=\"wpcf7-list-item\"><input type=\"checkbox\" name=\"funds[]\" value=\"Multiclub Ownership\" \/><span class=\"wpcf7-list-item-label\">\u00c7oklu Kul\u00fcp Sahipli\u011fi<\/span><\/span><span class=\"wpcf7-list-item\"><input type=\"checkbox\" name=\"funds[]\" value=\"Dynamic Investment\" \/><span class=\"wpcf7-list-item-label\">Dinamik Yat\u0131r\u0131m<\/span><\/span><span class=\"wpcf7-list-item last\"><input type=\"checkbox\" name=\"funds[]\" value=\"Green Haverst Capital\" \/><span class=\"wpcf7-list-item-label\">Green Haverst Capital<\/span><\/span><\/span><\/span>\n<\/p>\n<p><label> Mesaj (iste\u011fe ba\u011fl\u0131)<br \/>\n<span class=\"wpcf7-form-control-wrap\" data-name=\"your-message\"><textarea cols=\"40\" rows=\"10\" maxlength=\"2000\" class=\"wpcf7-form-control wpcf7-textarea\" aria-invalid=\"false\" placeholder=\"Bize bir not b\u0131rak\u0131n...\" name=\"your-message\"><\/textarea><\/span> <\/label>\n<\/p>\n\n<p><input class=\"wpcf7-form-control wpcf7-submit has-spinner\" type=\"submit\" value=\"G\u00f6nder\" \/>\n<\/p><div class=\"wpcf7-response-output\" aria-hidden=\"true\"><\/div>\n<input type=\"hidden\" name=\"trp-form-language\" value=\"tr\"\/><\/form>\n<\/div>\n<\/div><\/div><\/div><\/div><div class=\"btQuoteBooking  btQuoteBookingWithColor c69e465623aac4\"  data-admin_email=\"\" data-cf7_id=\"\" data-email_client=\"\" data-email_gdpr=\"\" data-email_gdpr_text=\"\" data-email_gdpr_not_text=\"\" data-email_rtl=\"\" data-currency=\"\u20ac\" data-currency_after=\"\" data-currency_space=\"\" data-url_confirmation=\"\" data-url_ajax=\"https:\/\/finbekgoldenvisa.com\/wp-admin\/admin-ajax.php\" data-subject=\"\" data-email_header=\"\" data-email_footer=\"\" data-date_text=\"Preferred Service Date\" data-time_text=\"Preferred Service Time\" data-message_please_wait=\"Please wait...\" data-message_success=\"Thank you, we will contact you soon!\" data-message_error=\"Error! Please try again later.\" data-message_mandatory=\"Please fill out all required fields.\" data-rec_secret_key=\"\" data-total_text=\"\u0421\u0443\u043c\u043c\u0430\u0440\u043d\u044b\u0439 \u043f\u0440\u043e\u0446\u0435\u043d\u0442\u043d\u044b\u0439 \u0434\u043e\u0445\u043e\u0434\" data-total_format=\"currency_1\" data-total_decimals=\"2\" data-date_format=\"mm\/dd\/yy\" data-bt_cc_nonce=\"13eedd6008\" data-hide_total=\"\"><div class=\"btQuoteBookingWrap\"><div class=\"btQuoteBookingForm btActive\"><div class=\"bt_cc_separator bt_cc_top_spacing_large bt_cc_border_style_none\" id=\"bt_cc_separator69e465623ab0b\" ><\/div><div class=\"btQuoteItem\" id=\"roi\" style=\"disable\"><label>Faiz geliri<\/label>\n\t\t<div class=\"btQuoteItemInput\"><input id=\"disable\" type=\"text\" class=\"btQuoteText btQuoteElement\" data-condition=\"\" data-price=\"1\" value=\"25000\" data-initial-value=\"25000\"\/><div class=\"btQuoteItemDescription\">5% getiri ile 5 y\u0131l boyunca potansiyel toplam yat\u0131r\u0131m getirisi<\/div><\/div><\/div><div class=\"bt_cc_separator bt_cc_top_spacing_normal bt_cc_border_style_none\" id=\"bt_cc_separator69e465623ab50\" ><\/div><div class=\"btTotalNextWrapper\"><div class=\"btQuoteTotal\"><span class=\"btQuoteTotalText\">Toplam faiz geliri<\/span><span class=\"btQuoteTotalCurrency\">\u20ac<\/span><span class=\"btQuoteTotalCalc\"><\/span><\/div><\/div><\/div><\/div><\/div><\/div><div class=\"btClear btSeparator topSmallSpaced bottomSmallSpaced noBorder\" ><hr><\/div><\/div><\/div><\/div><\/div><\/div><\/div><\/div><\/section>","protected":false},"excerpt":{"rendered":"<p>Burada programa kat\u0131l\u0131m maliyetinizi kolayca hesaplayabilir ve Alt\u0131n Vize alman\u0131n mali maliyetini tahmin edebilirsiniz. Hesaplay\u0131c\u0131m\u0131z vergiler, yasal \u00fccretler, vize \u00fccretleri ve di\u011fer masraflar dahil olmak \u00fczere gerekli t\u00fcm maliyetleri dikkate almaktad\u0131r.<\/p>","protected":false},"author":1,"featured_media":3031,"parent":0,"menu_order":0,"comment_status":"closed","ping_status":"closed","template":"","meta":{"footnotes":""},"class_list":["post-1802","page","type-page","status-publish","has-post-thumbnail","hentry"],"_links":{"self":[{"href":"https:\/\/finbekgoldenvisa.com\/tr\/wp-json\/wp\/v2\/pages\/1802","targetHints":{"allow":["GET"]}}],"collection":[{"href":"https:\/\/finbekgoldenvisa.com\/tr\/wp-json\/wp\/v2\/pages"}],"about":[{"href":"https:\/\/finbekgoldenvisa.com\/tr\/wp-json\/wp\/v2\/types\/page"}],"author":[{"embeddable":true,"href":"https:\/\/finbekgoldenvisa.com\/tr\/wp-json\/wp\/v2\/users\/1"}],"replies":[{"embeddable":true,"href":"https:\/\/finbekgoldenvisa.com\/tr\/wp-json\/wp\/v2\/comments?post=1802"}],"version-history":[{"count":33,"href":"https:\/\/finbekgoldenvisa.com\/tr\/wp-json\/wp\/v2\/pages\/1802\/revisions"}],"predecessor-version":[{"id":3171,"href":"https:\/\/finbekgoldenvisa.com\/tr\/wp-json\/wp\/v2\/pages\/1802\/revisions\/3171"}],"wp:featuredmedia":[{"embeddable":true,"href":"https:\/\/finbekgoldenvisa.com\/tr\/wp-json\/wp\/v2\/media\/3031"}],"wp:attachment":[{"href":"https:\/\/finbekgoldenvisa.com\/tr\/wp-json\/wp\/v2\/media?parent=1802"}],"curies":[{"name":"wp","href":"https:\/\/api.w.org\/{rel}","templated":true}]}}